{"id":2999,"date":"2020-04-07T12:13:32","date_gmt":"2020-04-07T12:13:32","guid":{"rendered":"http:\/\/dhondt-insurance.com\/?page_id=2999"},"modified":"2022-02-15T15:42:13","modified_gmt":"2022-02-15T15:42:13","slug":"ba-uitbating-ba-na-levering","status":"publish","type":"page","link":"https:\/\/www.dhondt-insurance.com\/es\/ba-uitbating-ba-na-levering\/","title":{"rendered":"BA uitbating &#038; BA na levering"},"content":{"rendered":"<div class=\"wpb-content-wrapper\"><div class=\"vc_row wpb_row vc_row-fluid wpb_animate_when_almost_visible wpb_fadeIn fadeIn\"><div class=\"wpb_column vc_column_container vc_col-sm-6\"><div class=\"vc_column-inner\"><div class=\"wpb_wrapper\"><\/div><\/div><\/div><div class=\"wpb_column vc_column_container vc_col-sm-6 vc_hidden-xs vc_col-has-fill\"><div class=\"vc_column-inner vc_custom_1644939280145\"><div class=\"wpb_wrapper\">\n\t<div class=\"wpb_text_column wpb_content_element\" >\n\t\t<div class=\"wpb_wrapper\">\n\t\t\t<h4 style=\"padding-left: 40px;\"><\/h4>\n<h4 style=\"text-align: left; padding-left: 40px;\"><span style=\"color: #ffffff;\"><strong>RESPONSABILIDAD<\/strong><\/span><\/h4>\n<p>&nbsp;<\/p>\n<p style=\"text-align: left; padding-left: 40px;\"><a href=\"https:\/\/www.dhondt-insurance.com\/es\/ba-uitbating-ba-na-levering\/\"><span style=\"color: #ffffff;\">&gt; Seguro de RC de explotaci\u00f3n y seguro de RC de productos entregados<\/span><\/a><\/p>\n<p style=\"text-align: left; padding-left: 40px;\"><a href=\"https:\/\/www.dhondt-insurance.com\/es\/bestuurdersaansprakelijkheid-do\/\"><span style=\"color: #ffffff;\">&gt; Seguro de administradores y directivos (D&amp;O)<\/span><\/a><\/p>\n<p style=\"text-align: left; padding-left: 40px;\"><a href=\"https:\/\/www.dhondt-insurance.com\/es\/beroepsaansprakelijkheid\/\"><span style=\"color: #ffffff;\">&gt; Responsabilidad profesional<\/span><\/a><\/p>\n<p style=\"text-align: left; padding-left: 40px;\"><a href=\"https:\/\/www.dhondt-insurance.com\/es\/objectieve-aansprakelijkheid\/\"><span style=\"color: #ffffff;\">&gt; Responsabilidad objetiva<\/span><\/a><\/p>\n<p style=\"text-align: left; padding-left: 40px;\"><a href=\"https:\/\/www.dhondt-insurance.com\/es\/contaminatieverzekering-recall\/\"><span style=\"color: #ffffff;\">&gt; Retirada de productos<\/span><\/a><\/p>\n<p style=\"text-align: left; padding-left: 40px;\"><a href=\"https:\/\/www.dhondt-insurance.com\/es\/milieu-aansprakelijkheidsverzekering\/\"><span style=\"color: #ffffff;\">&gt; Seguro de responsabilidad medioambiental<\/span><\/a><\/p>\n\n\t\t<\/div>\n\t<\/div>\n<\/div><\/div><\/div><\/div><div class=\"vc_row wpb_row vc_row-fluid wpb_animate_when_almost_visible wpb_fadeIn fadeIn\"><div class=\"wpb_column vc_column_container vc_col-sm-12\"><div class=\"vc_column-inner\"><div class=\"wpb_wrapper\"><div class=\"vc_row wpb_row vc_inner vc_row-fluid vc_custom_1569482474546\"><div class=\"wpb_column vc_column_container vc_col-sm-12\"><div class=\"vc_column-inner\"><div class=\"wpb_wrapper\"> <h3 style=\"color:#0077c6;padding:px;text-align:;font-size:px;line-height:px;letter-spacing: 4px;font-weight:bold\" class=\"nd_options_second_font\">&gt; SEGURO DE RC DE EXPLOTACI\u00d3N Y SEGURO DE RC DE PRODUCTOS ENTREGADOS<\/h3> <div style=\"background-color:;height: 50px\" class=\"nicdark_section\"><\/div><\/div><\/div><\/div><\/div><div class=\"vc_row wpb_row vc_inner vc_row-fluid\"><div class=\"wpb_column vc_column_container vc_col-sm-12\"><div class=\"vc_column-inner\"><div class=\"wpb_wrapper\"><div style=\"background-color:;height: 25px\" class=\"nicdark_section\"><\/div>\n\t<div class=\"wpb_text_column wpb_content_element\" >\n\t\t<div class=\"wpb_wrapper\">\n\t\t\t<p><em>El seguro de RC de explotaci\u00f3n se suele considerar como el seguro \u00abfamiliar\u00bb del mundo empresarial. Al fin y al cabo, esta p\u00f3liza cubre todos los da\u00f1os a terceros causados en la empresa o fuera de la misma. Las cantidades reclamadas a menudo se disparan, por lo que un seguro de RC de explotaci\u00f3n es necesario para cualquier empresa moderna. <\/em><\/p>\n\n\t\t<\/div>\n\t<\/div>\n<\/div><\/div><\/div><\/div><div style=\"background-color:;height: 25px\" class=\"nicdark_section\"><\/div><div style=\"background-color:#0077c6;height: 1px\" class=\"nicdark_section\"><\/div><div class=\"vc_row wpb_row vc_inner vc_row-fluid\"><div class=\"wpb_column vc_column_container vc_col-sm-12\"><div class=\"vc_column-inner\"><div class=\"wpb_wrapper\"><div style=\"background-color:;height: 50px\" class=\"nicdark_section\"><\/div>\n\t<div class=\"wpb_text_column wpb_content_element\" >\n\t\t<div class=\"wpb_wrapper\">\n\t\t\t<h5><strong>Asegurar los da\u00f1os a terceros<\/strong><\/h5>\n<p>&nbsp;<\/p>\n<p>&nbsp;<\/p>\n<p>Este seguro de responsabilidad civil interviene cuando uno de sus empleados causa da\u00f1os o lesiones a terceros y cubre tanto las lesiones f\u00edsicas como los da\u00f1os materiales e inmateriales.<\/p>\n<p>Como nadie sabe de antemano a cu\u00e1nto ascender\u00e1 el coste de los da\u00f1os, con este seguro no tendr\u00e1 que preocuparse por la continuidad de su empresa. <a href=\"https:\/\/www.dhondt-insurance.com\/es\/contact\/\"><span style=\"color: #0077c6;\">Contacte<\/span> ons<\/a> con nosotros para obtener m\u00e1s informaci\u00f3n o para contratar una p\u00f3liza que se adapte a sus actividades. Para las empresas de alimentos, por ejemplo, combinarla con una <span style=\"color: #0077c6;\"><a style=\"color: #0077c6;\" href=\"https:\/\/www.dhondt-insurance.com\/es\/contaminatieverzekering-recall\/\">p\u00f3liza de retirada<\/a>de productos<\/span> puede ser interesante.<\/p>\n\n\t\t<\/div>\n\t<\/div>\n<\/div><\/div><\/div><\/div><div class=\"vc_row wpb_row vc_inner vc_row-fluid vc_custom_1569482474546\"><div class=\"wpb_column vc_column_container vc_col-sm-12\"><div class=\"vc_column-inner\"><div class=\"wpb_wrapper\"><div style=\"background-color:#0077c6;height: 1px\" class=\"nicdark_section\"><\/div><\/div><\/div><\/div><\/div><div class=\"vc_row wpb_row vc_inner vc_row-fluid vc_custom_1644939591731 vc_row-has-fill\"><div class=\"wpb_column vc_column_container vc_col-sm-8\"><div class=\"vc_column-inner\"><div class=\"wpb_wrapper\"> <p style=\"color:#2d2d2d;padding:px;text-align:;font-size:16px;line-height:px;letter-spacing: px;font-weight:bold\" class=\"\">\u00bfQu\u00e9 cubre?<\/p> <div style=\"background-color:;height: 10px\" class=\"nicdark_section\"><\/div><div style=\"background-color:;height: 20px\" class=\"nicdark_section\"><\/div>\n\t<div class=\"wpb_text_column wpb_content_element\" >\n\t\t<div class=\"wpb_wrapper\">\n\t\t\t<p>SEGURO DE RC DE EXPLOTACI\u00d3N:<\/p>\n<p>Se trata de los da\u00f1os causados a terceros por personas, tanto dentro de la empresa (por ejemplo, los proveedores) como fuera de ella (por ejemplo, cuando se trabaja para terceros).<\/p>\n<ul>\n<li>Da\u00f1os f\u00edsicos<\/li>\n<li>Da\u00f1os materiales<\/li>\n<li>Da\u00f1os inmateriales (sean o no consecuencia de los da\u00f1os antes mencionados)<\/li>\n<\/ul>\n\n\t\t<\/div>\n\t<\/div>\n<div style=\"background-color:;height: 10px\" class=\"nicdark_section\"><\/div><div style=\"background-color:#f1f1f1;height: 1px\" class=\"nicdark_section\"><\/div><div style=\"background-color:;height: 10px\" class=\"nicdark_section\"><\/div>\n\t<div class=\"wpb_text_column wpb_content_element\" >\n\t\t<div class=\"wpb_wrapper\">\n\t\t\t<p>SEGURO DE RC DE PRODUCTOS ENTREGADOS:<\/p>\n<ul>\n<li>Responsabilidad de productos: productos despu\u00e9s de la entrega<\/li>\n<li>Gebrekkig uitgevoerde werken<\/li>\n<\/ul>\n\n\t\t<\/div>\n\t<\/div>\n<div style=\"background-color:;height: 10px\" class=\"nicdark_section\"><\/div><div style=\"background-color:;height: 10px\" class=\"nicdark_section\"><\/div> <p style=\"color:#2d2d2d;padding:px;text-align:;font-size:16px;line-height:px;letter-spacing: px;font-weight:bold\" class=\"\">Mogelijke uitbreidingen<\/p> <div style=\"background-color:;height: 10px\" class=\"nicdark_section\"><\/div><div style=\"background-color:;height: 20px\" class=\"nicdark_section\"><\/div>\n\t<div class=\"wpb_text_column wpb_content_element\" >\n\t\t<div class=\"wpb_wrapper\">\n\t\t\t<p>Responsabilidad de productos: productos despu\u00e9s de la entrega<\/p>\n<p>&nbsp;<\/p>\n<p>Obras ejecutadas inadecuadamente<\/p>\n\n\t\t<\/div>\n\t<\/div>\n<\/div><\/div><\/div><div class=\"wpb_column vc_column_container vc_col-sm-4\"><div class=\"vc_column-inner\"><div class=\"wpb_wrapper\"><\/div><\/div><\/div><\/div><\/div><\/div><\/div><\/div><div data-vc-full-width=\"true\" data-vc-full-width-init=\"false\" class=\"vc_row wpb_row vc_row-fluid wpb_animate_when_almost_visible wpb_fadeIn fadeIn vc_custom_1644939290616 vc_row-has-fill\"><div class=\"wpb_column vc_column_container vc_col-sm-3\"><div class=\"vc_column-inner\"><div class=\"wpb_wrapper\">\n\t<div class=\"wpb_text_column wpb_content_element\" >\n\t\t<div class=\"wpb_wrapper\">\n\t\t\t<p><span style=\"color: #ffffff;\"><a style=\"color: #ffffff;\" href=\"https:\/\/www.dhondt-insurance.com\/es\/producten\/\">&lt; Ver otros productos<\/a><\/span><\/p>\n\n\t\t<\/div>\n\t<\/div>\n<\/div><\/div><\/div><div class=\"wpb_column vc_column_container vc_col-sm-6\"><div class=\"vc_column-inner\"><div class=\"wpb_wrapper\"><\/div><\/div><\/div><div class=\"wpb_column vc_column_container vc_col-sm-3\"><div class=\"vc_column-inner\"><div class=\"wpb_wrapper\">\n\t<div class=\"wpb_text_column wpb_content_element\" >\n\t\t<div class=\"wpb_wrapper\">\n\t\t\t<p><a href=\"https:\/\/www.dhondt-insurance.com\/es\/contact\/\"><span style=\"color: #ffffff;\">Contacte con nosotros &gt;<\/span><\/a><\/p>\n\n\t\t<\/div>\n\t<\/div>\n<\/div><\/div><\/div><\/div><div class=\"vc_row-full-width vc_clearfix\"><\/div>\n<\/div>","protected":false},"excerpt":{"rendered":"AANSPRAKELIJKHEID &nbsp; &gt; BA Uitbating &amp; BA na Levering &gt; Bestuurdersaansprakelijkheid (D&amp;O) &gt; Beroepsaansprakelijkheid &gt; Objectieve aansprakelijkheid &gt; Contaminatieverzekering (Recall) &gt; Milieu-aansprakelijkheidsverzekering &gt; BA UITBATING &amp; BA NA LEVERING BA uitbating wordt wel eens aanzien als de \u2018familiale\u2019 verzekering voor de bedrijfswereld. Deze polis dekt immers alle schade aan derden die binnen of buiten het [...]","protected":false},"author":1,"featured_media":0,"parent":0,"menu_order":0,"comment_status":"closed","ping_status":"closed","template":"","meta":{"footnotes":""},"class_list":["post-2999","page","type-page","status-publish","hentry"],"_links":{"self":[{"href":"https:\/\/www.dhondt-insurance.com\/es\/wp-json\/wp\/v2\/pages\/2999","targetHints":{"allow":["GET"]}}],"collection":[{"href":"https:\/\/www.dhondt-insurance.com\/es\/wp-json\/wp\/v2\/pages"}],"about":[{"href":"https:\/\/www.dhondt-insurance.com\/es\/wp-json\/wp\/v2\/types\/page"}],"author":[{"embeddable":true,"href":"https:\/\/www.dhondt-insurance.com\/es\/wp-json\/wp\/v2\/users\/1"}],"replies":[{"embeddable":true,"href":"https:\/\/www.dhondt-insurance.com\/es\/wp-json\/wp\/v2\/comments?post=2999"}],"version-history":[{"count":0,"href":"https:\/\/www.dhondt-insurance.com\/es\/wp-json\/wp\/v2\/pages\/2999\/revisions"}],"wp:attachment":[{"href":"https:\/\/www.dhondt-insurance.com\/es\/wp-json\/wp\/v2\/media?parent=2999"}],"curies":[{"name":"wp","href":"https:\/\/api.w.org\/{rel}","templated":true}]}}