{"id":2445,"date":"2019-10-10T10:44:50","date_gmt":"2019-10-10T10:44:50","guid":{"rendered":"http:\/\/www.nicdarkthemes.com\/themes\/construction\/wp\/demo\/construction\/?page_id=1126"},"modified":"2021-12-13T11:04:44","modified_gmt":"2021-12-13T11:04:44","slug":"schadepreventie","status":"publish","type":"page","link":"https:\/\/www.dhondt-insurance.com\/es\/schadepreventie\/","title":{"rendered":"Prevenci\u00f3n de da\u00f1os"},"content":{"rendered":"<div class=\"wpb-content-wrapper\"><div class=\"vc_row wpb_row vc_row-fluid\"><div class=\"wpb_column vc_column_container vc_col-sm-12 vc_hidden-xs\"><div class=\"vc_column-inner\"><div class=\"wpb_wrapper\"><div style=\"background-color:;height: 50px\" class=\"nicdark_section\"><\/div> <h3 style=\"color:#00599e;padding:px;text-align:;font-size:px;line-height:px;letter-spacing: 4px;font-weight:bold\" class=\"nd_options_second_font\">&gt; PREVENCI\u00d3N DE DA\u00d1OS<\/h3> <div style=\"background-color:;height: 50px\" class=\"nicdark_section\"><\/div><\/div><\/div><\/div><\/div><div class=\"vc_row wpb_row vc_row-fluid\"><div class=\"wpb_column vc_column_container vc_col-sm-12 vc_hidden-lg vc_hidden-md vc_hidden-sm\"><div class=\"vc_column-inner\"><div class=\"wpb_wrapper\"><div style=\"background-color:;height: 50px\" class=\"nicdark_section\"><\/div> <h3 style=\"color:#00599e;padding:px;text-align:;font-size:18px;line-height:px;letter-spacing: 4px;font-weight:bold\" class=\"nd_options_second_font\">&gt; PREVENCI\u00d3N DE DA\u00d1OS<\/h3> <div style=\"background-color:;height: 50px\" class=\"nicdark_section\"><\/div><\/div><\/div><\/div><\/div><div class=\"vc_row wpb_row vc_row-fluid wpb_animate_when_almost_visible wpb_fadeIn fadeIn\"><div class=\"wpb_column vc_column_container vc_col-sm-6\"><div class=\"vc_column-inner\"><div class=\"wpb_wrapper\"><div style=\"background-color:;height: 50px\" class=\"nicdark_section\"><\/div>\n\t<div  class=\"wpb_single_image wpb_content_element vc_align_left wpb_content_element\">\n\t\t\n\t\t<figure class=\"wpb_wrapper vc_figure\">\n\t\t\t<div class=\"vc_single_image-wrapper   vc_box_border_grey\"><img loading=\"lazy\" decoding=\"async\" width=\"2560\" height=\"1821\" src=\"https:\/\/www.dhondt-insurance.com\/wp-content\/uploads\/2020\/11\/AdobeStock_270133102-scaled.jpeg\" class=\"vc_single_image-img attachment-full\" alt=\"\" title=\"truck driver walking around semi truck his inspecting safety of the truck.\" srcset=\"https:\/\/www.dhondt-insurance.com\/wp-content\/uploads\/2020\/11\/AdobeStock_270133102-scaled.jpeg 2560w, https:\/\/www.dhondt-insurance.com\/wp-content\/uploads\/2020\/11\/AdobeStock_270133102-300x213.jpeg 300w, https:\/\/www.dhondt-insurance.com\/wp-content\/uploads\/2020\/11\/AdobeStock_270133102-1024x728.jpeg 1024w, https:\/\/www.dhondt-insurance.com\/wp-content\/uploads\/2020\/11\/AdobeStock_270133102-768x546.jpeg 768w, https:\/\/www.dhondt-insurance.com\/wp-content\/uploads\/2020\/11\/AdobeStock_270133102-1536x1093.jpeg 1536w, https:\/\/www.dhondt-insurance.com\/wp-content\/uploads\/2020\/11\/AdobeStock_270133102-2048x1457.jpeg 2048w, https:\/\/www.dhondt-insurance.com\/wp-content\/uploads\/2020\/11\/AdobeStock_270133102-16x12.jpeg 16w\" sizes=\"auto, (max-width: 2560px) 100vw, 2560px\" \/><\/div>\n\t\t<\/figure>\n\t<\/div>\n<\/div><\/div><\/div><div class=\"wpb_column vc_column_container vc_col-sm-6\"><div class=\"vc_column-inner\"><div class=\"wpb_wrapper\"><div style=\"background-color:;height: 50px\" class=\"nicdark_section\"><\/div> <h2 style=\"color:#2d2d2d;padding:px;text-align:;font-size:25px;line-height:40px;letter-spacing: px;font-weight:bold\" class=\"nd_options_second_font\">La prevenci\u00f3n como la nueva forma de seguro<\/h2> <div style=\"background-color:;height: 50px\" class=\"nicdark_section\"><\/div>\n\t<div class=\"wpb_text_column wpb_content_element\" >\n\t\t<div class=\"wpb_wrapper\">\n\t\t\t<p><em>Prevenir es, y sigue siendo, mejor que curar. En sectores como el de los autobuses y el transporte, el n\u00famero de aseguradoras es muy limitado. Unas buenas cifras en cuanto a siniestros y la continua evoluci\u00f3n hacia un menor n\u00famero de siniestros es esencial para mantenerse asegurado de una manera competitiva. <\/em><em>Por eso, en colaboraci\u00f3n con iMob (que naci\u00f3 en la Universidad de Hasselt), desarrollamos la herramienta de prevenci\u00f3n Safe.T para empresas con una flota de 20 o m\u00e1s veh\u00edculos.<\/em><\/p>\n\n\t\t<\/div>\n\t<\/div>\n<div style=\"background-color:;height: 25px\" class=\"nicdark_section\"><\/div><\/div><\/div><\/div><\/div><div class=\"vc_row wpb_row vc_row-fluid wpb_animate_when_almost_visible wpb_fadeIn fadeIn\"><div class=\"wpb_column vc_column_container vc_col-sm-12\"><div class=\"vc_column-inner\"><div class=\"wpb_wrapper\"><div style=\"background-color:;height: 50px\" class=\"nicdark_section\"><\/div> <h2 style=\"color:#2d2d2d;padding:px;text-align:;font-size:25px;line-height:px;letter-spacing: px;font-weight:bold\" class=\"nd_options_second_font\">Safe.T<\/h2> <div style=\"background-color:;height: 25px\" class=\"nicdark_section\"><\/div>\n\t<div class=\"wpb_text_column wpb_content_element\" >\n\t\t<div class=\"wpb_wrapper\">\n\t\t\t<p>Le ofrece, como empresa de transporte, una visi\u00f3n de 3 partes esenciales de su organizaci\u00f3n:<\/p>\n\n\t\t<\/div>\n\t<\/div>\n<div style=\"background-color:;height: 25px\" class=\"nicdark_section\"><\/div><\/div><\/div><\/div><\/div><div data-vc-full-width=\"true\" data-vc-full-width-init=\"false\" class=\"vc_row wpb_row vc_row-fluid wpb_animate_when_almost_visible wpb_fadeIn fadeIn vc_custom_1604398229160 vc_row-has-fill\"><div class=\"wpb_column vc_column_container vc_col-sm-12\"><div class=\"vc_column-inner\"><div class=\"wpb_wrapper\"><div class=\"vc_row wpb_row vc_inner vc_row-fluid vc_row-o-equal-height vc_row-flex\"><div class=\"wpb_column vc_column_container vc_col-sm-6\"><div class=\"vc_column-inner\"><div class=\"wpb_wrapper\"><div style=\"background-color:;height: 50px\" class=\"nicdark_section\"><\/div>\n\n  <!--START FOCUS NUMBER-->\n  <div class=\"nd_options_section nd_options_focus_number_2_vertical_line nd_options_position_relative nd_options_box_sizing_border_box\">\n    \n    <p style=\"background-color:#0066bf\" class=\"nd_options_first_font nd_options_z_index_99 nd_options_border_radius_20 nd_options_padding_5_10 nd_options_box_sizing_border_box nd_options_color_white nd_options_text_align_center nd_options_width_80 nd_options_position_absolute nd_options_top_15 nd_options_left_20 nd_options_font_size_17\">\n      1\n    <\/p>\n\n    <div class=\"nd_options_section nd_options_padding_left_120 nd_options_box_sizing_border_box\">\n        <h3 class=\"nd_options_margin_top_20\">Siniestros<\/h3>                        \n        <div class=\"nd_options_section nd_options_height_20\"><\/div>\n        <p class=\"nd_options_margin_bottom_10\">\u00bfD\u00f3nde, cu\u00e1ndo y c\u00f3mo sale mal? \u00bfCu\u00e1les son las principales causas? \u00bfQui\u00e9nes son los mayores saboteadores?<\/p>\n    <\/div>\n\n  <\/div>\n  <!--END FOCUS NUMBER-->\n\n   <div style=\"background-color:;height: 25px\" class=\"nicdark_section\"><\/div><\/div><\/div><\/div><div class=\"wpb_column vc_column_container vc_col-sm-6 vc_hidden-xs\"><div class=\"vc_column-inner\"><div class=\"wpb_wrapper\"><div style=\"background-color:#fcfcfc;height: 50px\" class=\"nicdark_section\"><\/div>\n    <div style=\"text-align:center\" class=\"nd_options_section\">\n      <img decoding=\"async\" alt=\"\" style=\"width:30%\" class=\"nd_options_margin_0 nd_options_padding_0\" src=\"https:\/\/www.dhondt-insurance.com\/wp-content\/uploads\/2020\/11\/fot2.png\">\n    <\/div>\n   <div style=\"background-color:#fcfcfc;height: 25px\" class=\"nicdark_section\"><\/div><\/div><\/div><\/div><\/div><\/div><\/div><\/div><\/div><div class=\"vc_row-full-width vc_clearfix\"><\/div><div data-vc-full-width=\"true\" data-vc-full-width-init=\"false\" class=\"vc_row wpb_row vc_row-fluid wpb_animate_when_almost_visible wpb_fadeIn fadeIn\"><div class=\"wpb_column vc_column_container vc_col-sm-12\"><div class=\"vc_column-inner\"><div class=\"wpb_wrapper\"><div class=\"vc_row wpb_row vc_inner vc_row-fluid\"><div class=\"wpb_column vc_column_container vc_col-sm-6 vc_col-has-fill\"><div class=\"vc_column-inner vc_custom_1604311270533\"><div class=\"wpb_wrapper\"><div style=\"background-color:;height: 25px\" class=\"nicdark_section\"><\/div>\n    <div style=\"text-align:center\" class=\"nd_options_section\">\n      <img decoding=\"async\" alt=\"\" style=\"width:30%\" class=\"nd_options_margin_0 nd_options_padding_0\" src=\"https:\/\/www.dhondt-insurance.com\/wp-content\/uploads\/2020\/11\/2..png\">\n    <\/div>\n   <div style=\"background-color:;height: 25px\" class=\"nicdark_section\"><\/div><\/div><\/div><\/div><div class=\"wpb_column vc_column_container vc_col-sm-6\"><div class=\"vc_column-inner\"><div class=\"wpb_wrapper\"><div style=\"background-color:;height: 50px\" class=\"nicdark_section\"><\/div>\n\n  <!--START FOCUS NUMBER-->\n  <div class=\"nd_options_section nd_options_focus_number_2_vertical_line nd_options_position_relative nd_options_box_sizing_border_box\">\n    \n    <p style=\"background-color:#4c89bf\" class=\"nd_options_first_font nd_options_z_index_99 nd_options_border_radius_20 nd_options_padding_5_10 nd_options_box_sizing_border_box nd_options_color_white nd_options_text_align_center nd_options_width_80 nd_options_position_absolute nd_options_top_15 nd_options_left_20 nd_options_font_size_17\">\n      2.\n    <\/p>\n\n    <div class=\"nd_options_section nd_options_padding_left_120 nd_options_box_sizing_border_box\">\n        <h3 class=\"nd_options_margin_top_20\">Incidentes<\/h3>                        \n        <div class=\"nd_options_section nd_options_height_20\"><\/div>\n        <p class=\"nd_options_margin_bottom_10\">La actitud de sus conductores tambi\u00e9n dice mucho sobre su seriedad profesional. Aqu\u00ed mapeamos varios asuntos: desde multas hasta la correcta realizaci\u00f3n de un CMR hasta la limpieza de una cabina \/ veh\u00edculo.<\/p>\n    <\/div>\n\n  <\/div>\n  <!--END FOCUS NUMBER-->\n\n   <div style=\"background-color:;height: 25px\" class=\"nicdark_section\"><\/div><\/div><\/div><\/div><\/div><\/div><\/div><\/div><\/div><div class=\"vc_row-full-width vc_clearfix\"><\/div><div data-vc-full-width=\"true\" data-vc-full-width-init=\"false\" data-vc-parallax=\"1.5\" class=\"vc_row wpb_row vc_row-fluid wpb_animate_when_almost_visible wpb_fadeIn fadeIn vc_custom_1604329061766 vc_row-has-fill vc_general vc_parallax vc_parallax-content-moving\"><div class=\"wpb_column vc_column_container vc_col-sm-12\"><div class=\"vc_column-inner\"><div class=\"wpb_wrapper\"><div class=\"vc_row wpb_row vc_inner vc_row-fluid vc_row-o-equal-height vc_row-flex\"><div class=\"wpb_column vc_column_container vc_col-sm-6 vc_hidden-lg vc_hidden-md vc_hidden-sm vc_hidden-xs\"><div class=\"vc_column-inner\"><div class=\"wpb_wrapper\"><div style=\"background-color:;height: 50px\" class=\"nicdark_section\"><\/div>\n\n  <!--START FOCUS NUMBER-->\n  <div class=\"nd_options_section nd_options_focus_number_2_vertical_line nd_options_position_relative nd_options_box_sizing_border_box\">\n    \n    <p style=\"background-color:#0066bf\" class=\"nd_options_first_font nd_options_z_index_99 nd_options_border_radius_20 nd_options_padding_5_10 nd_options_box_sizing_border_box nd_options_color_white nd_options_text_align_center nd_options_width_80 nd_options_position_absolute nd_options_top_15 nd_options_left_20 nd_options_font_size_17\">\n      1\n    <\/p>\n\n    <div class=\"nd_options_section nd_options_padding_left_120 nd_options_box_sizing_border_box\">\n        <h3 class=\"nd_options_margin_top_20\">Siniestros<\/h3>                        \n        <div class=\"nd_options_section nd_options_height_20\"><\/div>\n        <p class=\"nd_options_margin_bottom_10\">\u00bfD\u00f3nde, cu\u00e1ndo y c\u00f3mo sale mal? \u00bfCu\u00e1les son las principales causas? \u00bfQui\u00e9nes son los mayores saboteadores?<\/p>\n    <\/div>\n\n  <\/div>\n  <!--END FOCUS NUMBER-->\n\n   <div style=\"background-color:;height: 25px\" class=\"nicdark_section\"><\/div><\/div><\/div><\/div><div class=\"wpb_column vc_column_container vc_col-sm-6 vc_hidden-lg vc_hidden-md vc_hidden-sm\"><div class=\"vc_column-inner\"><div class=\"wpb_wrapper\"><div style=\"background-color:#fcfcfc;height: 50px\" class=\"nicdark_section\"><\/div>\n    <div style=\"text-align:center\" class=\"nd_options_section\">\n      <img decoding=\"async\" alt=\"\" style=\"width:30%\" class=\"nd_options_margin_0 nd_options_padding_0\" src=\"https:\/\/www.dhondt-insurance.com\/wp-content\/uploads\/2020\/11\/fot2.png\">\n    <\/div>\n   <div style=\"background-color:#fcfcfc;height: 25px\" class=\"nicdark_section\"><\/div><\/div><\/div><\/div><\/div><div class=\"vc_row wpb_row vc_inner vc_row-fluid\"><div class=\"wpb_column vc_column_container vc_col-sm-6\"><div class=\"vc_column-inner\"><div class=\"wpb_wrapper\"><div style=\"background-color:;height: 25px\" class=\"nicdark_section\"><\/div>\n\n  <!--START FOCUS NUMBER-->\n  <div class=\"nd_options_section nd_options_focus_number_2_vertical_line nd_options_position_relative nd_options_box_sizing_border_box\">\n    \n    <p style=\"background-color:#879fbf\" class=\"nd_options_first_font nd_options_z_index_99 nd_options_border_radius_20 nd_options_padding_5_10 nd_options_box_sizing_border_box nd_options_color_white nd_options_text_align_center nd_options_width_80 nd_options_position_absolute nd_options_top_15 nd_options_left_20 nd_options_font_size_17\">\n      3.\n    <\/p>\n\n    <div class=\"nd_options_section nd_options_padding_left_120 nd_options_box_sizing_border_box\">\n        <h3 class=\"nd_options_margin_top_20\">Conducci\u00f3n ecol\u00f3gica<\/h3>                        \n        <div class=\"nd_options_section nd_options_height_20\"><\/div>\n        <p class=\"nd_options_margin_bottom_10\">Mantener bajo control el consumo medio, pocas paradas de emergencia, etc. Diferentes aspectos del estilo de conducci\u00f3n del conductor pueden aportar mucha informaci\u00f3n. El conductor, a su vez, est\u00e1 motivado por un proceso de aprendizaje continuo.<\/p>\n    <\/div>\n\n  <\/div>\n  <!--END FOCUS NUMBER-->\n\n   <div style=\"background-color:;height: 50px\" class=\"nicdark_section\"><\/div><\/div><\/div><\/div><div class=\"wpb_column vc_column_container vc_col-sm-6 vc_col-has-fill\"><div class=\"vc_column-inner vc_custom_1604324982550\"><div class=\"wpb_wrapper\"><div style=\"background-color:;height: 25px\" class=\"nicdark_section\"><\/div>\n    <div style=\"text-align:center\" class=\"nd_options_section\">\n      <img decoding=\"async\" alt=\"\" style=\"width:30%\" class=\"nd_options_margin_0 nd_options_padding_0\" src=\"https:\/\/www.dhondt-insurance.com\/wp-content\/uploads\/2020\/11\/eco-1.png\">\n    <\/div>\n   <div style=\"background-color:;height: 50px\" class=\"nicdark_section\"><\/div><\/div><\/div><\/div><\/div><\/div><\/div><\/div><\/div><div class=\"vc_row-full-width vc_clearfix\"><\/div><div data-vc-full-width=\"true\" data-vc-full-width-init=\"false\" data-vc-parallax=\"1\" data-vc-parallax-image=\"https:\/\/www.dhondt-insurance.com\/wp-content\/uploads\/2020\/11\/AdobeStock_285576598-scaled.jpeg\" class=\"vc_row wpb_row vc_row-fluid wpb_animate_when_almost_visible wpb_fadeIn fadeIn vc_row-has-fill vc_general vc_parallax vc_parallax-content-moving\"><div class=\"wpb_column vc_column_container vc_col-sm-12\"><div class=\"vc_column-inner\"><div class=\"wpb_wrapper\"><div class=\"vc_row wpb_row vc_inner vc_row-fluid\"><div class=\"wpb_column vc_column_container vc_col-sm-6\"><div class=\"vc_column-inner\"><div class=\"wpb_wrapper\"><div style=\"background-color:;height: 100px\" class=\"nicdark_section\"><\/div> <h2 style=\"color:#ffffff;padding:px;text-align:;font-size:25px;line-height:px;letter-spacing: px;font-weight:bold\" class=\"nd_options_second_font\">\u00bfPara qui\u00e9n?<\/h2> <div style=\"background-color:;height: 25px\" class=\"nicdark_section\"><\/div>\n\t<div class=\"wpb_text_column wpb_content_element\" >\n\t\t<div class=\"wpb_wrapper\">\n\t\t\t<p><span style=\"color: #ffffff;\">El uso de Safe.T es interesante para empresas con 20 veh\u00edculos o m\u00e1s. Pueden ser cabezas tractoras y camiones ligeros, pero tambi\u00e9n una flota de veh\u00edculos de pasajeros o incluso de autobuses.<\/span><\/p>\n\n\t\t<\/div>\n\t<\/div>\n<div style=\"background-color:;height: 100px\" class=\"nicdark_section\"><\/div><\/div><\/div><\/div><div class=\"wpb_column vc_column_container vc_col-sm-6\"><div class=\"vc_column-inner\"><div class=\"wpb_wrapper\"><div style=\"background-color:;height: 100px\" class=\"nicdark_section\"><\/div>\n\t<div  class=\"wpb_single_image wpb_content_element vc_align_center wpb_content_element\">\n\t\t\n\t\t<figure class=\"wpb_wrapper vc_figure\">\n\t\t\t<div class=\"vc_single_image-wrapper   vc_box_border_grey\"><img loading=\"lazy\" decoding=\"async\" width=\"300\" height=\"152\" src=\"https:\/\/www.dhondt-insurance.com\/wp-content\/uploads\/2020\/11\/pil-300x152.png\" class=\"vc_single_image-img attachment-medium\" alt=\"\" title=\"pil\" srcset=\"https:\/\/www.dhondt-insurance.com\/wp-content\/uploads\/2020\/11\/pil-300x152.png 300w, https:\/\/www.dhondt-insurance.com\/wp-content\/uploads\/2020\/11\/pil-1024x517.png 1024w, https:\/\/www.dhondt-insurance.com\/wp-content\/uploads\/2020\/11\/pil-768x388.png 768w, https:\/\/www.dhondt-insurance.com\/wp-content\/uploads\/2020\/11\/pil-16x8.png 16w, https:\/\/www.dhondt-insurance.com\/wp-content\/uploads\/2020\/11\/pil.png 1184w\" sizes=\"auto, (max-width: 300px) 100vw, 300px\" \/><\/div>\n\t\t<\/figure>\n\t<\/div>\n<div style=\"background-color:;height: 100px\" class=\"nicdark_section\"><\/div><\/div><\/div><\/div><\/div><\/div><\/div><\/div><\/div><div class=\"vc_row-full-width vc_clearfix\"><\/div><div data-vc-full-width=\"true\" data-vc-full-width-init=\"false\" class=\"vc_row wpb_row vc_row-fluid wpb_animate_when_almost_visible wpb_fadeIn fadeIn vc_custom_1604329132748 vc_row-has-fill\"><div class=\"wpb_column vc_column_container vc_col-sm-12\"><div class=\"vc_column-inner\"><div class=\"wpb_wrapper\"><div class=\"vc_row wpb_row vc_inner vc_row-fluid\"><div class=\"wpb_column vc_column_container vc_col-sm-6\"><div class=\"vc_column-inner\"><div class=\"wpb_wrapper\"><div style=\"background-color:;height: 50px\" class=\"nicdark_section\"><\/div>\n\t<div  class=\"wpb_single_image wpb_content_element vc_align_left wpb_content_element\">\n\t\t\n\t\t<figure class=\"wpb_wrapper vc_figure\">\n\t\t\t<div class=\"vc_single_image-wrapper   vc_box_border_grey\"><img loading=\"lazy\" decoding=\"async\" width=\"300\" height=\"172\" src=\"https:\/\/www.dhondt-insurance.com\/wp-content\/uploads\/2020\/11\/pc-300x172.png\" class=\"vc_single_image-img attachment-medium\" alt=\"\" title=\"pc\" srcset=\"https:\/\/www.dhondt-insurance.com\/wp-content\/uploads\/2020\/11\/pc-300x172.png 300w, https:\/\/www.dhondt-insurance.com\/wp-content\/uploads\/2020\/11\/pc-16x9.png 16w, https:\/\/www.dhondt-insurance.com\/wp-content\/uploads\/2020\/11\/pc.png 385w\" sizes=\"auto, (max-width: 300px) 100vw, 300px\" \/><\/div>\n\t\t<\/figure>\n\t<\/div>\n<div style=\"background-color:;height: 50px\" class=\"nicdark_section\"><\/div><\/div><\/div><\/div><div class=\"wpb_column vc_column_container vc_col-sm-6\"><div class=\"vc_column-inner\"><div class=\"wpb_wrapper\"><div style=\"background-color:;height: 25px\" class=\"nicdark_section\"><\/div> <h2 style=\"color:#2d2d2d;padding:px;text-align:;font-size:25px;line-height:px;letter-spacing: px;font-weight:bold\" class=\"nd_options_second_font\">\u00bfPor qu\u00e9 Safe.T?<\/h2> <div style=\"background-color:;height: 50px\" class=\"nicdark_section\"><\/div>\n\t<div class=\"wpb_text_column wpb_content_element\" >\n\t\t<div class=\"wpb_wrapper\">\n\t\t\t<p>Como herramienta de RR. HH., Safe.T es el complemento perfecto para nuestro sistema de gesti\u00f3n de flota, Mobility. En Mobility, todas las p\u00f3lizas y siniestros est\u00e1n agrupados. A trav\u00e9s de este informe, en Safe.T se puede desarrollar un plan de prevenci\u00f3n concreto que responda a la causa del da\u00f1o, al comportamiento de conducci\u00f3n del conductor, etc. El conductor ve sus retos personales en la aplicaci\u00f3n y se le orienta constantemente mediante principios de gamificaci\u00f3n.<\/p>\n\n\t\t<\/div>\n\t<\/div>\n<div style=\"background-color:;height: 50px\" class=\"nicdark_section\"><\/div><\/div><\/div><\/div><\/div><\/div><\/div><\/div><\/div><div class=\"vc_row-full-width vc_clearfix\"><\/div><div data-vc-full-width=\"true\" data-vc-full-width-init=\"false\" data-vc-parallax=\"1.5\" class=\"vc_row wpb_row vc_row-fluid wpb_animate_when_almost_visible wpb_fadeIn fadeIn vc_custom_1604329160729 vc_row-has-fill vc_general vc_parallax vc_parallax-content-moving\"><div class=\"wpb_column vc_column_container vc_col-sm-2\"><div class=\"vc_column-inner\"><div class=\"wpb_wrapper\"><\/div><\/div><\/div><div class=\"wpb_column vc_column_container vc_col-sm-8\"><div class=\"vc_column-inner\"><div class=\"wpb_wrapper\">\n\t<div class=\"wpb_text_column wpb_content_element\" >\n\t\t<div class=\"wpb_wrapper\">\n\t\t\t<h2 style=\"text-align: center;\"><span style=\"color: #ffffff;\">\u00bfEst\u00e1 interesado en esta herramienta de prevenci\u00f3n? <\/span><\/h2>\n\n\t\t<\/div>\n\t<\/div>\n<div style=\"background-color:;height: 12px\" class=\"nicdark_section\"><\/div>\n\t<div class=\"nd_options_section nd_options_text_align_center\">\n\t<a style=\"border: px solid;border-radius:px;letter-spacing:px;line-height:px;font-size:px;background-color:#ffffff;padding:5px 10px;margin:;color:#00599e\" rel=\"noopener\" href=\"https:\/\/safe-t-prevention.eu\/\" class=\"nicdark_display_inline_block\" target=\"_blank\">&gt; Over Safe.T<\/a>\n\t<\/div>\n<div style=\"background-color:;height: 25px\" class=\"nicdark_section\"><\/div><\/div><\/div><\/div><div class=\"wpb_column vc_column_container vc_col-sm-2\"><div class=\"vc_column-inner\"><div class=\"wpb_wrapper\"><\/div><\/div><\/div><\/div><div class=\"vc_row-full-width vc_clearfix\"><\/div>\n<\/div>","protected":false},"excerpt":{"rendered":"&gt; SCHADEPREVENTIE &gt; SCHADEPREVENTIE Krijg inzicht in het rijgedrag van uw chauffeurs Voorkomen is \u2013 en blijft \u2013 beter dan genezen. In sectoren zoals de bus- en transportsector is het aantal verzekeraars heel beperkt. Goede schadecijfers en het steeds verder evolueren naar minder schadegevallen is essentieel om concurrentieel verzekerd te blijven. Daarom ontwikkelden wij i.s.m. [...]","protected":false},"author":1,"featured_media":0,"parent":0,"menu_order":0,"comment_status":"closed","ping_status":"closed","template":"","meta":{"footnotes":""},"class_list":["post-2445","page","type-page","status-publish","hentry"],"_links":{"self":[{"href":"https:\/\/www.dhondt-insurance.com\/es\/wp-json\/wp\/v2\/pages\/2445","targetHints":{"allow":["GET"]}}],"collection":[{"href":"https:\/\/www.dhondt-insurance.com\/es\/wp-json\/wp\/v2\/pages"}],"about":[{"href":"https:\/\/www.dhondt-insurance.com\/es\/wp-json\/wp\/v2\/types\/page"}],"author":[{"embeddable":true,"href":"https:\/\/www.dhondt-insurance.com\/es\/wp-json\/wp\/v2\/users\/1"}],"replies":[{"embeddable":true,"href":"https:\/\/www.dhondt-insurance.com\/es\/wp-json\/wp\/v2\/comments?post=2445"}],"version-history":[{"count":0,"href":"https:\/\/www.dhondt-insurance.com\/es\/wp-json\/wp\/v2\/pages\/2445\/revisions"}],"wp:attachment":[{"href":"https:\/\/www.dhondt-insurance.com\/es\/wp-json\/wp\/v2\/media?parent=2445"}],"curies":[{"name":"wp","href":"https:\/\/api.w.org\/{rel}","templated":true}]}}