{"id":7801,"date":"2022-10-26T08:06:11","date_gmt":"2022-10-26T08:06:11","guid":{"rendered":"https:\/\/www.dhondt-insurance.com\/?page_id=7801"},"modified":"2022-10-26T08:31:03","modified_gmt":"2022-10-26T08:31:03","slug":"laat-schade-aan-een-machine-uw-bedrijfscontinuiteit-niet-in-gevaar-brengen","status":"publish","type":"page","link":"https:\/\/www.dhondt-insurance.com\/de\/laat-schade-aan-een-machine-uw-bedrijfscontinuiteit-niet-in-gevaar-brengen\/","title":{"rendered":"Laat schade aan een machine uw bedrijfscontinu\u00efteit niet in gevaar brengen"},"content":{"rendered":"<div class=\"wpb-content-wrapper\"><div class=\"vc_row wpb_row vc_row-fluid wpb_animate_when_almost_visible wpb_fadeIn fadeIn\"><div class=\"wpb_column vc_column_container vc_col-sm-12\"><div class=\"vc_column-inner\"><div class=\"wpb_wrapper\"><div class=\"vc_empty_space\"   style=\"height: 32px\"><span class=\"vc_empty_space_inner\"><\/span><\/div><div class=\"vc_row wpb_row vc_inner vc_row-fluid vc_custom_1569482474546\"><div class=\"wpb_column vc_column_container vc_col-sm-6 vc_hidden-xs\"><div class=\"vc_column-inner\"><div class=\"wpb_wrapper\"> <h3 style=\"color:#00599e;padding:px;text-align:;font-size:px;line-height:40px;letter-spacing: 4px;font-weight:bold\" class=\"nd_options_second_font\">&gt; LAAT SCHADE AAN EEN MACHINE UW BEDRIJFSCONTINU\u00cfTEIT NIET IN GEVAAR BRENGEN<\/h3> <div style=\"background-color:;height: 50px\" class=\"nicdark_section\"><\/div><\/div><\/div><\/div><div class=\"wpb_column vc_column_container vc_col-sm-6 vc_hidden-xs\"><div class=\"vc_column-inner\"><div class=\"wpb_wrapper\"><\/div><\/div><\/div><\/div><div class=\"vc_row wpb_row vc_inner vc_row-fluid vc_custom_1569482474546\"><div class=\"wpb_column vc_column_container vc_col-sm-6 vc_hidden-lg vc_hidden-md vc_hidden-sm\"><div class=\"vc_column-inner\"><div class=\"wpb_wrapper\"> <h3 style=\"color:#00599e;padding:px;text-align:;font-size:px;line-height:40px;letter-spacing: 4px;font-weight:bold\" class=\"nd_options_second_font\">&gt; LAAT SCHADE AAN EEN MACHINE UW BEDRIJFSCONTINU\u00cfTEIT NIET IN GEVAAR BRENGEN<\/h3> <div style=\"background-color:;height: 50px\" class=\"nicdark_section\"><\/div><\/div><\/div><\/div><div class=\"wpb_column vc_column_container vc_col-sm-6 vc_hidden-lg vc_hidden-md vc_hidden-sm\"><div class=\"vc_column-inner\"><div class=\"wpb_wrapper\"><\/div><\/div><\/div><\/div><div style=\"background-color:;height: 25px\" class=\"nicdark_section\"><\/div><div class=\"vc_row wpb_row vc_inner vc_row-fluid\"><div class=\"wpb_column vc_column_container vc_col-sm-6\"><div class=\"vc_column-inner\"><div class=\"wpb_wrapper\">\n\t<div  class=\"wpb_single_image wpb_content_element vc_align_left wpb_content_element\">\n\t\t\n\t\t<figure class=\"wpb_wrapper vc_figure\">\n\t\t\t<div class=\"vc_single_image-wrapper   vc_box_border_grey\"><img decoding=\"async\" class=\"vc_single_image-img\" src=\"https:\/\/www.dhondt-insurance.com\/wp-content\/uploads\/2022\/10\/machinebreuk_resized-600x400.png\" width=\"600\" height=\"400\" alt=\"machinebreuk_resized\" title=\"machinebreuk_resized\" loading=\"lazy\" \/><\/div>\n\t\t<\/figure>\n\t<\/div>\n<\/div><\/div><\/div><div class=\"wpb_column vc_column_container vc_col-sm-6\"><div class=\"vc_column-inner\"><div class=\"wpb_wrapper\"><div style=\"background-color:;height: 50px\" class=\"nicdark_section\"><\/div> <p style=\"color:#2d2d2d;padding:px;text-align:;font-size:20px;line-height:50px;letter-spacing: px;font-weight:normal\" class=\"\">Ondernemen is investeren! Heel wat bedrijven hebben in hun bedrijfsgebouw dan ook een duur machinepark staan. Voor elke onderneming met machines is een verzekering Machinebreuk een absolute noodzaak.<\/p> <\/div><\/div><\/div><\/div><div class=\"vc_row wpb_row vc_inner vc_row-fluid\"><div class=\"wpb_column vc_column_container vc_col-sm-6\"><div class=\"vc_column-inner\"><div class=\"wpb_wrapper\"><div style=\"background-color:;height: 50px\" class=\"nicdark_section\"><\/div>\n\t<div class=\"wpb_text_column wpb_content_element\" >\n\t\t<div class=\"wpb_wrapper\">\n\t\t\t<p>Maar naast de verzekering voor de machine(s), vestigen we ook graag de aandacht op het feit dat een schade aan \u00e9\u00e9n van uw machines uw bedrijfscontinu\u00efteit niet in gevaar kan en mag brengen. De verzekering Machinebreukbedrijfsschade kan een oplossing bieden.<\/p>\n\n\t\t<\/div>\n\t<\/div>\n<div style=\"background-color:;height: 50px\" class=\"nicdark_section\"><\/div>\n\t<div class=\"wpb_text_column wpb_content_element\" >\n\t\t<div class=\"wpb_wrapper\">\n\t\t\t<p>Een verzekering Machinebreuk is een zaakschadeverzekering. Het is een aanvulling op de brandverzekering die de in de polis omschreven voorwerpen waarborgt tegen onvoorziene en plotselinge schade.<\/p>\n\n\t\t<\/div>\n\t<\/div>\n<div style=\"background-color:;height: 50px\" class=\"nicdark_section\"><\/div>\n\t<div class=\"wpb_text_column wpb_content_element\" >\n\t\t<div class=\"wpb_wrapper\">\n\t\t\t<p>Een machine is binnen een onderneming een belangrijk en vaak zeer kwetsbaar product. Het plots uitvallen of een onvoorziene beschadiging aan \u00e9\u00e9n van de machines kan ervoor zorgen dat de productie volledig of gedeeltelijk stil valt met mogelijk grote financi\u00eble gevolgen. Met andere woorden het machinepark speelt veelal een zeer belangrijke rol in uw bedrijfscontinu\u00efteit.<\/p>\n\n\t\t<\/div>\n\t<\/div>\n<div style=\"background-color:;height: 50px\" class=\"nicdark_section\"><\/div>\n\t<div class=\"wpb_text_column wpb_content_element\" >\n\t\t<div class=\"wpb_wrapper\">\n\t\t\t<p><strong>Wist je dat bij een breuk het schadebedrag voor gemiddeld 30% uit materi\u00eble schade en voor 70 % uit bedrijfsschade bestaat?<\/strong><\/p>\n\n\t\t<\/div>\n\t<\/div>\n<div style=\"background-color:;height: 50px\" class=\"nicdark_section\"><\/div>\n\t<div class=\"wpb_text_column wpb_content_element\" >\n\t\t<div class=\"wpb_wrapper\">\n\t\t\t<p>Een machinebreuk hangt elk productiebedrijf boven het hoofd. Zowel door <strong>een interne breuk<\/strong> (montagefout, constructiefout, warmlopen of vastlopen van de machine,\u2026) als <strong>door een externe oorzaak<\/strong> (nalatigheid, onervarenheid, opzet, invloed van elektrische stroom,\u2026).<\/p>\n\n\t\t<\/div>\n\t<\/div>\n<div style=\"background-color:;height: 50px\" class=\"nicdark_section\"><\/div>\n\t<div class=\"wpb_text_column wpb_content_element\" >\n\t\t<div class=\"wpb_wrapper\">\n\t\t\t<p>Als ondernemer hebt u er alle belang bij om na een defect zo snel mogelijk terug operationeel te zijn. Helaas zorgt de huidige crisis ervoor dat bepaalde reserve-onderdelen steeds minder vaak op voorraad zijn. Dit zorgt voor een aanzienlijke vertraging bij de heropstart of kan zelfs aanleiding geven tot een tijdelijke stopzetting van uw activiteiten.<\/p>\n\n\t\t<\/div>\n\t<\/div>\n<div style=\"background-color:;height: 50px\" class=\"nicdark_section\"><\/div>\n\t<div class=\"wpb_text_column wpb_content_element\" >\n\t\t<div class=\"wpb_wrapper\">\n\t\t\t<p>Een tijdelijke stopzetting van de activiteiten kan verregaande gevolgen hebben:<\/p>\n<ul>\n<li>Verlies van klanten en\/of marktaandeel<\/li>\n<li>Boeteclausules<\/li>\n<li>Reputatieschade<\/li>\n<li>Ontslag van personeelsleden<\/li>\n<li>\u2026<\/li>\n<\/ul>\n\n\t\t<\/div>\n\t<\/div>\n<div style=\"background-color:;height: 50px\" class=\"nicdark_section\"><\/div><\/div><\/div><\/div><div class=\"wpb_column vc_column_container vc_col-sm-6\"><div class=\"vc_column-inner\"><div class=\"wpb_wrapper\"><div style=\"background-color:;height: 50px\" class=\"nicdark_section\"><\/div>\n\t<div class=\"wpb_text_column wpb_content_element\" >\n\t\t<div class=\"wpb_wrapper\">\n\t\t\t<p>Naast de verzekering Machinebreuk kan u optioneel de <strong>machinebreukbedrijfsschade <\/strong>meeverzekeren.<\/p>\n\n\t\t<\/div>\n\t<\/div>\n<div style=\"background-color:;height: 50px\" class=\"nicdark_section\"><\/div>\n\t<div class=\"wpb_text_column wpb_content_element\" >\n\t\t<div class=\"wpb_wrapper\">\n\t\t\t<p>Bij een defect aan een machine hebt u enerzijds vaak materi\u00eble schade, maar daarnaast lijdt u soms vrijwel direct ook omzetverlies. De stilstand van een machine en de tijd die nodig is om de machine te vervangen of te herstellen kunnen een forse financi\u00eble tegenvaller voor je bedrijf betekenen. De vaste kosten blijven namelijk gewoon doorlopen. De verzekering Machinebreukbedrijfsschade zorgt er bijgevolg voor dat de continu\u00efteit van je bedrijf veilig wordt gesteld ondanks de tijdelijke uitval van uw machines. Met deze extra verzekering wordt de bedrijfsschade als gevolg van machinebreuk volledig vergoed.<\/p>\n\n\t\t<\/div>\n\t<\/div>\n<div style=\"background-color:;height: 50px\" class=\"nicdark_section\"><\/div>\n\t<div class=\"wpb_text_column wpb_content_element\" >\n\t\t<div class=\"wpb_wrapper\">\n\t\t\t<p><strong><u>Checklist: <\/u><\/strong><\/p>\n<p><strong><em>Wanneer hebt u een verzekering Machinebreukbedrijfsschade nodig? <\/em><\/strong><\/p>\n<ul>\n<li>Als u afhankelijk bent van 1 specifieke machine die eventuele bedrijfsschade kan veroorzaken door de continu\u00efteit van het bedrijf in gevaar te brengen.<\/li>\n<li>Als u de bedrijfsschade die ontstaat door bedieningsfouten van je personeel wil meeverzekeren.<\/li>\n<li>Als u een zeer uitgebreide bedrijfsschadeverzekering wil.<\/li>\n<\/ul>\n\n\t\t<\/div>\n\t<\/div>\n<div style=\"background-color:;height: 50px\" class=\"nicdark_section\"><\/div>\n\t<div class=\"wpb_text_column wpb_content_element\" >\n\t\t<div class=\"wpb_wrapper\">\n\t\t\t<p>De voorwaarden en de dekkingen zijn afhankelijk van het type bedrijf dat je runt. Door onze kennis en ervaring met machineparken en installaties kennen de medewerkers bij D\u2019hondt Insurance de technische risico\u2019s evenals de daaraan gekoppelde bedrijfsschade.<\/p>\n\n\t\t<\/div>\n\t<\/div>\n<div style=\"background-color:;height: 50px\" class=\"nicdark_section\"><\/div><\/div><\/div><\/div><\/div><div class=\"vc_row wpb_row vc_inner vc_row-fluid vc_custom_1569482474546\"><div class=\"wpb_column vc_column_container vc_col-sm-6\"><div class=\"vc_column-inner\"><div class=\"wpb_wrapper\"><div style=\"background-color:#ffffff;height: 50px\" class=\"nicdark_section\"><\/div><\/div><\/div><\/div><div class=\"wpb_column vc_column_container vc_col-sm-6\"><div class=\"vc_column-inner\"><div class=\"wpb_wrapper\"><div style=\"background-color:#ffffff;height: 50px\" class=\"nicdark_section\"><\/div><\/div><\/div><\/div><\/div><div class=\"vc_row wpb_row vc_inner vc_row-fluid\"><div class=\"wpb_column vc_column_container vc_col-sm-12 vc_col-has-fill\"><div class=\"vc_column-inner vc_custom_1637770536227\"><div class=\"wpb_wrapper\"> <p style=\"color:#ffffff;padding:35px;text-align:center;font-size:35px;line-height:50px;letter-spacing: px;font-weight:normal\" class=\"\">Hebt u vragen of hebt u twijfels of u wel goed verzekerd bent?<\/p> \n\t<div class=\"wpb_text_column wpb_content_element vc_custom_1666772237763\" >\n\t\t<div class=\"wpb_wrapper\">\n\t\t\t<p style=\"text-align: center;\"><span style=\"color: #ffffff;\">Neem dan vandaag nog contact op met uw Accountmanager. <\/span><\/p>\n\n\t\t<\/div>\n\t<\/div>\n\n\t<div class=\"nd_options_section nd_options_text_align_center\">\n\t<a style=\"border: px solid;border-radius:px;letter-spacing:px;line-height:px;font-size:px;background-color:#ffffff;padding:10px 20px;margin:;color:#00599e\" rel=\"\" href=\"mailto:sales@dhondt-insurance.com\" class=\"nicdark_display_inline_block  nd_options_font_weight_normal\">&gt; Contacteer ons<\/a>\n\t<\/div>\n<div style=\"background-color:;height: 50px\" class=\"nicdark_section\"><\/div><\/div><\/div><\/div><\/div><div class=\"vc_row wpb_row vc_inner vc_row-fluid vc_custom_1569482474546\"><div class=\"wpb_column vc_column_container vc_col-sm-6\"><div class=\"vc_column-inner\"><div class=\"wpb_wrapper\"><div style=\"background-color:#ffffff;height: 50px\" class=\"nicdark_section\"><\/div><\/div><\/div><\/div><div class=\"wpb_column vc_column_container vc_col-sm-6\"><div class=\"vc_column-inner\"><div class=\"wpb_wrapper\"><div style=\"background-color:#ffffff;height: 50px\" class=\"nicdark_section\"><\/div><\/div><\/div><\/div><\/div><\/div><\/div><\/div><\/div>\n<\/div>","protected":false},"excerpt":{"rendered":"&gt; LAAT SCHADE AAN EEN MACHINE UW BEDRIJFSCONTINU\u00cfTEIT NIET IN GEVAAR BRENGEN &gt; LAAT SCHADE AAN EEN MACHINE UW BEDRIJFSCONTINU\u00cfTEIT NIET IN GEVAAR BRENGEN Ondernemen is investeren! Heel wat bedrijven hebben in hun bedrijfsgebouw dan ook een duur machinepark staan. Voor elke onderneming met machines is een verzekering Machinebreuk een absolute noodzaak. Maar naast de [...]","protected":false},"author":1,"featured_media":0,"parent":0,"menu_order":0,"comment_status":"closed","ping_status":"closed","template":"","meta":{"footnotes":""},"class_list":["post-7801","page","type-page","status-publish","hentry"],"_links":{"self":[{"href":"https:\/\/www.dhondt-insurance.com\/de\/wp-json\/wp\/v2\/pages\/7801","targetHints":{"allow":["GET"]}}],"collection":[{"href":"https:\/\/www.dhondt-insurance.com\/de\/wp-json\/wp\/v2\/pages"}],"about":[{"href":"https:\/\/www.dhondt-insurance.com\/de\/wp-json\/wp\/v2\/types\/page"}],"author":[{"embeddable":true,"href":"https:\/\/www.dhondt-insurance.com\/de\/wp-json\/wp\/v2\/users\/1"}],"replies":[{"embeddable":true,"href":"https:\/\/www.dhondt-insurance.com\/de\/wp-json\/wp\/v2\/comments?post=7801"}],"version-history":[{"count":0,"href":"https:\/\/www.dhondt-insurance.com\/de\/wp-json\/wp\/v2\/pages\/7801\/revisions"}],"wp:attachment":[{"href":"https:\/\/www.dhondt-insurance.com\/de\/wp-json\/wp\/v2\/media?parent=7801"}],"curies":[{"name":"wp","href":"https:\/\/api.w.org\/{rel}","templated":true}]}}