{"id":3361,"date":"2020-04-27T14:40:23","date_gmt":"2020-04-27T14:40:23","guid":{"rendered":"http:\/\/dhondt-insurance.com\/?page_id=3361"},"modified":"2022-02-15T16:28:11","modified_gmt":"2022-02-15T16:28:11","slug":"persoonlijke-ongevallenverzekering-voor-sporters","status":"publish","type":"page","link":"https:\/\/www.dhondt-insurance.com\/de\/persoonlijke-ongevallenverzekering-voor-sporters\/","title":{"rendered":"Persoonlijke ongevallenverzekering voor sporters"},"content":{"rendered":"<div class=\"wpb-content-wrapper\"><div class=\"vc_row wpb_row vc_row-fluid wpb_animate_when_almost_visible wpb_fadeIn fadeIn\"><div class=\"wpb_column vc_column_container vc_col-sm-6\"><div class=\"vc_column-inner\"><div class=\"wpb_wrapper\"><\/div><\/div><\/div><div class=\"wpb_column vc_column_container vc_col-sm-6 vc_hidden-xs vc_col-has-fill\"><div class=\"vc_column-inner vc_custom_1644942449929\"><div class=\"wpb_wrapper\">\n\t<div class=\"wpb_text_column wpb_content_element\" >\n\t\t<div class=\"wpb_wrapper\">\n\t\t\t<h4 style=\"padding-left: 80px;\"><span style=\"color: #ffffff;\"><strong>SPORT<\/strong><\/span><\/h4>\n<p>&nbsp;<\/p>\n<p style=\"padding-left: 80px;\"><a href=\"https:\/\/www.dhondt-insurance.com\/de\/persoonlijke-ongevallenverzekering-voor-sporters\/\"><span style=\"color: #ffffff;\">&gt; Pers\u00f6nliche Unfallversicherung f\u00fcr Sportler<\/span><\/a><\/p>\n\n\t\t<\/div>\n\t<\/div>\n<\/div><\/div><\/div><\/div><div class=\"vc_row wpb_row vc_row-fluid\"><div class=\"wpb_column vc_column_container vc_col-sm-12\"><div class=\"vc_column-inner\"><div class=\"wpb_wrapper\"><div class=\"vc_row wpb_row vc_inner vc_row-fluid vc_custom_1569482474546\"><div class=\"wpb_column vc_column_container vc_col-sm-12\"><div class=\"vc_column-inner\"><div class=\"wpb_wrapper\"><div style=\"background-color:;height: 50px\" class=\"nicdark_section\"><\/div> <h3 style=\"color:#e8ba22;padding:px;text-align:;font-size:px;line-height:px;letter-spacing: 4px;font-weight:bold\" class=\"nd_options_second_font\">&gt; PERS\u00d6NLICHE UNFALLVERSICHERUNG F\u00dcR SPORTLER<\/h3> <div style=\"background-color:;height: 50px\" class=\"nicdark_section\"><\/div><\/div><\/div><\/div><\/div><div class=\"vc_row wpb_row vc_inner vc_row-fluid\"><div class=\"wpb_column vc_column_container vc_col-sm-12\"><div class=\"vc_column-inner\"><div class=\"wpb_wrapper\"><div style=\"background-color:;height: 25px\" class=\"nicdark_section\"><\/div>\n\t<div class=\"wpb_text_column wpb_content_element\" >\n\t\t<div class=\"wpb_wrapper\">\n\t\t\t<p class=\"p1\"><span class=\"s1\"><i>Die pers\u00f6nliche Unfallversicherung bietet Einkommenssicherheit f\u00fcr Profifu\u00dfballer und Sportler. Wenn Sie Ihren Berufssport verletzungs- oder krankheitsbedingt zeitweilig nicht mehr aus\u00fcben k\u00f6nnen, deckt diese Unfallversicherung den Einkommensausfall ab. Auch wenn Ihre Karriere hierdurch vorzeitig beendet wird, greift die Unfallversicherung. <\/i><\/span><\/p>\n\n\t\t<\/div>\n\t<\/div>\n<\/div><\/div><\/div><\/div><div style=\"background-color:;height: 25px\" class=\"nicdark_section\"><\/div><div style=\"background-color:#e8ba22;height: 1px\" class=\"nicdark_section\"><\/div><div class=\"vc_row wpb_row vc_inner vc_row-fluid\"><div class=\"wpb_column vc_column_container vc_col-sm-12\"><div class=\"vc_column-inner\"><div class=\"wpb_wrapper\"><div style=\"background-color:;height: 50px\" class=\"nicdark_section\"><\/div> <p style=\"color:#2d2d2d;padding:px;text-align:;font-size:16px;line-height:px;letter-spacing: px;font-weight:bold\" class=\"\">Einkommensgarantie f\u00fcr Profisportler<\/p> <div style=\"background-color:;height: 50px\" class=\"nicdark_section\"><\/div>\n\t<div class=\"wpb_text_column wpb_content_element\" >\n\t\t<div class=\"wpb_wrapper\">\n\t\t\t<p>Als Profisportler hoffen Sie auf eine erfolgreiche und vor allem verletzungsfreie Karriere. Eine pers\u00f6nliche Unfallversicherung ist f\u00fcr Sie und Ihre Familie da, sollte das Schicksal dennoch zuschlagen. Schlie\u00dflich erhalten Sie w\u00e4hrend der gesamten Dauer des krankheits- oder verletzungsbedingten Ausfalls ein garantiertes Einkommen. Wenn Sie pl\u00f6tzlich dauerhaft sportuntauglich werden, greift diese Versicherung ebenfalls. Im Todesfall wird ein zugesichertes Kapital an Ihre Angeh\u00f6rigen ausgezahlt. Etablierte Gr\u00f6\u00dfe oder aufstrebendes Talent? Jeder Profisportler profitiert von einer pers\u00f6nlichen Unfallversicherung! <span style=\"color: #e8ba22;\"><a style=\"color: #e8ba22;\" href=\"https:\/\/www.dhondt-insurance.com\/de\/contact\/\">Kontaktieren Sie uns<\/a><\/span> f\u00fcr ein individuelles Angebot.<\/p>\n\n\t\t<\/div>\n\t<\/div>\n<\/div><\/div><\/div><\/div><div class=\"vc_row wpb_row vc_inner vc_row-fluid vc_custom_1569482474546\"><div class=\"wpb_column vc_column_container vc_col-sm-12\"><div class=\"vc_column-inner\"><div class=\"wpb_wrapper\"><div style=\"background-color:#e8ba22;height: 1px\" class=\"nicdark_section\"><\/div><\/div><\/div><\/div><\/div><div class=\"vc_row wpb_row vc_inner vc_row-fluid vc_custom_1644942488576 vc_row-has-fill\"><div class=\"wpb_column vc_column_container vc_col-sm-12\"><div class=\"vc_column-inner\"><div class=\"wpb_wrapper\"> <p style=\"color:#2d2d2d;padding:px;text-align:;font-size:16px;line-height:px;letter-spacing: px;font-weight:bold\" class=\"\">Was wird abgedeckt?<\/p> <div style=\"background-color:;height: 25px\" class=\"nicdark_section\"><\/div><div style=\"background-color:;height: 10px\" class=\"nicdark_section\"><\/div>\n\t<div class=\"wpb_text_column wpb_content_element\" >\n\t\t<div class=\"wpb_wrapper\">\n\t\t\t<p><span class=\"s2\"><span style=\"color: #e8ba22;\">Vor\u00fcbergehende vollst\u00e4ndige Arbeitsunf\u00e4higkeit:<\/span> finanzielle Garantie, bis Sie wieder fit sind.<\/span><\/p>\n\n\t\t<\/div>\n\t<\/div>\n<div style=\"background-color:;height: 10px\" class=\"nicdark_section\"><\/div><div style=\"background-color:#f1f1f1;height: 1px\" class=\"nicdark_section\"><\/div><div style=\"background-color:;height: 10px\" class=\"nicdark_section\"><\/div>\n\t<div class=\"wpb_text_column wpb_content_element\" >\n\t\t<div class=\"wpb_wrapper\">\n\t\t\t<p><span class=\"s2\"><span style=\"color: #e8ba22;\">Dauerhafte vollst\u00e4ndige Arbeitsunf\u00e4higkeit: <\/span><\/span>: im Falle eines vorzeitigen Endes Ihrer Karriere, aufgrund einer Verletzung wird ein vereinbarter Betrag ausgezahlt.<\/p>\n\n\t\t<\/div>\n\t<\/div>\n<div style=\"background-color:;height: 10px\" class=\"nicdark_section\"><\/div><div style=\"background-color:#f1f1f1;height: 1px\" class=\"nicdark_section\"><\/div><div style=\"background-color:;height: 10px\" class=\"nicdark_section\"><\/div>\n\t<div class=\"wpb_text_column wpb_content_element\" >\n\t\t<div class=\"wpb_wrapper\">\n\t\t\t<p style=\"text-align: left;\"><span style=\"color: #e8ba22;\">Tod:<\/span> Im Falle eines Unfalltodes oder nat\u00fcrlichen Todes wird ein vereinbarter Betrag an Ihre Angeh\u00f6rigen ausgezahlt.<\/p>\n\n\t\t<\/div>\n\t<\/div>\n<div style=\"background-color:;height: 10px\" class=\"nicdark_section\"><\/div><\/div><\/div><\/div><\/div><\/div><\/div><\/div><\/div><div data-vc-full-width=\"true\" data-vc-full-width-init=\"false\" class=\"vc_row wpb_row vc_row-fluid wpb_animate_when_almost_visible wpb_fadeIn fadeIn vc_custom_1644942462284 vc_row-has-fill\"><div class=\"wpb_column vc_column_container vc_col-sm-3\"><div class=\"vc_column-inner\"><div class=\"wpb_wrapper\">\n\t<div class=\"wpb_text_column wpb_content_element\" >\n\t\t<div class=\"wpb_wrapper\">\n\t\t\t<p><span style=\"color: #ffffff;\"><a style=\"color: #ffffff;\" href=\"https:\/\/www.dhondt-insurance.com\/de\/producten\/\">&lt; Andere Produkte anzeigen<\/a><\/span><\/p>\n\n\t\t<\/div>\n\t<\/div>\n<\/div><\/div><\/div><div class=\"wpb_column vc_column_container vc_col-sm-6\"><div class=\"vc_column-inner\"><div class=\"wpb_wrapper\"><\/div><\/div><\/div><div class=\"wpb_column vc_column_container vc_col-sm-3\"><div class=\"vc_column-inner\"><div class=\"wpb_wrapper\">\n\t<div class=\"wpb_text_column wpb_content_element\" >\n\t\t<div class=\"wpb_wrapper\">\n\t\t\t<p><a href=\"https:\/\/www.dhondt-insurance.com\/de\/contact\/\"><span style=\"color: #ffffff;\">Kontaktieren Sie uns &gt;<\/span><\/a><\/p>\n\n\t\t<\/div>\n\t<\/div>\n<\/div><\/div><\/div><\/div><div class=\"vc_row-full-width vc_clearfix\"><\/div>\n<\/div>","protected":false},"excerpt":{"rendered":"SPORT &nbsp; &gt; Persoonlijke ongevallenverzekering voor sporters &gt; PERSOONLIJKE ONGEVALLENVERZEKERING VOOR SPORTERS Een persoonlijke ongevallenverzekering biedt inkomenszekerheid voor professionele voetballers en sporters. Stel dat u een tijdje uw beroepssport niet kunt beoefenen door een blessure of ziekte, dan vangt deze ongevallenverzekering het inkomensverlies op. Ook wanneer uw carri\u00e8re hierdoor vroegtijdig wordt be\u00ebindigd, komt de persoonlijke [...]","protected":false},"author":1,"featured_media":0,"parent":0,"menu_order":0,"comment_status":"closed","ping_status":"closed","template":"","meta":{"footnotes":""},"class_list":["post-3361","page","type-page","status-publish","hentry"],"_links":{"self":[{"href":"https:\/\/www.dhondt-insurance.com\/de\/wp-json\/wp\/v2\/pages\/3361","targetHints":{"allow":["GET"]}}],"collection":[{"href":"https:\/\/www.dhondt-insurance.com\/de\/wp-json\/wp\/v2\/pages"}],"about":[{"href":"https:\/\/www.dhondt-insurance.com\/de\/wp-json\/wp\/v2\/types\/page"}],"author":[{"embeddable":true,"href":"https:\/\/www.dhondt-insurance.com\/de\/wp-json\/wp\/v2\/users\/1"}],"replies":[{"embeddable":true,"href":"https:\/\/www.dhondt-insurance.com\/de\/wp-json\/wp\/v2\/comments?post=3361"}],"version-history":[{"count":0,"href":"https:\/\/www.dhondt-insurance.com\/de\/wp-json\/wp\/v2\/pages\/3361\/revisions"}],"wp:attachment":[{"href":"https:\/\/www.dhondt-insurance.com\/de\/wp-json\/wp\/v2\/media?parent=3361"}],"curies":[{"name":"wp","href":"https:\/\/api.w.org\/{rel}","templated":true}]}}