{"id":3349,"date":"2020-04-27T14:33:01","date_gmt":"2020-04-27T14:33:01","guid":{"rendered":"http:\/\/dhondt-insurance.com\/?page_id=3349"},"modified":"2022-02-15T16:23:17","modified_gmt":"2022-02-15T16:23:17","slug":"ba-organisator","status":"publish","type":"page","link":"https:\/\/www.dhondt-insurance.com\/de\/ba-organisator\/","title":{"rendered":"BA Organisator"},"content":{"rendered":"<div class=\"wpb-content-wrapper\"><div class=\"vc_row wpb_row vc_row-fluid wpb_animate_when_almost_visible wpb_fadeIn fadeIn\"><div class=\"wpb_column vc_column_container vc_col-sm-6\"><div class=\"vc_column-inner\"><div class=\"wpb_wrapper\"><\/div><\/div><\/div><div class=\"wpb_column vc_column_container vc_col-sm-6 vc_hidden-xs vc_col-has-fill\"><div class=\"vc_column-inner vc_custom_1644942166077\"><div class=\"wpb_wrapper\">\n\t<div class=\"wpb_text_column wpb_content_element\" >\n\t\t<div class=\"wpb_wrapper\">\n\t\t\t<h4 style=\"padding-left: 80px;\"><span style=\"color: #ffffff;\"><strong>VERANSTALTUNGEN<\/strong><\/span><\/h4>\n<p>&nbsp;<\/p>\n<p style=\"padding-left: 80px;\"><a href=\"https:\/\/www.dhondt-insurance.com\/de\/ba-organisator\/\"><span style=\"color: #ffffff;\">&gt; Veranstalterhaftpflicht<\/span><\/a><\/p>\n<p style=\"padding-left: 80px;\"><a href=\"https:\/\/www.dhondt-insurance.com\/de\/eventverzekering\/\"><span style=\"color: #ffffff;\">&gt; Veranstaltungsversicherung<\/span><\/a><\/p>\n<p style=\"padding-left: 80px;\"><a href=\"https:\/\/www.dhondt-insurance.com\/de\/annulatieverzekering-event\/\"><span style=\"color: #ffffff;\">&gt; Veranstaltungsausfallversicherung<\/span><\/a><\/p>\n\n\t\t<\/div>\n\t<\/div>\n<\/div><\/div><\/div><\/div><div class=\"vc_row wpb_row vc_row-fluid wpb_animate_when_almost_visible wpb_fadeIn fadeIn\"><div class=\"wpb_column vc_column_container vc_col-sm-12\"><div class=\"vc_column-inner\"><div class=\"wpb_wrapper\"><div class=\"vc_row wpb_row vc_inner vc_row-fluid vc_custom_1569482474546\"><div class=\"wpb_column vc_column_container vc_col-sm-12\"><div class=\"vc_column-inner\"><div class=\"wpb_wrapper\"> <h3 style=\"color:#bc748f;padding:px;text-align:;font-size:px;line-height:px;letter-spacing: 4px;font-weight:bold\" class=\"nd_options_second_font\">&gt; VERANSTALTERHAFTPFLICHT<\/h3> <div style=\"background-color:;height: 50px\" class=\"nicdark_section\"><\/div><\/div><\/div><\/div><\/div><div class=\"vc_row wpb_row vc_inner vc_row-fluid\"><div class=\"wpb_column vc_column_container vc_col-sm-12\"><div class=\"vc_column-inner\"><div class=\"wpb_wrapper\"><div style=\"background-color:;height: 25px\" class=\"nicdark_section\"><\/div>\n\t<div class=\"wpb_text_column wpb_content_element\" >\n\t\t<div class=\"wpb_wrapper\">\n\t\t\t<p class=\"p1\"><span class=\"s1\"><i>Diese Haftpflichtversicherung ist speziell f\u00fcr diejenigen gedacht, die \u00f6ffentliche Veranstaltungen organisieren. Dies kann von einem eint\u00e4gigen Turnier in Ihrem Unternehmen bis hin zu Verb\u00e4nden oder Organisationen reichen, die sich gleich f\u00fcr ein ganzes Gesch\u00e4ftsjahr versichern wollen. Die Veranstalterhaftpflicht \u00fcbernimmt alle Sch\u00e4den, die w\u00e4hrend einer Veranstaltung durch Mitglieder, Freiwillige, Teilnehmer usw. entstehen. <\/i><\/span><\/p>\n\n\t\t<\/div>\n\t<\/div>\n<\/div><\/div><\/div><\/div><div style=\"background-color:;height: 25px\" class=\"nicdark_section\"><\/div><div style=\"background-color:#bc748f;height: 1px\" class=\"nicdark_section\"><\/div><div class=\"vc_row wpb_row vc_inner vc_row-fluid\"><div class=\"wpb_column vc_column_container vc_col-sm-12\"><div class=\"vc_column-inner\"><div class=\"wpb_wrapper\"><div style=\"background-color:;height: 50px\" class=\"nicdark_section\"><\/div> <p style=\"color:#2d2d2d;padding:px;text-align:;font-size:16px;line-height:px;letter-spacing: px;font-weight:bold\" class=\"\">Sch\u00fctzt auch helfende H\u00e4nde<\/p> <div style=\"background-color:;height: 50px\" class=\"nicdark_section\"><\/div>\n\t<div class=\"wpb_text_column wpb_content_element\" >\n\t\t<div class=\"wpb_wrapper\">\n\t\t\t<p class=\"p1\"><span class=\"s1\">Unternehmen, Verein oder gemeinn\u00fctzige Organisation? Wenn Sie eine Veranstaltung organisieren, ist eine Veranstalterhaftpflichtversicherung Vorschrift. Ob es sich dabei um ein Turnier, einen Wettbewerb oder eine mehrt\u00e4gige Veranstaltung handelt, alle, die bei der Organisation der Veranstaltung mithelfen, sind gesch\u00fctzt. Denken Sie dabei u. a. an Mitglieder, Freiwillige und Sprecher. \nF\u00fcr Verb\u00e4nde kann die Versicherung auch gleich f\u00fcr das gesamte Gesch\u00e4ftsjahr abgeschlossen werden. Sehr praktisch f\u00fcr Sportvereine, Jugendclubs, Theatergesellschaften usw. Die Versicherung greift bei Personensch\u00e4den, aber auch in dem Fall, dass z. B. ein Zelt durch Wind gegen das Nachbarhaus geweht wird. In diesem Fall wird der Sachschaden ersetzt. Wir bieten Ihnen immer die Versicherung an, die Ihrer Situation am besten entspricht. <a href=\"https:\/\/www.dhondt-insurance.com\/de\/contact\/\"><span style=\"color: #bc748f;\">Kontaktieren Sie uns<\/span><\/a> f\u00fcr weitere Informationen! <\/span><\/p>\n\n\t\t<\/div>\n\t<\/div>\n<\/div><\/div><\/div><\/div><div class=\"vc_row wpb_row vc_inner vc_row-fluid vc_custom_1569482474546\"><div class=\"wpb_column vc_column_container vc_col-sm-12\"><div class=\"vc_column-inner\"><div class=\"wpb_wrapper\"><div style=\"background-color:#bc748f;height: 1px\" class=\"nicdark_section\"><\/div><\/div><\/div><\/div><\/div><div class=\"vc_row wpb_row vc_inner vc_row-fluid vc_custom_1644942194809 vc_row-has-fill\"><div class=\"wpb_column vc_column_container vc_col-sm-12\"><div class=\"vc_column-inner\"><div class=\"wpb_wrapper\"> <p style=\"color:#2d2d2d;padding:px;text-align:;font-size:16px;line-height:px;letter-spacing: px;font-weight:bold\" class=\"\">Was wird abgedeckt?<\/p> <div style=\"background-color:;height: 25px\" class=\"nicdark_section\"><\/div><div style=\"background-color:;height: 10px\" class=\"nicdark_section\"><\/div>\n\t<div class=\"wpb_text_column wpb_content_element\" >\n\t\t<div class=\"wpb_wrapper\">\n\t\t\t<p><span class=\"s2\"><span style=\"color: #bc748f;\">Sachsch\u00e4den<\/span> gegen\u00fcber Dritten<\/span><\/p>\n\n\t\t<\/div>\n\t<\/div>\n<div style=\"background-color:;height: 10px\" class=\"nicdark_section\"><\/div><div style=\"background-color:#f1f1f1;height: 1px\" class=\"nicdark_section\"><\/div><div style=\"background-color:;height: 10px\" class=\"nicdark_section\"><\/div>\n\t<div class=\"wpb_text_column wpb_content_element\" >\n\t\t<div class=\"wpb_wrapper\">\n\t\t\t<p><span class=\"s2\"><span style=\"color: #bc748f;\">Personensch\u00e4den<\/span> \u00dcbernahme von medizinischen Behandlungskosten, Invalidengeld usw. <\/span><\/p>\n\n\t\t<\/div>\n\t<\/div>\n<div style=\"background-color:;height: 10px\" class=\"nicdark_section\"><\/div><\/div><\/div><\/div><\/div><\/div><\/div><\/div><\/div><div data-vc-full-width=\"true\" data-vc-full-width-init=\"false\" class=\"vc_row wpb_row vc_row-fluid wpb_animate_when_almost_visible wpb_fadeIn fadeIn vc_custom_1644942176864 vc_row-has-fill\"><div class=\"wpb_column vc_column_container vc_col-sm-12\"><div class=\"vc_column-inner\"><div class=\"wpb_wrapper\"><div class=\"vc_row wpb_row vc_inner vc_row-fluid\"><div class=\"wpb_column vc_column_container vc_col-sm-3\"><div class=\"vc_column-inner\"><div class=\"wpb_wrapper\">\n\t<div class=\"wpb_text_column wpb_content_element\" >\n\t\t<div class=\"wpb_wrapper\">\n\t\t\t<p><a href=\"https:\/\/www.dhondt-insurance.com\/de\/producten\/\"><span style=\"color: #ffffff;\">&lt; Andere Produkte anzeigen<\/span><\/a><\/p>\n\n\t\t<\/div>\n\t<\/div>\n<\/div><\/div><\/div><div class=\"wpb_column vc_column_container vc_col-sm-6\"><div class=\"vc_column-inner\"><div class=\"wpb_wrapper\"><\/div><\/div><\/div><div class=\"wpb_column vc_column_container vc_col-sm-3\"><div class=\"vc_column-inner\"><div class=\"wpb_wrapper\">\n\t<div class=\"wpb_text_column wpb_content_element\" >\n\t\t<div class=\"wpb_wrapper\">\n\t\t\t<p><a href=\"https:\/\/www.dhondt-insurance.com\/de\/contact\/\"><span style=\"color: #ffffff;\">Kontaktieren Sie uns &gt;<\/span><\/a><\/p>\n\n\t\t<\/div>\n\t<\/div>\n<\/div><\/div><\/div><\/div><\/div><\/div><\/div><\/div><div class=\"vc_row-full-width vc_clearfix\"><\/div>\n<\/div>","protected":false},"excerpt":{"rendered":"EVENT &nbsp; &gt; BA Organisator &gt; Eventverzekering &gt; Annulatieverzekering Event &gt; BA ORGANISATOR Deze aansprakelijkheidsverzekering is er speciaal voor wie publieke evenementen organiseert. Dit kan gaan van een \u00e9\u00e9ndagstornooi dat georganiseerd wordt binnen uw bedrijf tot verenigingen of organisaties die zich meteen voor een volledig werkingsjaar willen verzekeren. De BA organisator komt tussen bij alle [...]","protected":false},"author":1,"featured_media":0,"parent":0,"menu_order":0,"comment_status":"closed","ping_status":"closed","template":"","meta":{"footnotes":""},"class_list":["post-3349","page","type-page","status-publish","hentry"],"_links":{"self":[{"href":"https:\/\/www.dhondt-insurance.com\/de\/wp-json\/wp\/v2\/pages\/3349","targetHints":{"allow":["GET"]}}],"collection":[{"href":"https:\/\/www.dhondt-insurance.com\/de\/wp-json\/wp\/v2\/pages"}],"about":[{"href":"https:\/\/www.dhondt-insurance.com\/de\/wp-json\/wp\/v2\/types\/page"}],"author":[{"embeddable":true,"href":"https:\/\/www.dhondt-insurance.com\/de\/wp-json\/wp\/v2\/users\/1"}],"replies":[{"embeddable":true,"href":"https:\/\/www.dhondt-insurance.com\/de\/wp-json\/wp\/v2\/comments?post=3349"}],"version-history":[{"count":0,"href":"https:\/\/www.dhondt-insurance.com\/de\/wp-json\/wp\/v2\/pages\/3349\/revisions"}],"wp:attachment":[{"href":"https:\/\/www.dhondt-insurance.com\/de\/wp-json\/wp\/v2\/media?parent=3349"}],"curies":[{"name":"wp","href":"https:\/\/api.w.org\/{rel}","templated":true}]}}