{"id":3060,"date":"2020-04-07T14:00:30","date_gmt":"2020-04-07T14:00:30","guid":{"rendered":"http:\/\/dhondt-insurance.com\/?page_id=3060"},"modified":"2022-02-15T16:22:07","modified_gmt":"2022-02-15T16:22:07","slug":"cyberverzekering","status":"publish","type":"page","link":"https:\/\/www.dhondt-insurance.com\/de\/cyberverzekering\/","title":{"rendered":"Cyberverzekering"},"content":{"rendered":"<div class=\"wpb-content-wrapper\"><div class=\"vc_row wpb_row vc_row-fluid wpb_animate_when_almost_visible wpb_fadeIn fadeIn\"><div class=\"wpb_column vc_column_container vc_col-sm-6\"><div class=\"vc_column-inner\"><div class=\"wpb_wrapper\"><\/div><\/div><\/div><div class=\"wpb_column vc_column_container vc_col-sm-6 vc_hidden-xs vc_col-has-fill\"><div class=\"vc_column-inner vc_custom_1644942046373\"><div class=\"wpb_wrapper\">\n\t<div class=\"wpb_text_column wpb_content_element\" >\n\t\t<div class=\"wpb_wrapper\">\n\t\t\t<h4 style=\"padding-left: 80px;\"><span style=\"color: #ffffff;\"><strong>CYBER<\/strong><\/span><\/h4>\n<p>&nbsp;<\/p>\n<p style=\"padding-left: 80px;\"><a href=\"https:\/\/www.dhondt-insurance.com\/de\/cyberverzekering\/\"><span style=\"color: #ffffff;\">&gt; Cyberversicherung<\/span><\/a><\/p>\n\n\t\t<\/div>\n\t<\/div>\n<\/div><\/div><\/div><\/div><div class=\"vc_row wpb_row vc_row-fluid wpb_animate_when_almost_visible wpb_fadeIn fadeIn\"><div class=\"wpb_column vc_column_container vc_col-sm-12\"><div class=\"vc_column-inner\"><div class=\"wpb_wrapper\"><div class=\"vc_row wpb_row vc_inner vc_row-fluid vc_custom_1569482474546\"><div class=\"wpb_column vc_column_container vc_col-sm-12\"><div class=\"vc_column-inner\"><div class=\"wpb_wrapper\"> <h3 style=\"color:#a33c73;padding:px;text-align:;font-size:px;line-height:px;letter-spacing: 4px;font-weight:bold\" class=\"nd_options_second_font\">&gt; CYBERVERSICHERUNG<\/h3> <div style=\"background-color:;height: 50px\" class=\"nicdark_section\"><\/div><\/div><\/div><\/div><\/div><div style=\"background-color:;height: 10px\" class=\"nicdark_section\"><\/div><div class=\"vc_row wpb_row vc_inner vc_row-fluid\"><div class=\"wpb_column vc_column_container vc_col-sm-12\"><div class=\"vc_column-inner\"><div class=\"wpb_wrapper\"><div style=\"background-color:;height: 25px\" class=\"nicdark_section\"><\/div>\n\t<div class=\"wpb_text_column wpb_content_element\" >\n\t\t<div class=\"wpb_wrapper\">\n\t\t\t<p class=\"p1\"><span class=\"s1\"><i>In unserer digitalen Gesellschaft werden Cyberangriffe auf Unternehmen leider immer h\u00e4ufiger, auch auf kleine Unternehmen. Die Folgen sind nicht zu untersch\u00e4tzen: Die Produktion kommt zum Erliegen, L\u00f6segeld wird gefordert, die Zuverl\u00e4ssigkeit wird beeintr\u00e4chtigt usw. Eine Cyberversicherung bietet Unterst\u00fctzung in verschiedenen Bereichen und hilft Ihrem Unternehmen wieder auf die Beine zu kommen. <\/i><\/span><\/p>\n\n\t\t<\/div>\n\t<\/div>\n<\/div><\/div><\/div><\/div><div style=\"background-color:;height: 25px\" class=\"nicdark_section\"><\/div><div style=\"background-color:#a33c73;height: 1px\" class=\"nicdark_section\"><\/div><div class=\"vc_row wpb_row vc_inner vc_row-fluid\"><div class=\"wpb_column vc_column_container vc_col-sm-12\"><div class=\"vc_column-inner\"><div class=\"wpb_wrapper\"><div style=\"background-color:;height: 50px\" class=\"nicdark_section\"><\/div> <p style=\"color:#000000;padding:px;text-align:;font-size:16px;line-height:px;letter-spacing: px;font-weight:bold\" class=\"nd_options_second_font\">Cyberversicherung kombiniert Hilfe und finanziellen Schutz<\/p> <div style=\"background-color:;height: 50px\" class=\"nicdark_section\"><\/div>\n\t<div class=\"wpb_text_column wpb_content_element\" >\n\t\t<div class=\"wpb_wrapper\">\n\t\t\t<p class=\"p1\"><span class=\"s1\">Die Cyberversicherung ist ein sehr einzigartiges Konzept, das Ihr Unternehmen auf drei Ebenen unterst\u00fctzt.<\/span><\/p>\n<p>&nbsp;<\/p>\n<p>&nbsp;<\/p>\n<h6 class=\"p1\"><span class=\"s1\"><b>1. Unterst\u00fctzung rund um die Uhr<\/b><\/span><\/h6>\n<p>&nbsp;<\/p>\n<p class=\"p1\"><span class=\"s1\">Unsere Support-Hotline ist immer verf\u00fcgbar und \u00fcbernimmt im Falle eines Zwischenfalls. Wir versuchen, den Schaden bestm\u00f6glich zu begrenzen, indem wir Sie unterst\u00fctzen und die Hilfe von Experten aus den Bereichen IT, Recht und PR in Anspruch nehmen.<\/span><\/p>\n<p>&nbsp;<\/p>\n<h6 class=\"p1\"><span class=\"s1\"><b>2. Schutz bei eigenem Schaden<\/b><\/span><\/h6>\n<p>&nbsp;<\/p>\n<p class=\"p1\"><span class=\"s1\">Die Versicherung \u00fcbernimmt eine Reihe von Erstattungen. Das reicht von den Kosten f\u00fcr die Wiederherstellung von Daten bis hin zur Entsch\u00e4digung f\u00fcr Cyberdiebstahl. Verwaltungskosten und der wirtschaftliche Verlust durch Ausfallzeiten werden ebenfalls \u00fcbernommen.<\/span><\/p>\n<p>&nbsp;<\/p>\n<h6 class=\"p1\"><span class=\"s1\"><b>3. Schutz bei Sch\u00e4den Dritter<\/b><\/span><\/h6>\n<p>&nbsp;<\/p>\n<p class=\"p1\"><span class=\"s1\">Sie k\u00f6nnen f\u00fcr den Schaden haftbar gemacht werden, der Dritten durch den Cyberangriff auf Ihr Unternehmen entsteht, zum Beispiel durch den Verlust personenbezogener Daten. Auch diese Kosten werden von der Versicherung \u00fcbernommen.<\/span><\/p>\n<p>&nbsp;<\/p>\n<p class=\"p2\"><span class=\"s1\">Wollen Sie sich gegen Cyberangriffe wappnen? <\/span><a href=\"https:\/\/www.dhondt-insurance.com\/de\/contact\/\"><span style=\"color: #a33c73;\">Kontaktieren Sie uns <\/span><\/a>f\u00fcr eine Cyberversicherung, die ganz genau auf Ihre Gesch\u00e4ftst\u00e4tigkeit abgestimmt ist!<\/p>\n\n\t\t<\/div>\n\t<\/div>\n<\/div><\/div><\/div><\/div><div class=\"vc_row wpb_row vc_inner vc_row-fluid vc_custom_1569482474546\"><div class=\"wpb_column vc_column_container vc_col-sm-12\"><div class=\"vc_column-inner\"><div class=\"wpb_wrapper\"><div style=\"background-color:#a33c73;height: 1px\" class=\"nicdark_section\"><\/div><\/div><\/div><\/div><\/div><div class=\"vc_row wpb_row vc_inner vc_row-fluid vc_custom_1644942125255 vc_row-has-fill\"><div class=\"wpb_column vc_column_container vc_col-sm-12\"><div class=\"vc_column-inner\"><div class=\"wpb_wrapper\"> <p style=\"color:#2d2d2d;padding:px;text-align:;font-size:16px;line-height:px;letter-spacing: px;font-weight:bold\" class=\"\">Was wird abgedeckt?<\/p> <div style=\"background-color:;height: 25px\" class=\"nicdark_section\"><\/div><div style=\"background-color:;height: 10px\" class=\"nicdark_section\"><\/div>\n\t<div class=\"wpb_text_column wpb_content_element\" >\n\t\t<div class=\"wpb_wrapper\">\n\t\t\t<p><span class=\"s2\"><span style=\"color: #a33c73;\">Digitale Pr\u00e4ventionskampagne:<\/span> Vollst\u00e4ndige Risikoanalyse des bestehenden Netzwerks durch Experten<\/span><\/p>\n\n\t\t<\/div>\n\t<\/div>\n<div style=\"background-color:;height: 10px\" class=\"nicdark_section\"><\/div><div style=\"background-color:#f1f1f1;height: 1px\" class=\"nicdark_section\"><\/div><div style=\"background-color:;height: 10px\" class=\"nicdark_section\"><\/div>\n\t<div class=\"wpb_text_column wpb_content_element\" >\n\t\t<div class=\"wpb_wrapper\">\n\t\t\t<p><span style=\"color: #993366;\">Zwischenfallmanagement:<\/span><\/p>\n<ul>\n<li style=\"list-style-type: none;\">\n<ul>\n<li><span class=\"s2\">Terugbetaling van kosten voor juridische, <span style=\"color: #a33c73;\">Rechts-, IT- und PR-Dienstleistungen<\/span> zur Begrenzung und Behebung von (Reputations-)Sch\u00e4den<\/span><\/li>\n<li><span class=\"s2\">Tussenkomst in <span style=\"color: #a33c73;\">Reparaturkosten<\/span> von unleserlichen Daten oder Software<\/span><\/li>\n<li><span class=\"s2\">Vergoeding van kosten om <span style=\"color: #a33c73;\">Identifizierung des Datenlecks<\/span> und der Information der betroffenen Personen entstehen<\/span><\/li>\n<\/ul>\n<\/li>\n<\/ul>\n\n\t\t<\/div>\n\t<\/div>\n<div style=\"background-color:;height: 10px\" class=\"nicdark_section\"><\/div><div style=\"background-color:#f1f1f1;height: 1px\" class=\"nicdark_section\"><\/div><div style=\"background-color:;height: 10px\" class=\"nicdark_section\"><\/div>\n\t<div class=\"wpb_text_column wpb_content_element\" >\n\t\t<div class=\"wpb_wrapper\">\n\t\t\t<p><span class=\"s2\"><span style=\"color: #993366;\">Bu\u00dfgelder:<\/span> \u00dcbernahme von Bu\u00dfgeldern, z. B. Bu\u00dfgeld wegen des unzureichenden Schutzes personenbezogener Daten<\/span><\/p>\n\n\t\t<\/div>\n\t<\/div>\n<div style=\"background-color:;height: 10px\" class=\"nicdark_section\"><\/div><div style=\"background-color:#f1f1f1;height: 1px\" class=\"nicdark_section\"><\/div><div style=\"background-color:;height: 10px\" class=\"nicdark_section\"><\/div>\n\t<div class=\"wpb_text_column wpb_content_element\" >\n\t\t<div class=\"wpb_wrapper\">\n\t\t\t<p><span class=\"s2\"><span style=\"color: #993366;\">Netzwerkausfall:<\/span> Deckung f\u00fcr Betriebssch\u00e4den durch Ausfallzeiten<\/span><\/p>\n\n\t\t<\/div>\n\t<\/div>\n<div style=\"background-color:;height: 10px\" class=\"nicdark_section\"><\/div><div style=\"background-color:#f1f1f1;height: 1px\" class=\"nicdark_section\"><\/div><div style=\"background-color:;height: 10px\" class=\"nicdark_section\"><\/div>\n\t<div class=\"wpb_text_column wpb_content_element\" >\n\t\t<div class=\"wpb_wrapper\">\n\t\t\t<p><span class=\"s2\"><span style=\"color: #993366;\">Haftung:<\/span> Entsch\u00e4digung f\u00fcr Sch\u00e4den Dritter und damit verbundene Verteidigungskosten<\/span><\/p>\n\n\t\t<\/div>\n\t<\/div>\n<div style=\"background-color:;height: 10px\" class=\"nicdark_section\"><\/div><div style=\"background-color:#f1f1f1;height: 1px\" class=\"nicdark_section\"><\/div><div style=\"background-color:;height: 10px\" class=\"nicdark_section\"><\/div>\n\t<div class=\"wpb_text_column wpb_content_element\" >\n\t\t<div class=\"wpb_wrapper\">\n\t\t\t<p><span class=\"s2\"><span style=\"color: #993366;\">Digitale Rechtsverletzungen:<\/span> Rechtsverteidigungskosten f\u00fcr die unberechtigte Weitergabe von geistigem Eigentum (DSGVO-Fragen)<\/span><\/p>\n\n\t\t<\/div>\n\t<\/div>\n<div style=\"background-color:;height: 10px\" class=\"nicdark_section\"><\/div><div style=\"background-color:#f1f1f1;height: 1px\" class=\"nicdark_section\"><\/div><div style=\"background-color:;height: 10px\" class=\"nicdark_section\"><\/div>\n\t<div class=\"wpb_text_column wpb_content_element\" >\n\t\t<div class=\"wpb_wrapper\">\n\t\t\t<p><span class=\"s2\"><span style=\"color: #993366;\">Cybererpressung:<\/span> Hilfe bei Verhandlungen, Sicherstellung und der weiteren Abwicklung<\/span><\/p>\n\n\t\t<\/div>\n\t<\/div>\n<div style=\"background-color:;height: 10px\" class=\"nicdark_section\"><\/div><div style=\"background-color:#f1f1f1;height: 1px\" class=\"nicdark_section\"><\/div><div style=\"background-color:;height: 10px\" class=\"nicdark_section\"><\/div>\n\t<div class=\"wpb_text_column wpb_content_element\" >\n\t\t<div class=\"wpb_wrapper\">\n\t\t\t<p><span class=\"s2\"><span style=\"color: #993366;\">Telefon-Hacking:<\/span> Intervention bei \u00fcberh\u00f6hten Telefongeb\u00fchren infolge unbefugten Zugriffs <\/span><\/p>\n\n\t\t<\/div>\n\t<\/div>\n<div style=\"background-color:;height: 10px\" class=\"nicdark_section\"><\/div><div style=\"background-color:#f1f1f1;height: 1px\" class=\"nicdark_section\"><\/div><div style=\"background-color:;height: 10px\" class=\"nicdark_section\"><\/div>\n\t<div class=\"wpb_text_column wpb_content_element\" >\n\t\t<div class=\"wpb_wrapper\">\n\t\t\t<p><span class=\"s2\"><span style=\"color: #993366;\">Cyberdiebstahl:<\/span> Intervention bei Verlust von Geld oder Waren aufgrund eines Cyberdiebstahls<\/span><\/p>\n\n\t\t<\/div>\n\t<\/div>\n<div style=\"background-color:;height: 10px\" class=\"nicdark_section\"><\/div><\/div><\/div><\/div><\/div><\/div><\/div><\/div><\/div><div data-vc-full-width=\"true\" data-vc-full-width-init=\"false\" class=\"vc_row wpb_row vc_row-fluid wpb_animate_when_almost_visible wpb_fadeIn fadeIn vc_custom_1644942059507 vc_row-has-fill\"><div class=\"wpb_column vc_column_container vc_col-sm-12\"><div class=\"vc_column-inner\"><div class=\"wpb_wrapper\"><div class=\"vc_row wpb_row vc_inner vc_row-fluid\"><div class=\"wpb_column vc_column_container vc_col-sm-3\"><div class=\"vc_column-inner\"><div class=\"wpb_wrapper\">\n\t<div class=\"wpb_text_column wpb_content_element\" >\n\t\t<div class=\"wpb_wrapper\">\n\t\t\t<p><span style=\"color: #ffffff;\"><a style=\"color: #ffffff;\" href=\"https:\/\/www.dhondt-insurance.com\/de\/producten\/\">&lt; Andere Produkte anzeigen<\/a><\/span><\/p>\n\n\t\t<\/div>\n\t<\/div>\n<\/div><\/div><\/div><div class=\"wpb_column vc_column_container vc_col-sm-6\"><div class=\"vc_column-inner\"><div class=\"wpb_wrapper\"><\/div><\/div><\/div><div class=\"wpb_column vc_column_container vc_col-sm-3\"><div class=\"vc_column-inner\"><div class=\"wpb_wrapper\">\n\t<div class=\"wpb_text_column wpb_content_element\" >\n\t\t<div class=\"wpb_wrapper\">\n\t\t\t<p><a href=\"https:\/\/www.dhondt-insurance.com\/de\/contact\/\"><span style=\"color: #ffffff;\">Kontaktieren Sie uns &gt;<\/span><\/a><\/p>\n\n\t\t<\/div>\n\t<\/div>\n<\/div><\/div><\/div><\/div><\/div><\/div><\/div><\/div><div class=\"vc_row-full-width vc_clearfix\"><\/div>\n<\/div>","protected":false},"excerpt":{"rendered":"CYBER &nbsp; &gt; Cyberverzekering &gt; CYBERVERZEKERING In onze digitale samenleving komen cyberaanvallen op bedrijven jammer genoeg steeds vaker voor, ook bij kleine bedrijven. De gevolgen zijn niet te onderschatten: de productie valt stil, er wordt losgeld ge\u00ebist, betrouwbaarheid krijgt een deuk, \u2026 Een cyberverzekering biedt ondersteuning op verschillende vlakken en helpt uw bedrijf er weer [...]","protected":false},"author":1,"featured_media":0,"parent":0,"menu_order":0,"comment_status":"closed","ping_status":"closed","template":"","meta":{"footnotes":""},"class_list":["post-3060","page","type-page","status-publish","hentry"],"_links":{"self":[{"href":"https:\/\/www.dhondt-insurance.com\/de\/wp-json\/wp\/v2\/pages\/3060","targetHints":{"allow":["GET"]}}],"collection":[{"href":"https:\/\/www.dhondt-insurance.com\/de\/wp-json\/wp\/v2\/pages"}],"about":[{"href":"https:\/\/www.dhondt-insurance.com\/de\/wp-json\/wp\/v2\/types\/page"}],"author":[{"embeddable":true,"href":"https:\/\/www.dhondt-insurance.com\/de\/wp-json\/wp\/v2\/users\/1"}],"replies":[{"embeddable":true,"href":"https:\/\/www.dhondt-insurance.com\/de\/wp-json\/wp\/v2\/comments?post=3060"}],"version-history":[{"count":0,"href":"https:\/\/www.dhondt-insurance.com\/de\/wp-json\/wp\/v2\/pages\/3060\/revisions"}],"wp:attachment":[{"href":"https:\/\/www.dhondt-insurance.com\/de\/wp-json\/wp\/v2\/media?parent=3060"}],"curies":[{"name":"wp","href":"https:\/\/api.w.org\/{rel}","templated":true}]}}