{"id":3034,"date":"2020-04-07T13:13:42","date_gmt":"2020-04-07T13:13:42","guid":{"rendered":"http:\/\/dhondt-insurance.com\/?page_id=3034"},"modified":"2022-02-16T16:12:21","modified_gmt":"2022-02-16T16:12:21","slug":"omnium-vrachtwagen-trekker","status":"publish","type":"page","link":"https:\/\/www.dhondt-insurance.com\/de\/omnium-vrachtwagen-trekker\/","title":{"rendered":"Omnium vrachtwagen \/ trekker"},"content":{"rendered":"<div class=\"wpb-content-wrapper\"><div class=\"vc_row wpb_row vc_row-fluid wpb_animate_when_almost_visible wpb_fadeIn fadeIn\"><div class=\"wpb_column vc_column_container vc_col-sm-6\"><div class=\"vc_column-inner\"><div class=\"wpb_wrapper\"><\/div><\/div><\/div><div class=\"wpb_column vc_column_container vc_col-sm-6 vc_hidden-xs vc_col-has-fill\"><div class=\"vc_column-inner vc_custom_1644941488498\"><div class=\"wpb_wrapper\">\n\t<div class=\"wpb_text_column wpb_content_element\" >\n\t\t<div class=\"wpb_wrapper\">\n\t\t\t<h4 style=\"padding-left: 80px;\"><span style=\"color: #ffffff;\"><strong>FAHRZEUGE<\/strong><\/span><\/h4>\n<p>&nbsp;<\/p>\n<p style=\"padding-left: 80px;\"><a href=\"https:\/\/www.dhondt-insurance.com\/de\/omnium-vrachtwagen-trekker\/\"><span style=\"color: #ffffff;\">&gt; Vollkaskoversicherung Lastwagen\/Sattelzugmaschine<\/span><\/a><\/p>\n<p style=\"padding-left: 80px;\"><a href=\"https:\/\/www.dhondt-insurance.com\/de\/ba-vrachtwagen-trekker\/\"><span style=\"color: #ffffff;\">&gt; Vollkaskoversicherung Lastwagen\/Sattelzugmaschine<\/span><\/a><\/p>\n<p style=\"padding-left: 80px;\"><a href=\"https:\/\/www.dhondt-insurance.com\/de\/machinebreuk-transport\/\"><span style=\"color: #ffffff;\">&gt; Maschinenbruch Transport<\/span><\/a><\/p>\n<p style=\"padding-left: 80px;\"><a href=\"https:\/\/www.dhondt-insurance.com\/de\/ba-voertuig\/\"><span style=\"color: #ffffff;\">&gt; Kfz-haftpflicht<\/span><\/a><\/p>\n<p style=\"padding-left: 80px;\"><a href=\"https:\/\/www.dhondt-insurance.com\/de\/omnium-voertuig\/\"><span style=\"color: #ffffff;\">&gt; Kfz-Vollkasko<\/span><\/a><\/p>\n<p style=\"padding-left: 80px;\"><a href=\"https:\/\/www.dhondt-insurance.com\/de\/ba-bus\/\"><span style=\"color: #ffffff;\">&gt; Haftpflichtversicherung Busse<\/span><\/a><\/p>\n<p style=\"padding-left: 80px;\"><a href=\"https:\/\/www.dhondt-insurance.com\/de\/omnium-bus\/\"><span style=\"color: #ffffff;\">&gt; Vollkaskoversicherung f\u00fcr Busse<\/span><\/a><\/p>\n\n\t\t<\/div>\n\t<\/div>\n<\/div><\/div><\/div><\/div><div class=\"vc_row wpb_row vc_row-fluid wpb_animate_when_almost_visible wpb_fadeIn fadeIn\"><div class=\"wpb_column vc_column_container vc_col-sm-12\"><div class=\"vc_column-inner\"><div class=\"wpb_wrapper\"><div class=\"vc_row wpb_row vc_inner vc_row-fluid vc_custom_1569482474546\"><div class=\"wpb_column vc_column_container vc_col-sm-12\"><div class=\"vc_column-inner\"><div class=\"wpb_wrapper\"> <h3 style=\"color:#017e87;padding:px;text-align:;font-size:px;line-height:px;letter-spacing: 4px;font-weight:bold\" class=\"nd_options_second_font\">&gt; VOLLKASKOVERSICHERUNG LASTWAGEN\/SATTELZUGMASCHINE<\/h3> <div style=\"background-color:;height: 50px\" class=\"nicdark_section\"><\/div><\/div><\/div><\/div><\/div><div class=\"vc_row wpb_row vc_inner vc_row-fluid\"><div class=\"wpb_column vc_column_container vc_col-sm-12\"><div class=\"vc_column-inner\"><div class=\"wpb_wrapper\"><div style=\"background-color:;height: 25px\" class=\"nicdark_section\"><\/div>\n\t<div class=\"wpb_text_column wpb_content_element\" >\n\t\t<div class=\"wpb_wrapper\">\n\t\t\t<p><em>Eine Vollkaskoversicherung ist f\u00fcr Nutzfahrzeuge \u00e4u\u00dferst sinnvoll. Es gibt eine Reihe spezifischer Deckungen, wie z. B. f\u00fcr Sch\u00e4den, die durch Ladung verursacht werden. Dar\u00fcber hinaus macht die Vollkasko genau das, was sie soll: den eigenen Schaden abdecken. <\/em><\/p>\n\n\t\t<\/div>\n\t<\/div>\n<\/div><\/div><\/div><\/div><div style=\"background-color:;height: 25px\" class=\"nicdark_section\"><\/div><div style=\"background-color:#017e87;height: 1px\" class=\"nicdark_section\"><\/div><div class=\"vc_row wpb_row vc_inner vc_row-fluid\"><div class=\"wpb_column vc_column_container vc_col-sm-12\"><div class=\"vc_column-inner\"><div class=\"wpb_wrapper\"><div style=\"background-color:;height: 50px\" class=\"nicdark_section\"><\/div>\n\t<div class=\"wpb_text_column wpb_content_element\" >\n\t\t<div class=\"wpb_wrapper\">\n\t\t\t<h5><strong>An die Transportbranche angepasst<\/strong><\/h5>\n<p>&nbsp;<\/p>\n<p>&nbsp;<\/p>\n<p>Ein neuer Lastwagen oder eine neue Sattelzugmaschine? Eine Vollkaskoversicherung deckt viele m\u00f6gliche Sch\u00e4den ab. \u00dcber das System der Erstrisikodeckung wird im Voraus ein Betrag als Interventionsgrenze festgelegt. Eventuelle Abschlepp- und R\u00fcckholkosten sind ebenfalls im Versicherungsumfang enthalten. Au\u00dferdem Sie k\u00f6nnen mit einer Entsch\u00e4digung f\u00fcr jeden Tag rechnen, den das Fahrzeug nicht eingesetzt werden kann (Ausfall). Dank der verschiedenen Selbstbeteiligungsvarianten stimmen wir die Versicherung zu 100 % auf Ihr Unternehmen ab <a href=\"https:\/\/www.dhondt-insurance.com\/de\/contact\/\">Kontaktieren Sie uns<\/a>!<\/p>\n\n\t\t<\/div>\n\t<\/div>\n<\/div><\/div><\/div><\/div><div class=\"vc_row wpb_row vc_inner vc_row-fluid vc_custom_1569482474546\"><div class=\"wpb_column vc_column_container vc_col-sm-12\"><div class=\"vc_column-inner\"><div class=\"wpb_wrapper\"><div style=\"background-color:#017e87;height: 1px\" class=\"nicdark_section\"><\/div><\/div><\/div><\/div><\/div><div class=\"vc_row wpb_row vc_inner vc_row-fluid vc_custom_1644941515659 vc_row-has-fill\"><div class=\"wpb_column vc_column_container vc_col-sm-12\"><div class=\"vc_column-inner\"><div class=\"wpb_wrapper\"> <p style=\"color:#2d2d2d;padding:px;text-align:;font-size:16px;line-height:px;letter-spacing: px;font-weight:bold\" class=\"\">Was wird abgedeckt?<\/p> <div style=\"background-color:;height: 25px\" class=\"nicdark_section\"><\/div><div style=\"background-color:;height: 10px\" class=\"nicdark_section\"><\/div>\n\t<div class=\"wpb_text_column wpb_content_element\" >\n\t\t<div class=\"wpb_wrapper\">\n\t\t\t<p>Eigener Schaden, Glasbruch, Feuer, Diebstahl, Naturgewalten<\/p>\n\n\t\t<\/div>\n\t<\/div>\n<div style=\"background-color:;height: 10px\" class=\"nicdark_section\"><\/div><div style=\"background-color:#f1f1f1;height: 1px\" class=\"nicdark_section\"><\/div><div style=\"background-color:;height: 10px\" class=\"nicdark_section\"><\/div>\n\t<div class=\"wpb_text_column wpb_content_element\" >\n\t\t<div class=\"wpb_wrapper\">\n\t\t\t<p>Spezielle Erweiterungen f\u00fcr den Transport:<\/p>\n<ul>\n<li style=\"list-style-type: none;\">\n<ul>\n<li style=\"text-align: left;\">Sch\u00e4den durch Einknicken des Anh\u00e4ngers<\/li>\n<li style=\"text-align: left;\">Verlust und Veruntreuung<\/li>\n<li style=\"text-align: left;\">Umkippen<\/li>\n<li style=\"text-align: left;\">Durch Ladung verursachte Sch\u00e4den<\/li>\n<\/ul>\n<\/li>\n<\/ul>\n\n\t\t<\/div>\n\t<\/div>\n<div style=\"background-color:;height: 45px\" class=\"nicdark_section\"><\/div>\n\t<div class=\"wpb_text_column wpb_content_element\" >\n\t\t<div class=\"wpb_wrapper\">\n\t\t\t<p>Eine gesonderte Deckung f\u00fcr Feuer und Diebstahl ist ebenfalls m\u00f6glich, wobei Ihr eigener Schaden dabei nicht abgedeckt ist.<\/p>\n\n\t\t<\/div>\n\t<\/div>\n<\/div><\/div><\/div><\/div><\/div><\/div><\/div><\/div><div data-vc-full-width=\"true\" data-vc-full-width-init=\"false\" class=\"vc_row wpb_row vc_row-fluid wpb_animate_when_almost_visible wpb_fadeIn fadeIn vc_custom_1644941501606 vc_row-has-fill\"><div class=\"wpb_column vc_column_container vc_col-sm-3\"><div class=\"vc_column-inner\"><div class=\"wpb_wrapper\">\n\t<div class=\"wpb_text_column wpb_content_element\" >\n\t\t<div class=\"wpb_wrapper\">\n\t\t\t<p><span style=\"color: #ffffff;\"><a style=\"color: #ffffff;\" href=\"https:\/\/www.dhondt-insurance.com\/de\/producten\/\">&lt; Andere Produkte anzeigen<\/a><\/span><\/p>\n\n\t\t<\/div>\n\t<\/div>\n<\/div><\/div><\/div><div class=\"wpb_column vc_column_container vc_col-sm-6\"><div class=\"vc_column-inner\"><div class=\"wpb_wrapper\"><\/div><\/div><\/div><div class=\"wpb_column vc_column_container vc_col-sm-3\"><div class=\"vc_column-inner\"><div class=\"wpb_wrapper\">\n\t<div class=\"wpb_text_column wpb_content_element\" >\n\t\t<div class=\"wpb_wrapper\">\n\t\t\t<p><a href=\"https:\/\/www.dhondt-insurance.com\/de\/contact\/\"><span style=\"color: #ffffff;\">Kontaktieren Sie uns &gt;<\/span><\/a><\/p>\n\n\t\t<\/div>\n\t<\/div>\n<\/div><\/div><\/div><\/div><div class=\"vc_row-full-width vc_clearfix\"><\/div>\n<\/div>","protected":false},"excerpt":{"rendered":"VOERTUIGEN &nbsp; &gt; Omnium vrachtwagen \/ trekker &gt; Ba vrachtwagen \/ trekker &gt; Machinebreuk transport &gt; Ba voertuig &gt; Omnium voertuig &gt; Ba bus &gt; Omnium bus &gt; OMNIUM VRACHTWAGEN \/ TREKKER Een omniumverzekering is voor bedrijfsvoertuigen uiterst nuttig. Er zijn namelijk een aantal specifieke dekkingen zoals schade door lading. Daarnaast doet de omnium uiteraard [...]","protected":false},"author":1,"featured_media":0,"parent":0,"menu_order":0,"comment_status":"closed","ping_status":"closed","template":"","meta":{"footnotes":""},"class_list":["post-3034","page","type-page","status-publish","hentry"],"_links":{"self":[{"href":"https:\/\/www.dhondt-insurance.com\/de\/wp-json\/wp\/v2\/pages\/3034","targetHints":{"allow":["GET"]}}],"collection":[{"href":"https:\/\/www.dhondt-insurance.com\/de\/wp-json\/wp\/v2\/pages"}],"about":[{"href":"https:\/\/www.dhondt-insurance.com\/de\/wp-json\/wp\/v2\/types\/page"}],"author":[{"embeddable":true,"href":"https:\/\/www.dhondt-insurance.com\/de\/wp-json\/wp\/v2\/users\/1"}],"replies":[{"embeddable":true,"href":"https:\/\/www.dhondt-insurance.com\/de\/wp-json\/wp\/v2\/comments?post=3034"}],"version-history":[{"count":0,"href":"https:\/\/www.dhondt-insurance.com\/de\/wp-json\/wp\/v2\/pages\/3034\/revisions"}],"wp:attachment":[{"href":"https:\/\/www.dhondt-insurance.com\/de\/wp-json\/wp\/v2\/media?parent=3034"}],"curies":[{"name":"wp","href":"https:\/\/api.w.org\/{rel}","templated":true}]}}