{"id":3031,"date":"2020-04-07T13:10:08","date_gmt":"2020-04-07T13:10:08","guid":{"rendered":"http:\/\/dhondt-insurance.com\/?page_id=3031"},"modified":"2022-02-15T16:02:34","modified_gmt":"2022-02-15T16:02:34","slug":"ba-vrachtwagen-trekker","status":"publish","type":"page","link":"https:\/\/www.dhondt-insurance.com\/de\/ba-vrachtwagen-trekker\/","title":{"rendered":"BA vrachtwagen \/ trekker"},"content":{"rendered":"<div class=\"wpb-content-wrapper\"><div class=\"vc_row wpb_row vc_row-fluid wpb_animate_when_almost_visible wpb_fadeIn fadeIn\"><div class=\"wpb_column vc_column_container vc_col-sm-6\"><div class=\"vc_column-inner\"><div class=\"wpb_wrapper\"><\/div><\/div><\/div><div class=\"wpb_column vc_column_container vc_col-sm-6 vc_hidden-xs vc_col-has-fill\"><div class=\"vc_column-inner vc_custom_1644940908959\"><div class=\"wpb_wrapper\">\n\t<div class=\"wpb_text_column wpb_content_element\" >\n\t\t<div class=\"wpb_wrapper\">\n\t\t\t<h4 style=\"padding-left: 80px;\"><span style=\"color: #ffffff;\"><strong>FAHRZEUGE<\/strong><\/span><\/h4>\n<p>&nbsp;<\/p>\n<p style=\"padding-left: 80px;\"><a href=\"https:\/\/www.dhondt-insurance.com\/de\/ba-vrachtwagen-trekker\/\"><span style=\"color: #ffffff;\">&gt; Haftpflicht f\u00fcr Lkw\/Sattelzugmaschinen<\/span><\/a><\/p>\n<p style=\"padding-left: 80px;\"><a href=\"https:\/\/www.dhondt-insurance.com\/de\/omnium-vrachtwagen-trekker\/\"><span style=\"color: #ffffff;\">&gt; Vollkaskoversicherung Lastwagen\/Sattelzugmaschine<\/span><\/a><\/p>\n<p style=\"padding-left: 80px;\"><a href=\"https:\/\/www.dhondt-insurance.com\/de\/machinebreuk-transport\/\"><span style=\"color: #ffffff;\">&gt; Maschinenbruch Transport<\/span><\/a><\/p>\n<p style=\"padding-left: 80px;\"><a href=\"https:\/\/www.dhondt-insurance.com\/de\/ba-voertuig\/\"><span style=\"color: #ffffff;\">&gt; KFZ-Haftpflicht<\/span><\/a><\/p>\n<p style=\"padding-left: 80px;\"><a href=\"https:\/\/www.dhondt-insurance.com\/de\/omnium-voertuig\/\"><span style=\"color: #ffffff;\">&gt; Kfz-Vollkasko<\/span><\/a><\/p>\n<p style=\"padding-left: 80px;\"><a href=\"https:\/\/www.dhondt-insurance.com\/de\/ba-bus\/\"><span style=\"color: #ffffff;\">&gt; BA bus<\/span><\/a><\/p>\n<p style=\"padding-left: 80px;\"><a href=\"https:\/\/www.dhondt-insurance.com\/de\/omnium-bus\/\"><span style=\"color: #ffffff;\">&gt; Vollkaskoversicherung f\u00fcr Busse<\/span><\/a><\/p>\n\n\t\t<\/div>\n\t<\/div>\n<\/div><\/div><\/div><\/div><div class=\"vc_row wpb_row vc_row-fluid wpb_animate_when_almost_visible wpb_fadeIn fadeIn\"><div class=\"wpb_column vc_column_container vc_col-sm-12\"><div class=\"vc_column-inner\"><div class=\"wpb_wrapper\"><div class=\"vc_row wpb_row vc_inner vc_row-fluid vc_custom_1569482474546\"><div class=\"wpb_column vc_column_container vc_col-sm-12\"><div class=\"vc_column-inner\"><div class=\"wpb_wrapper\"> <h3 style=\"color:#017e87;padding:px;text-align:;font-size:px;line-height:px;letter-spacing: 4px;font-weight:bold\" class=\"nd_options_second_font\">&gt; HAFTPFLICHT F\u00dcR LKW\/SATTELZUGMASCHINEN<\/h3> <div style=\"background-color:;height: 50px\" class=\"nicdark_section\"><\/div><\/div><\/div><\/div><\/div><div class=\"vc_row wpb_row vc_inner vc_row-fluid\"><div class=\"wpb_column vc_column_container vc_col-sm-12\"><div class=\"vc_column-inner\"><div class=\"wpb_wrapper\"><div style=\"background-color:;height: 25px\" class=\"nicdark_section\"><\/div>\n\t<div class=\"wpb_text_column wpb_content_element\" >\n\t\t<div class=\"wpb_wrapper\">\n\t\t\t<p><em>Eine Haftpflichtversicherung f\u00fcr Lastwagen und Sattelzugmaschinen ist Vorschrift. Sie hilft bei allen Personen- und Sachsch\u00e4den gegen\u00fcber Dritten, die Ihr Fahrer zu verantworten hat. <\/em><\/p>\n\n\t\t<\/div>\n\t<\/div>\n<\/div><\/div><\/div><\/div><div style=\"background-color:;height: 25px\" class=\"nicdark_section\"><\/div><div style=\"background-color:#017e87;height: 1px\" class=\"nicdark_section\"><\/div><div class=\"vc_row wpb_row vc_inner vc_row-fluid\"><div class=\"wpb_column vc_column_container vc_col-sm-12\"><div class=\"vc_column-inner\"><div class=\"wpb_wrapper\"><div style=\"background-color:;height: 50px\" class=\"nicdark_section\"><\/div>\n\t<div class=\"wpb_text_column wpb_content_element\" >\n\t\t<div class=\"wpb_wrapper\">\n\t\t\t<h5><strong>Sch\u00e4den Dritter abdecken<\/strong><\/h5>\n<p>&nbsp;<\/p>\n<p>&nbsp;<\/p>\n<p>Die Versicherung des Verursachers haftet f\u00fcr jede Art von Schaden gegen\u00fcber Dritten, von Sachsch\u00e4den bis hin zu dauerhaften Personensch\u00e4den. Sch\u00e4den an der Kleidung sind bis zu einem bestimmten Betrag ebenfalls versichert. M\u00f6chten Sie eine angemessene Versicherung f\u00fcr Ihre Lastwagen und\/oder Sattelzugmaschinen? Z\u00f6gern Sie nicht, uns zu <a href=\"https:\/\/www.dhondt-insurance.com\/de\/contact\/\"><span style=\"color: #017e87;\">kontaktieren.<\/span><\/a>. Gemeinsam sehen wir uns die M\u00f6glichkeiten an!<\/p>\n\n\t\t<\/div>\n\t<\/div>\n<\/div><\/div><\/div><\/div><div class=\"vc_row wpb_row vc_inner vc_row-fluid vc_custom_1569482474546\"><div class=\"wpb_column vc_column_container vc_col-sm-12\"><div class=\"vc_column-inner\"><div class=\"wpb_wrapper\"><div style=\"background-color:#017e87;height: 1px\" class=\"nicdark_section\"><\/div><\/div><\/div><\/div><\/div><div class=\"vc_row wpb_row vc_inner vc_row-fluid vc_custom_1644940950482 vc_row-has-fill\"><div class=\"wpb_column vc_column_container vc_col-sm-12\"><div class=\"vc_column-inner\"><div class=\"wpb_wrapper\"> <p style=\"color:#2d2d2d;padding:px;text-align:;font-size:16px;line-height:px;letter-spacing: px;font-weight:bold\" class=\"\">Was wird abgedeckt?<\/p> <div style=\"background-color:;height: 25px\" class=\"nicdark_section\"><\/div><div style=\"background-color:;height: 10px\" class=\"nicdark_section\"><\/div>\n\t<div class=\"wpb_text_column wpb_content_element\" >\n\t\t<div class=\"wpb_wrapper\">\n\t\t\t<p>Personen- und Sachsch\u00e4den gegen\u00fcber Dritten<\/p>\n\n\t\t<\/div>\n\t<\/div>\n<div style=\"background-color:;height: 10px\" class=\"nicdark_section\"><\/div><div style=\"background-color:#f1f1f1;height: 1px\" class=\"nicdark_section\"><\/div><div style=\"background-color:;height: 10px\" class=\"nicdark_section\"><\/div>\n\t<div class=\"wpb_text_column wpb_content_element\" >\n\t\t<div class=\"wpb_wrapper\">\n\t\t\t<p style=\"text-align: left;\">M\u00f6gliche Erweiterung mit einer sogenannten <span style=\"color: #017e87;\">sogenannte Schwesterfahrzeugsklausel<\/span>: Bei gegenseitigen Sch\u00e4den zwischen Fahrzeugen desselben Fuhrparks werden diese als Dritte betrachtet.<\/p>\n\n\t\t<\/div>\n\t<\/div>\n<div style=\"background-color:;height: 10px\" class=\"nicdark_section\"><\/div><\/div><\/div><\/div><\/div><\/div><\/div><\/div><\/div><div data-vc-full-width=\"true\" data-vc-full-width-init=\"false\" class=\"vc_row wpb_row vc_row-fluid wpb_animate_when_almost_visible wpb_fadeIn fadeIn vc_custom_1644940921007 vc_row-has-fill\"><div class=\"wpb_column vc_column_container vc_col-sm-3\"><div class=\"vc_column-inner\"><div class=\"wpb_wrapper\">\n\t<div class=\"wpb_text_column wpb_content_element\" >\n\t\t<div class=\"wpb_wrapper\">\n\t\t\t<p><a href=\"https:\/\/www.dhondt-insurance.com\/de\/producten\/\"><span style=\"color: #ffffff;\">&lt; Andere Produkte anzeigen<\/span><\/a><\/p>\n\n\t\t<\/div>\n\t<\/div>\n<\/div><\/div><\/div><div class=\"wpb_column vc_column_container vc_col-sm-6\"><div class=\"vc_column-inner\"><div class=\"wpb_wrapper\"><\/div><\/div><\/div><div class=\"wpb_column vc_column_container vc_col-sm-3\"><div class=\"vc_column-inner\"><div class=\"wpb_wrapper\">\n\t<div class=\"wpb_text_column wpb_content_element\" >\n\t\t<div class=\"wpb_wrapper\">\n\t\t\t<p><a href=\"https:\/\/www.dhondt-insurance.com\/de\/contact\/\"><span style=\"color: #ffffff;\">Kontaktieren Sie uns &gt;<\/span><\/a><\/p>\n\n\t\t<\/div>\n\t<\/div>\n<\/div><\/div><\/div><\/div><div class=\"vc_row-full-width vc_clearfix\"><\/div>\n<\/div>","protected":false},"excerpt":{"rendered":"VOERTUIGEN &nbsp; &gt; BA vrachtwagen \/ trekker &gt; Omnium vrachtwagen \/ trekker &gt; Machinebreuk transport &gt; BA voertuig &gt; Omnium voertuig &gt; BA bus &gt; Omnium bus &gt; BA VRACHTWAGEN \/ TREKKER De verzekering Burgerlijke Aansprakelijkheid voor vrachtwagens en trekkers is verplicht. Ze komt tussen bij alle lichamelijke en stoffelijke schade aan derden waarbij uw [...]","protected":false},"author":1,"featured_media":0,"parent":0,"menu_order":0,"comment_status":"closed","ping_status":"closed","template":"","meta":{"footnotes":""},"class_list":["post-3031","page","type-page","status-publish","hentry"],"_links":{"self":[{"href":"https:\/\/www.dhondt-insurance.com\/de\/wp-json\/wp\/v2\/pages\/3031","targetHints":{"allow":["GET"]}}],"collection":[{"href":"https:\/\/www.dhondt-insurance.com\/de\/wp-json\/wp\/v2\/pages"}],"about":[{"href":"https:\/\/www.dhondt-insurance.com\/de\/wp-json\/wp\/v2\/types\/page"}],"author":[{"embeddable":true,"href":"https:\/\/www.dhondt-insurance.com\/de\/wp-json\/wp\/v2\/users\/1"}],"replies":[{"embeddable":true,"href":"https:\/\/www.dhondt-insurance.com\/de\/wp-json\/wp\/v2\/comments?post=3031"}],"version-history":[{"count":0,"href":"https:\/\/www.dhondt-insurance.com\/de\/wp-json\/wp\/v2\/pages\/3031\/revisions"}],"wp:attachment":[{"href":"https:\/\/www.dhondt-insurance.com\/de\/wp-json\/wp\/v2\/media?parent=3031"}],"curies":[{"name":"wp","href":"https:\/\/api.w.org\/{rel}","templated":true}]}}