{"id":3025,"date":"2020-04-07T12:33:37","date_gmt":"2020-04-07T12:33:37","guid":{"rendered":"http:\/\/dhondt-insurance.com\/?page_id=3025"},"modified":"2022-02-15T16:20:11","modified_gmt":"2022-02-15T16:20:11","slug":"arbeidsongevallenverzekering","status":"publish","type":"page","link":"https:\/\/www.dhondt-insurance.com\/de\/arbeidsongevallenverzekering\/","title":{"rendered":"Arbeidsongevallenverzekering"},"content":{"rendered":"<div class=\"wpb-content-wrapper\"><div class=\"vc_row wpb_row vc_row-fluid wpb_animate_when_almost_visible wpb_fadeIn fadeIn\"><div class=\"wpb_column vc_column_container vc_col-sm-6\"><div class=\"vc_column-inner\"><div class=\"wpb_wrapper\"><\/div><\/div><\/div><div class=\"wpb_column vc_column_container vc_col-sm-6 vc_hidden-xs vc_col-has-fill\"><div class=\"vc_column-inner vc_custom_1644941961929\"><div class=\"wpb_wrapper\">\n\t<div class=\"wpb_text_column wpb_content_element\" >\n\t\t<div class=\"wpb_wrapper\">\n\t\t\t<h4 style=\"padding-left: 80px;\"><span style=\"color: #ffffff;\"><strong>ARBEITSUNF\u00c4LLE<\/strong><\/span><\/h4>\n<p>&nbsp;<\/p>\n<h4><\/h4>\n<h4 style=\"padding-left: 80px;\"><\/h4>\n<p style=\"padding-left: 80px;\"><a href=\"https:\/\/www.dhondt-insurance.com\/de\/arbeidsongevallenverzekering\/\"><span style=\"color: #ffffff;\">&gt; Arbeitsunfallversicherung<\/span><\/a><\/p>\n\n\t\t<\/div>\n\t<\/div>\n<\/div><\/div><\/div><\/div><div class=\"vc_row wpb_row vc_row-fluid wpb_animate_when_almost_visible wpb_fadeIn fadeIn\"><div class=\"wpb_column vc_column_container vc_col-sm-12\"><div class=\"vc_column-inner\"><div class=\"wpb_wrapper\"><div class=\"vc_row wpb_row vc_inner vc_row-fluid vc_custom_1569482474546\"><div class=\"wpb_column vc_column_container vc_col-sm-12\"><div class=\"vc_column-inner\"><div class=\"wpb_wrapper\"><div style=\"background-color:;height: 50px\" class=\"nicdark_section\"><\/div> <h3 style=\"color:#91005c;padding:px;text-align:;font-size:px;line-height:px;letter-spacing: 4px;font-weight:bold\" class=\"nd_options_second_font\">&gt; ARBEITSUNFALLVERSICHERUNG<\/h3> <div style=\"background-color:;height: 25px\" class=\"nicdark_section\"><\/div><\/div><\/div><\/div><\/div><div class=\"vc_row wpb_row vc_inner vc_row-fluid\"><div class=\"wpb_column vc_column_container vc_col-sm-12\"><div class=\"vc_column-inner\"><div class=\"wpb_wrapper\"><div style=\"background-color:;height: 25px\" class=\"nicdark_section\"><\/div>\n\t<div class=\"wpb_text_column wpb_content_element\" >\n\t\t<div class=\"wpb_wrapper\">\n\t\t\t<p><em>Sobald Sie einen Mitarbeiter besch\u00e4ftigen, ist in Belgien eine Arbeitsunfallversicherung gesetzlich vorgeschrieben. Wenn sich ein Unfall ereignet, greift diese Versicherung auf verschiedenen Ebenen. Die Versicherung kann um zahlreiche zus\u00e4tzliche Deckungen erweitert werden, sodass der Inhalt zu 100 % auf Ihre Gesch\u00e4ftst\u00e4tigkeit und Ihre Mitarbeiter abgestimmt ist. <\/em><\/p>\n\n\t\t<\/div>\n\t<\/div>\n<\/div><\/div><\/div><\/div><div style=\"background-color:;height: 25px\" class=\"nicdark_section\"><\/div><div style=\"background-color:#91005c;height: 1px\" class=\"nicdark_section\"><\/div><div class=\"vc_row wpb_row vc_inner vc_row-fluid\"><div class=\"wpb_column vc_column_container vc_col-sm-12\"><div class=\"vc_column-inner\"><div class=\"wpb_wrapper\"><div style=\"background-color:;height: 50px\" class=\"nicdark_section\"><\/div> <p style=\"color:#000000;padding:px;text-align:;font-size:16px;line-height:px;letter-spacing: px;font-weight:bold\" class=\"nd_options_second_font\">Ihre Sicherheit bei Arbeitsunf\u00e4llen<\/p> <div style=\"background-color:;height: 35px\" class=\"nicdark_section\"><\/div>\n\t<div class=\"wpb_text_column wpb_content_element\" >\n\t\t<div class=\"wpb_wrapper\">\n\t\t\t<p>Im Wesentlichen kann diese Versicherung bei Arbeitsunf\u00e4llen oder bei Unf\u00e4llen auf dem Weg zur und von der Arbeit (auf dem \u00fcblichen Weg) in Anspruch genommen werden. Die Arbeitsunfallversicherung an sich bietet jedoch viel mehr. Es gibt zum Beispiel einen Standardschutz, der sicherstellt, dass die Versicherung voll und ganz zu unserer modernen Gesellschaft passt.<\/p>\n<ul>\n<li><span style=\"color: #91005c;\">Lebenspartner:<\/span> Im Falle des Todes eines Arbeitnehmers wird der Lebenspartner dem Ehepartner gleichgestellt.<\/li>\n<li><span style=\"color: #91005c;\">Heimarbeit:<\/span> Unf\u00e4lle im Rahmen von Heimarbeit sind versichert.<\/li>\n<li><span style=\"color: #91005c;\">Einsatz 24\/24: <\/span>Unf\u00e4lle w\u00e4hrend vor\u00fcbergehender Eins\u00e4tze im In- und Ausland sind versichert.<\/li>\n<li><span style=\"color: #91005c;\">Sport- und andere Veranstaltungen:<\/span> Unf\u00e4lle, w\u00e4hrend oder auf dem Weg zu\/von einer Veranstaltung, die Sie organisieren oder an der Ihre Mitarbeiter teilnehmen, sind abgedeckt.<\/li>\n<\/ul>\n<p>&nbsp;<\/p>\n<p>Wir sorgen immer f\u00fcr eine auf die Bed\u00fcrfnisse Ihres Unternehmens angepasste Versicherung. Die Versicherungspr\u00e4mie h\u00e4ngt u. a. von der Art Ihrer Betriebst\u00e4tigkeit und der Kategorie ab, zu der Ihre Mitarbeiter geh\u00f6ren. Die Entsch\u00e4digung wird auf Grundlage des Gehalts des Arbeitnehmers berechnet, begrenzt auf die gesetzliche Obergrenze von 44.817,89 EUR (Jahr 2020). Um allen Ihren Mitarbeitern ein Komplettpaket anzubieten, k\u00f6nnen Sie Ihre Versicherung auch um eine Reihe von Zusatzleistungen erweitern. <span style=\"color: #91005c;\"><a style=\"color: #91005c;\" href=\"https:\/\/www.dhondt-insurance.com\/de\/contact\/\">Kontaktieren Sie uns<\/a><\/span> f\u00fcr weitere Informationen!<\/p>\n\n\t\t<\/div>\n\t<\/div>\n<\/div><\/div><\/div><\/div><div class=\"vc_row wpb_row vc_inner vc_row-fluid vc_custom_1569482474546\"><div class=\"wpb_column vc_column_container vc_col-sm-12\"><div class=\"vc_column-inner\"><div class=\"wpb_wrapper\"><div style=\"background-color:#91005c;height: 1px\" class=\"nicdark_section\"><\/div><\/div><\/div><\/div><\/div><div class=\"vc_row wpb_row vc_inner vc_row-fluid vc_custom_1644942008069 vc_row-has-fill\"><div class=\"wpb_column vc_column_container vc_col-sm-12\"><div class=\"vc_column-inner\"><div class=\"wpb_wrapper\"> <p style=\"color:#2d2d2d;padding:px;text-align:;font-size:16px;line-height:px;letter-spacing: px;font-weight:bold\" class=\"\">Was wird abgedeckt?<\/p> <div style=\"background-color:;height: 25px\" class=\"nicdark_section\"><\/div><div style=\"background-color:;height: 10px\" class=\"nicdark_section\"><\/div>\n\t<div class=\"wpb_text_column wpb_content_element\" >\n\t\t<div class=\"wpb_wrapper\">\n\t\t\t<p>Medizinische Behandlungskosten<\/p>\n\n\t\t<\/div>\n\t<\/div>\n<div style=\"background-color:;height: 10px\" class=\"nicdark_section\"><\/div><div style=\"background-color:#f1f1f1;height: 1px\" class=\"nicdark_section\"><\/div><div style=\"background-color:;height: 10px\" class=\"nicdark_section\"><\/div>\n\t<div class=\"wpb_text_column wpb_content_element\" >\n\t\t<div class=\"wpb_wrapper\">\n\t\t\t<p>Vor\u00fcbergehende Arbeitsunf\u00e4higkeit<\/p>\n\n\t\t<\/div>\n\t<\/div>\n<div style=\"background-color:;height: 10px\" class=\"nicdark_section\"><\/div><div style=\"background-color:#f1f1f1;height: 1px\" class=\"nicdark_section\"><\/div><div style=\"background-color:;height: 10px\" class=\"nicdark_section\"><\/div>\n\t<div class=\"wpb_text_column wpb_content_element\" >\n\t\t<div class=\"wpb_wrapper\">\n\t\t\t<p>Dauerhafte Arbeitsunf\u00e4higkeit<\/p>\n\n\t\t<\/div>\n\t<\/div>\n<div style=\"background-color:;height: 10px\" class=\"nicdark_section\"><\/div><div style=\"background-color:#f1f1f1;height: 1px\" class=\"nicdark_section\"><\/div><div style=\"background-color:;height: 10px\" class=\"nicdark_section\"><\/div>\n\t<div class=\"wpb_text_column wpb_content_element\" >\n\t\t<div class=\"wpb_wrapper\">\n\t\t\t<p>Tod nach einem Unfall<\/p>\n\n\t\t<\/div>\n\t<\/div>\n<div style=\"background-color:;height: 10px\" class=\"nicdark_section\"><\/div> <p style=\"color:#2d2d2d;padding:px;text-align:;font-size:16px;line-height:px;letter-spacing: px;font-weight:bold\" class=\"\">Die vorgeschriebene Versicherung kann um Zusatzleistungen erweitert werden:<\/p> <div style=\"background-color:;height: 10px\" class=\"nicdark_section\"><\/div><div style=\"background-color:;height: 25px\" class=\"nicdark_section\"><\/div>\n\t<div class=\"wpb_text_column wpb_content_element\" >\n\t\t<div class=\"wpb_wrapper\">\n\t\t\t<ul>\n<li><span style=\"color: #91005c;\">Exzedentenversicherung:<\/span> wenn L\u00f6hne und Geh\u00e4lter \u00fcber der gesetzlichen Obergrenze liegen.<\/li>\n<li><span style=\"color: #91005c;\">Zugesichertes Gehalt:<\/span> Die Versicherung zahlt die Differenz zwischen der Verg\u00fctung und dem normalen Gehalt des Arbeitnehmers.<\/li>\n<li><span style=\"color: #91005c;\">24\/24 Versicherung:<\/span> deckt Personensch\u00e4den (auch nicht-berufliche) jederzeit ab.<\/li>\n<\/ul>\n\n\t\t<\/div>\n\t<\/div>\n<\/div><\/div><\/div><\/div><\/div><\/div><\/div><\/div><div data-vc-full-width=\"true\" data-vc-full-width-init=\"false\" class=\"vc_row wpb_row vc_row-fluid wpb_animate_when_almost_visible wpb_fadeIn fadeIn vc_custom_1644941973320 vc_row-has-fill\"><div class=\"wpb_column vc_column_container vc_col-sm-3\"><div class=\"vc_column-inner\"><div class=\"wpb_wrapper\">\n\t<div class=\"wpb_text_column wpb_content_element\" >\n\t\t<div class=\"wpb_wrapper\">\n\t\t\t<p><a href=\"https:\/\/www.dhondt-insurance.com\/de\/producten\/\"><span style=\"color: #ffffff;\">&lt; Produkte anzeigen<\/span><\/a><\/p>\n\n\t\t<\/div>\n\t<\/div>\n<\/div><\/div><\/div><div class=\"wpb_column vc_column_container vc_col-sm-6\"><div class=\"vc_column-inner\"><div class=\"wpb_wrapper\"><\/div><\/div><\/div><div class=\"wpb_column vc_column_container vc_col-sm-3\"><div class=\"vc_column-inner\"><div class=\"wpb_wrapper\">\n\t<div class=\"wpb_text_column wpb_content_element\" >\n\t\t<div class=\"wpb_wrapper\">\n\t\t\t<p><a href=\"https:\/\/www.dhondt-insurance.com\/de\/contact\/\"><span style=\"color: #ffffff;\">Kontaktieren Sie uns &gt;<\/span><\/a><\/p>\n\n\t\t<\/div>\n\t<\/div>\n<\/div><\/div><\/div><\/div><div class=\"vc_row-full-width vc_clearfix\"><\/div>\n<\/div>","protected":false},"excerpt":{"rendered":"ARBEIDSONGEVALLEN &nbsp; &gt; Arbeidsongevallenverzekering &gt; ARBEIDSONGEVALLENVERZEKERING Van zodra u \u00e9\u00e9n personeelslid in dienst hebt, is een arbeidsongevallenverzekering wettelijk verplicht in Belgi\u00eb. De verzekering komt op verschillende vlakken tussen wanneer er zich een ongeval voordoet. Deze verzekering is uitbreidbaar met tal van extra dekkingen zodat de inhoud 100% afgestemd is op uw bedrijfsactiviteiten en medewerkers. Uw [...]","protected":false},"author":1,"featured_media":0,"parent":0,"menu_order":0,"comment_status":"closed","ping_status":"closed","template":"","meta":{"footnotes":""},"class_list":["post-3025","page","type-page","status-publish","hentry"],"_links":{"self":[{"href":"https:\/\/www.dhondt-insurance.com\/de\/wp-json\/wp\/v2\/pages\/3025","targetHints":{"allow":["GET"]}}],"collection":[{"href":"https:\/\/www.dhondt-insurance.com\/de\/wp-json\/wp\/v2\/pages"}],"about":[{"href":"https:\/\/www.dhondt-insurance.com\/de\/wp-json\/wp\/v2\/types\/page"}],"author":[{"embeddable":true,"href":"https:\/\/www.dhondt-insurance.com\/de\/wp-json\/wp\/v2\/users\/1"}],"replies":[{"embeddable":true,"href":"https:\/\/www.dhondt-insurance.com\/de\/wp-json\/wp\/v2\/comments?post=3025"}],"version-history":[{"count":0,"href":"https:\/\/www.dhondt-insurance.com\/de\/wp-json\/wp\/v2\/pages\/3025\/revisions"}],"wp:attachment":[{"href":"https:\/\/www.dhondt-insurance.com\/de\/wp-json\/wp\/v2\/media?parent=3025"}],"curies":[{"name":"wp","href":"https:\/\/api.w.org\/{rel}","templated":true}]}}