{"id":3012,"date":"2020-04-07T12:25:22","date_gmt":"2020-04-07T12:25:22","guid":{"rendered":"http:\/\/dhondt-insurance.com\/?page_id=3012"},"modified":"2022-02-15T15:46:58","modified_gmt":"2022-02-15T15:46:58","slug":"contaminatieverzekering-recall","status":"publish","type":"page","link":"https:\/\/www.dhondt-insurance.com\/de\/contaminatieverzekering-recall\/","title":{"rendered":"Produktr\u00fcckruf"},"content":{"rendered":"<div class=\"wpb-content-wrapper\"><div class=\"vc_row wpb_row vc_row-fluid wpb_animate_when_almost_visible wpb_fadeIn fadeIn\"><div class=\"wpb_column vc_column_container vc_col-sm-6\"><div class=\"vc_column-inner\"><div class=\"wpb_wrapper\"><\/div><\/div><\/div><div class=\"wpb_column vc_column_container vc_col-sm-6 vc_hidden-xs vc_col-has-fill\"><div class=\"vc_column-inner vc_custom_1644939949468\"><div class=\"wpb_wrapper\">\n\t<div class=\"wpb_text_column wpb_content_element\" >\n\t\t<div class=\"wpb_wrapper\">\n\t\t\t<h4 style=\"padding-left: 80px;\"><span style=\"color: #ffffff;\"><strong>HAFTUNG<\/strong><\/span><\/h4>\n<p>&nbsp;<\/p>\n<p style=\"padding-left: 80px;\"><a href=\"https:\/\/www.dhondt-insurance.com\/de\/contaminatieverzekering-recall\/\"><span style=\"color: #ffffff;\">&gt; Produktr\u00fcckruf<\/span><\/a><\/p>\n<p style=\"padding-left: 80px;\"><a href=\"https:\/\/www.dhondt-insurance.com\/de\/ba-uitbating-ba-na-levering\/\"><span style=\"color: #ffffff;\">&gt; Betriebshaftpflicht &amp; Haftpflicht nach Lieferung<\/span><\/a><\/p>\n<p style=\"padding-left: 80px;\"><a href=\"https:\/\/www.dhondt-insurance.com\/de\/bestuurdersaansprakelijkheid-do\/\"><span style=\"color: #ffffff;\">&gt; D&amp;O-Versicherung<\/span><\/a><\/p>\n<p style=\"padding-left: 80px;\"><a href=\"https:\/\/www.dhondt-insurance.com\/de\/beroepsaansprakelijkheid\/\"><span style=\"color: #ffffff;\">&gt; Berufshaftpflicht<\/span><\/a><\/p>\n<p style=\"padding-left: 80px;\"><span style=\"color: #ffffff;\">&gt; <a style=\"color: #ffffff;\" href=\"https:\/\/www.dhondt-insurance.com\/de\/objectieve-aansprakelijkheid\/\">Objektive Haftung<\/a><\/span><\/p>\n<p style=\"padding-left: 80px;\"><span style=\"color: #ffffff;\"><a style=\"color: #ffffff;\" href=\"https:\/\/www.dhondt-insurance.com\/de\/milieu-aansprakelijkheidsverzekering\/\">&gt; Umwelthaftpflichtversicherung<\/a><\/span><\/p>\n\n\t\t<\/div>\n\t<\/div>\n<\/div><\/div><\/div><\/div><div class=\"vc_row wpb_row vc_row-fluid wpb_animate_when_almost_visible wpb_fadeIn fadeIn\"><div class=\"wpb_column vc_column_container vc_col-sm-12\"><div class=\"vc_column-inner\"><div class=\"wpb_wrapper\"><div class=\"vc_row wpb_row vc_inner vc_row-fluid vc_custom_1587987459693\"><div class=\"wpb_column vc_column_container vc_col-sm-12\"><div class=\"vc_column-inner\"><div class=\"wpb_wrapper\"> <h3 style=\"color:#0077c6;padding:px;text-align:;font-size:px;line-height:px;letter-spacing: 4px;font-weight:bold\" class=\"nd_options_second_font\">&gt; PRODUKTR\u00dcCKRUF<\/h3> <div style=\"background-color:;height: 50px\" class=\"nicdark_section\"><\/div><\/div><\/div><\/div><\/div><div class=\"vc_row wpb_row vc_inner vc_row-fluid\"><div class=\"wpb_column vc_column_container vc_col-sm-12\"><div class=\"vc_column-inner\"><div class=\"wpb_wrapper\"><div style=\"background-color:;height: 25px\" class=\"nicdark_section\"><\/div>\n\t<div class=\"wpb_text_column wpb_content_element\" >\n\t\t<div class=\"wpb_wrapper\">\n\t\t\t<p><em>Ein Produkt zur\u00fcckrufen! Als Hersteller hoffen Sie, dass dies niemals notwendig sein wird. Schlie\u00dflich reicht der gesch\u00e4ftliche Schaden oftmals weit \u00fcber die Kosten des Produktr\u00fcckrufs selbst hinaus. Eine Produktr\u00fcckrufversicherung sch\u00fctzt Sie vor allen m\u00f6glichen Kosten, wie z. B. Gewinnausfall, Imagekampagnen und mehr. <\/em><\/p>\n\n\t\t<\/div>\n\t<\/div>\n<\/div><\/div><\/div><\/div><div style=\"background-color:;height: 25px\" class=\"nicdark_section\"><\/div><div style=\"background-color:#0077c6;height: 1px\" class=\"nicdark_section\"><\/div><div class=\"vc_row wpb_row vc_inner vc_row-fluid\"><div class=\"wpb_column vc_column_container vc_col-sm-12\"><div class=\"vc_column-inner\"><div class=\"wpb_wrapper\"><div style=\"background-color:;height: 50px\" class=\"nicdark_section\"><\/div> <p style=\"color:#2d2d2d;padding:px;text-align:;font-size:16px;line-height:px;letter-spacing: px;font-weight:bold\" class=\"\">Vom Produktr\u00fcckruf bis zum Imagegewinn<\/p> <div style=\"background-color:;height: 50px\" class=\"nicdark_section\"><\/div>\n\t<div class=\"wpb_text_column wpb_content_element\" >\n\t\t<div class=\"wpb_wrapper\">\n\t\t\t<p>Die Produktr\u00fcckrufversicherung ist eine Erweiterung der klassischen <a href=\"https:\/\/www.dhondt-insurance.com\/de\/ba-uitbating-ba-na-levering\/\"><span style=\"color: #0077c6;\">Betriebshaftpflicht<\/span><\/a>Diese deckt schlie\u00dflich nicht die Kosten f\u00fcr einen Produktr\u00fcckruf. Produktionsfehler, m\u00f6glicherweise verunreinigte Lebensmittel usw. diese spezielle Produktr\u00fcckrufversicherung greift bei jedem Produktr\u00fcckruf, auch wenn dieser nicht gesetzlich vorgeschrieben ist. Die Versicherung bietet eine sehr umfassende Unterst\u00fctzung und gilt sowohl f\u00fcr Ihre inl\u00e4ndischen als auch f\u00fcr Ihre ausl\u00e4ndischen Niederlassungen. Als Versicherungsexperte unterst\u00fctzen wir Sie gerne bei der Erstellung eines effizienten Produktr\u00fcckrufplans, um im Notfall schnell und angemessen handeln zu k\u00f6nnen. Vereinbaren Sie<span style=\"color: #0077c6;\"> <a style=\"color: #0077c6;\" href=\"https:\/\/www.dhondt-insurance.com\/de\/kantoren\/\">hier<\/a><\/span> einen Termin, um unseren Ansatz kennenzulernen!<\/p>\n\n\t\t<\/div>\n\t<\/div>\n<\/div><\/div><\/div><\/div><div class=\"vc_row wpb_row vc_inner vc_row-fluid vc_custom_1569482474546\"><div class=\"wpb_column vc_column_container vc_col-sm-12\"><div class=\"vc_column-inner\"><div class=\"wpb_wrapper\"><div style=\"background-color:#0077c6;height: 1px\" class=\"nicdark_section\"><\/div><\/div><\/div><\/div><\/div><div class=\"vc_row wpb_row vc_inner vc_row-fluid vc_custom_1644940015863 vc_row-has-fill\"><div class=\"wpb_column vc_column_container vc_col-sm-12\"><div class=\"vc_column-inner\"><div class=\"wpb_wrapper\"> <p style=\"color:#2d2d2d;padding:px;text-align:;font-size:16px;line-height:px;letter-spacing: px;font-weight:bold\" class=\"\">Was wird abgedeckt?<\/p> <div style=\"background-color:;height: 25px\" class=\"nicdark_section\"><\/div><div style=\"background-color:;height: 10px\" class=\"nicdark_section\"><\/div>\n\t<div class=\"wpb_text_column wpb_content_element\" >\n\t\t<div class=\"wpb_wrapper\">\n\t\t\t<p>Die tats\u00e4chlichen Kosten im Zusammenhang mit dem <span style=\"color: #0077c6;\">Produktr\u00fcckruf<\/span><\/p>\n\n\t\t<\/div>\n\t<\/div>\n<div style=\"background-color:;height: 25px\" class=\"nicdark_section\"><\/div><div style=\"background-color:#f1f1f1;height: 1px\" class=\"nicdark_section\"><\/div><div style=\"background-color:;height: 10px\" class=\"nicdark_section\"><\/div>\n\t<div class=\"wpb_text_column wpb_content_element\" >\n\t\t<div class=\"wpb_wrapper\">\n\t\t\t<p><span style=\"color: #0077c6;\">Vernichtungs-, Ersatz- und Lagerkosten<\/span><\/p>\n\n\t\t<\/div>\n\t<\/div>\n<div style=\"background-color:;height: 25px\" class=\"nicdark_section\"><\/div><div style=\"background-color:#f1f1f1;height: 1px\" class=\"nicdark_section\"><\/div><div style=\"background-color:;height: 10px\" class=\"nicdark_section\"><\/div>\n\t<div class=\"wpb_text_column wpb_content_element\" >\n\t\t<div class=\"wpb_wrapper\">\n\t\t\t<p><span style=\"color: #0077c6;\">Umverteilungskosten<\/span><\/p>\n\n\t\t<\/div>\n\t<\/div>\n<div style=\"background-color:;height: 25px\" class=\"nicdark_section\"><\/div><div style=\"background-color:#f1f1f1;height: 1px\" class=\"nicdark_section\"><\/div><div style=\"background-color:;height: 10px\" class=\"nicdark_section\"><\/div>\n\t<div class=\"wpb_text_column wpb_content_element\" >\n\t\t<div class=\"wpb_wrapper\">\n\t\t\t<p>Betriebssch\u00e4den, wie z. B. Verlust des Bruttogewinns<\/p>\n\n\t\t<\/div>\n\t<\/div>\n<div style=\"background-color:;height: 25px\" class=\"nicdark_section\"><\/div><div style=\"background-color:#f1f1f1;height: 1px\" class=\"nicdark_section\"><\/div><div style=\"background-color:;height: 10px\" class=\"nicdark_section\"><\/div>\n\t<div class=\"wpb_text_column wpb_content_element\" >\n\t\t<div class=\"wpb_wrapper\">\n\t\t\t<p><span style=\"color: #0077c6;\">Rehabilitierungskosten,<\/span><strong>,<\/strong> wie z. B. Marketingkampagnen zur Wiederherstellung des Images bei Verbrauchern und Lieferanten<\/p>\n\n\t\t<\/div>\n\t<\/div>\n<div style=\"background-color:;height: 25px\" class=\"nicdark_section\"><\/div><div style=\"background-color:#f1f1f1;height: 1px\" class=\"nicdark_section\"><\/div><div style=\"background-color:;height: 10px\" class=\"nicdark_section\"><\/div>\n\t<div class=\"wpb_text_column wpb_content_element\" >\n\t\t<div class=\"wpb_wrapper\">\n\t\t\t<p><span style=\"color: #0077c6;\">Honorare<\/span> von Beratern und Experten<\/p>\n\n\t\t<\/div>\n\t<\/div>\n<div style=\"background-color:;height: 10px\" class=\"nicdark_section\"><\/div><\/div><\/div><\/div><\/div><\/div><\/div><\/div><\/div><div data-vc-full-width=\"true\" data-vc-full-width-init=\"false\" class=\"vc_row wpb_row vc_row-fluid wpb_animate_when_almost_visible wpb_fadeIn fadeIn vc_custom_1644939961730 vc_row-has-fill\"><div class=\"wpb_column vc_column_container vc_col-sm-4\"><div class=\"vc_column-inner\"><div class=\"wpb_wrapper\">\n\t<div class=\"wpb_text_column wpb_content_element\" >\n\t\t<div class=\"wpb_wrapper\">\n\t\t\t<p><!-- \/wp:shortcode --><a href=\"https:\/\/www.dhondt-insurance.com\/de\/producten\/\"><span style=\"color: #ffffff;\">&lt; Andere Produkte anzeigen<\/span><\/a><\/p>\n\n\t\t<\/div>\n\t<\/div>\n<\/div><\/div><\/div><div class=\"wpb_column vc_column_container vc_col-sm-4\"><div class=\"vc_column-inner\"><div class=\"wpb_wrapper\"><\/div><\/div><\/div><div class=\"wpb_column vc_column_container vc_col-sm-4\"><div class=\"vc_column-inner\"><div class=\"wpb_wrapper\">\n\t<div class=\"wpb_text_column wpb_content_element\" >\n\t\t<div class=\"wpb_wrapper\">\n\t\t\t<p><a href=\"https:\/\/www.dhondt-insurance.com\/de\/contact\/\"><span style=\"color: #ffffff;\">Kontaktieren Sie uns &gt;<\/span><\/a><\/p>\n\n\t\t<\/div>\n\t<\/div>\n<\/div><\/div><\/div><\/div><div class=\"vc_row-full-width vc_clearfix\"><\/div>\n<\/div>","protected":false},"excerpt":{"rendered":"AANSPRAKELIJKHEID &nbsp; &gt; Contaminatieverzekering (Recall) &gt; BA Uitbating &amp; BA na Levering &gt; Bestuurdersaansprakelijkheid (D&amp;O) &gt; Beroepsaansprakelijkheid &gt; Objectieve aansprakelijkheid &gt; Milieu-aansprakelijkheidsverzekering &gt; CONTAMINATIEVERZEKERING (RECALL) Een terugroepactie organiseren \u2026 als producent hoopt u dat u dit nooit zal moeten doen. De bedrijfsschade reikt immers vaak veel verder dan de kosten van de terugroeping op zich. [...]","protected":false},"author":1,"featured_media":0,"parent":0,"menu_order":0,"comment_status":"closed","ping_status":"closed","template":"","meta":{"footnotes":""},"class_list":["post-3012","page","type-page","status-publish","hentry"],"_links":{"self":[{"href":"https:\/\/www.dhondt-insurance.com\/de\/wp-json\/wp\/v2\/pages\/3012","targetHints":{"allow":["GET"]}}],"collection":[{"href":"https:\/\/www.dhondt-insurance.com\/de\/wp-json\/wp\/v2\/pages"}],"about":[{"href":"https:\/\/www.dhondt-insurance.com\/de\/wp-json\/wp\/v2\/types\/page"}],"author":[{"embeddable":true,"href":"https:\/\/www.dhondt-insurance.com\/de\/wp-json\/wp\/v2\/users\/1"}],"replies":[{"embeddable":true,"href":"https:\/\/www.dhondt-insurance.com\/de\/wp-json\/wp\/v2\/comments?post=3012"}],"version-history":[{"count":0,"href":"https:\/\/www.dhondt-insurance.com\/de\/wp-json\/wp\/v2\/pages\/3012\/revisions"}],"wp:attachment":[{"href":"https:\/\/www.dhondt-insurance.com\/de\/wp-json\/wp\/v2\/media?parent=3012"}],"curies":[{"name":"wp","href":"https:\/\/api.w.org\/{rel}","templated":true}]}}