{"id":2999,"date":"2020-04-07T12:13:32","date_gmt":"2020-04-07T12:13:32","guid":{"rendered":"http:\/\/dhondt-insurance.com\/?page_id=2999"},"modified":"2022-02-15T15:42:13","modified_gmt":"2022-02-15T15:42:13","slug":"ba-uitbating-ba-na-levering","status":"publish","type":"page","link":"https:\/\/www.dhondt-insurance.com\/de\/ba-uitbating-ba-na-levering\/","title":{"rendered":"BA uitbating &#038; BA na levering"},"content":{"rendered":"<div class=\"wpb-content-wrapper\"><div class=\"vc_row wpb_row vc_row-fluid wpb_animate_when_almost_visible wpb_fadeIn fadeIn\"><div class=\"wpb_column vc_column_container vc_col-sm-6\"><div class=\"vc_column-inner\"><div class=\"wpb_wrapper\"><\/div><\/div><\/div><div class=\"wpb_column vc_column_container vc_col-sm-6 vc_hidden-xs vc_col-has-fill\"><div class=\"vc_column-inner vc_custom_1644939280145\"><div class=\"wpb_wrapper\">\n\t<div class=\"wpb_text_column wpb_content_element\" >\n\t\t<div class=\"wpb_wrapper\">\n\t\t\t<h4 style=\"padding-left: 40px;\"><\/h4>\n<h4 style=\"text-align: left; padding-left: 40px;\"><span style=\"color: #ffffff;\"><strong>HAFTUNG<\/strong><\/span><\/h4>\n<p>&nbsp;<\/p>\n<p style=\"text-align: left; padding-left: 40px;\"><a href=\"https:\/\/www.dhondt-insurance.com\/de\/ba-uitbating-ba-na-levering\/\"><span style=\"color: #ffffff;\">&gt; Betriebshaftpflicht &amp; Haftpflicht nach Lieferung<\/span><\/a><\/p>\n<p style=\"text-align: left; padding-left: 40px;\"><a href=\"https:\/\/www.dhondt-insurance.com\/de\/bestuurdersaansprakelijkheid-do\/\"><span style=\"color: #ffffff;\">&gt; D&amp;O-Versicherung<\/span><\/a><\/p>\n<p style=\"text-align: left; padding-left: 40px;\"><a href=\"https:\/\/www.dhondt-insurance.com\/de\/beroepsaansprakelijkheid\/\"><span style=\"color: #ffffff;\">&gt; Berufshaftpflicht<\/span><\/a><\/p>\n<p style=\"text-align: left; padding-left: 40px;\"><a href=\"https:\/\/www.dhondt-insurance.com\/de\/objectieve-aansprakelijkheid\/\"><span style=\"color: #ffffff;\">&gt; Objektive Haftung<\/span><\/a><\/p>\n<p style=\"text-align: left; padding-left: 40px;\"><a href=\"https:\/\/www.dhondt-insurance.com\/de\/contaminatieverzekering-recall\/\"><span style=\"color: #ffffff;\">&gt; Produktr\u00fcckruf<\/span><\/a><\/p>\n<p style=\"text-align: left; padding-left: 40px;\"><a href=\"https:\/\/www.dhondt-insurance.com\/de\/milieu-aansprakelijkheidsverzekering\/\"><span style=\"color: #ffffff;\">&gt; Umwelthaftpflichtversicherung<\/span><\/a><\/p>\n\n\t\t<\/div>\n\t<\/div>\n<\/div><\/div><\/div><\/div><div class=\"vc_row wpb_row vc_row-fluid wpb_animate_when_almost_visible wpb_fadeIn fadeIn\"><div class=\"wpb_column vc_column_container vc_col-sm-12\"><div class=\"vc_column-inner\"><div class=\"wpb_wrapper\"><div class=\"vc_row wpb_row vc_inner vc_row-fluid vc_custom_1569482474546\"><div class=\"wpb_column vc_column_container vc_col-sm-12\"><div class=\"vc_column-inner\"><div class=\"wpb_wrapper\"> <h3 style=\"color:#0077c6;padding:px;text-align:;font-size:px;line-height:px;letter-spacing: 4px;font-weight:bold\" class=\"nd_options_second_font\">&gt; BETRIEBSHAFTPFLICHT &amp; HAFTPFLICHT NACH LIEFERUNG<\/h3> <div style=\"background-color:;height: 50px\" class=\"nicdark_section\"><\/div><\/div><\/div><\/div><\/div><div class=\"vc_row wpb_row vc_inner vc_row-fluid\"><div class=\"wpb_column vc_column_container vc_col-sm-12\"><div class=\"vc_column-inner\"><div class=\"wpb_wrapper\"><div style=\"background-color:;height: 25px\" class=\"nicdark_section\"><\/div>\n\t<div class=\"wpb_text_column wpb_content_element\" >\n\t\t<div class=\"wpb_wrapper\">\n\t\t\t<p><em>Die Betriebshaftpflichtversicherung wird h\u00e4ufig als die g\u00e4ngigste Versicherung f\u00fcr die Gesch\u00e4ftswelt betrachtet. Denn diese Versicherung deckt alle Sch\u00e4den Dritter ab, die innerhalb oder au\u00dferhalb des Unternehmens verursacht werden. Dar\u00fcber hinaus schie\u00dfen die geltend gemachten Betr\u00e4ge oftmals schnell in die H\u00f6he. Daher ist eine Betriebshaftpflichtversicherung ein Muss f\u00fcr jedes moderne Unternehmen! <\/em><\/p>\n\n\t\t<\/div>\n\t<\/div>\n<\/div><\/div><\/div><\/div><div style=\"background-color:;height: 25px\" class=\"nicdark_section\"><\/div><div style=\"background-color:#0077c6;height: 1px\" class=\"nicdark_section\"><\/div><div class=\"vc_row wpb_row vc_inner vc_row-fluid\"><div class=\"wpb_column vc_column_container vc_col-sm-12\"><div class=\"vc_column-inner\"><div class=\"wpb_wrapper\"><div style=\"background-color:;height: 50px\" class=\"nicdark_section\"><\/div>\n\t<div class=\"wpb_text_column wpb_content_element\" >\n\t\t<div class=\"wpb_wrapper\">\n\t\t\t<h5><strong>Versicherung von Sch\u00e4den Dritter<\/strong><\/h5>\n<p>&nbsp;<\/p>\n<p>&nbsp;<\/p>\n<p>Diese Haftpflichtversicherung greift, wenn einer Ihrer Mitarbeiter einem Dritten Schaden zuf\u00fcgt. Versichert sind Personensch\u00e4den, materielle und immaterielle Sch\u00e4den.<\/p>\n<p>Da niemand im Voraus wei\u00df, wie hoch der Schaden sein wird, gehen Sie mit dieser Versicherung f\u00fcr den Fortbestand Ihres Unternehmens vollkommen auf Nummer sicher. <a href=\"https:\/\/www.dhondt-insurance.com\/de\/contact\/\"><span style=\"color: #0077c6;\">Kontaktieren Sie uns<\/span> ons<\/a> f\u00fcr weitere Informationen oder eine auf Ihre Gesch\u00e4ftst\u00e4tigkeiten abgestimmte Versicherung! F\u00fcr Unternehmen in der Lebensmittelindustrie kann z. B. eine Kombination mit einer <span style=\"color: #0077c6;\"><a style=\"color: #0077c6;\" href=\"https:\/\/www.dhondt-insurance.com\/de\/contaminatieverzekering-recall\/\">R\u00fcckrufv<\/a>versicherung<\/span> interessant sein.<\/p>\n\n\t\t<\/div>\n\t<\/div>\n<\/div><\/div><\/div><\/div><div class=\"vc_row wpb_row vc_inner vc_row-fluid vc_custom_1569482474546\"><div class=\"wpb_column vc_column_container vc_col-sm-12\"><div class=\"vc_column-inner\"><div class=\"wpb_wrapper\"><div style=\"background-color:#0077c6;height: 1px\" class=\"nicdark_section\"><\/div><\/div><\/div><\/div><\/div><div class=\"vc_row wpb_row vc_inner vc_row-fluid vc_custom_1644939591731 vc_row-has-fill\"><div class=\"wpb_column vc_column_container vc_col-sm-8\"><div class=\"vc_column-inner\"><div class=\"wpb_wrapper\"> <p style=\"color:#2d2d2d;padding:px;text-align:;font-size:16px;line-height:px;letter-spacing: px;font-weight:bold\" class=\"\">Was wird abgedeckt?<\/p> <div style=\"background-color:;height: 10px\" class=\"nicdark_section\"><\/div><div style=\"background-color:;height: 20px\" class=\"nicdark_section\"><\/div>\n\t<div class=\"wpb_text_column wpb_content_element\" >\n\t\t<div class=\"wpb_wrapper\">\n\t\t\t<p>BETRIEBSHAFTPFLICHT:<\/p>\n<p>Dabei handelt es sich um Sch\u00e4den, die Dritten durch Personen sowohl innerhalb des Unternehmens (z. B. Lieferanten) als auch au\u00dferhalb (z. B. durch die Arbeit bei Dritten) entstehen.<\/p>\n<ul>\n<li>Personensch\u00e4den<\/li>\n<li>Sachsch\u00e4den<\/li>\n<li>Immaterielle Sch\u00e4den (unabh\u00e4ngig davon, ob sie Folge der oben genannten Sch\u00e4den sind oder nicht)<\/li>\n<\/ul>\n\n\t\t<\/div>\n\t<\/div>\n<div style=\"background-color:;height: 10px\" class=\"nicdark_section\"><\/div><div style=\"background-color:#f1f1f1;height: 1px\" class=\"nicdark_section\"><\/div><div style=\"background-color:;height: 10px\" class=\"nicdark_section\"><\/div>\n\t<div class=\"wpb_text_column wpb_content_element\" >\n\t\t<div class=\"wpb_wrapper\">\n\t\t\t<p>HAFTPFLICHT NACH LIEFERUNG:<\/p>\n<ul>\n<li>Produkthaftung: Produkte nach der Lieferung<\/li>\n<li>Gebrekkig uitgevoerde werken<\/li>\n<\/ul>\n\n\t\t<\/div>\n\t<\/div>\n<div style=\"background-color:;height: 10px\" class=\"nicdark_section\"><\/div><div style=\"background-color:;height: 10px\" class=\"nicdark_section\"><\/div> <p style=\"color:#2d2d2d;padding:px;text-align:;font-size:16px;line-height:px;letter-spacing: px;font-weight:bold\" class=\"\">M\u00f6gliche Erweiterungen<\/p> <div style=\"background-color:;height: 10px\" class=\"nicdark_section\"><\/div><div style=\"background-color:;height: 20px\" class=\"nicdark_section\"><\/div>\n\t<div class=\"wpb_text_column wpb_content_element\" >\n\t\t<div class=\"wpb_wrapper\">\n\t\t\t<p>Produkthaftung: Produkte nach der Lieferung<\/p>\n<p>&nbsp;<\/p>\n<p>Mangelhaft ausgef\u00fchrte Arbeiten<\/p>\n\n\t\t<\/div>\n\t<\/div>\n<\/div><\/div><\/div><div class=\"wpb_column vc_column_container vc_col-sm-4\"><div class=\"vc_column-inner\"><div class=\"wpb_wrapper\"><\/div><\/div><\/div><\/div><\/div><\/div><\/div><\/div><div data-vc-full-width=\"true\" data-vc-full-width-init=\"false\" class=\"vc_row wpb_row vc_row-fluid wpb_animate_when_almost_visible wpb_fadeIn fadeIn vc_custom_1644939290616 vc_row-has-fill\"><div class=\"wpb_column vc_column_container vc_col-sm-3\"><div class=\"vc_column-inner\"><div class=\"wpb_wrapper\">\n\t<div class=\"wpb_text_column wpb_content_element\" >\n\t\t<div class=\"wpb_wrapper\">\n\t\t\t<p><span style=\"color: #ffffff;\"><a style=\"color: #ffffff;\" href=\"https:\/\/www.dhondt-insurance.com\/de\/producten\/\">&lt; Andere Produkte anzeigen<\/a><\/span><\/p>\n\n\t\t<\/div>\n\t<\/div>\n<\/div><\/div><\/div><div class=\"wpb_column vc_column_container vc_col-sm-6\"><div class=\"vc_column-inner\"><div class=\"wpb_wrapper\"><\/div><\/div><\/div><div class=\"wpb_column vc_column_container vc_col-sm-3\"><div class=\"vc_column-inner\"><div class=\"wpb_wrapper\">\n\t<div class=\"wpb_text_column wpb_content_element\" >\n\t\t<div class=\"wpb_wrapper\">\n\t\t\t<p><a href=\"https:\/\/www.dhondt-insurance.com\/de\/contact\/\"><span style=\"color: #ffffff;\">Kontaktieren Sie uns &gt;<\/span><\/a><\/p>\n\n\t\t<\/div>\n\t<\/div>\n<\/div><\/div><\/div><\/div><div class=\"vc_row-full-width vc_clearfix\"><\/div>\n<\/div>","protected":false},"excerpt":{"rendered":"AANSPRAKELIJKHEID &nbsp; &gt; BA Uitbating &amp; BA na Levering &gt; Bestuurdersaansprakelijkheid (D&amp;O) &gt; Beroepsaansprakelijkheid &gt; Objectieve aansprakelijkheid &gt; Contaminatieverzekering (Recall) &gt; Milieu-aansprakelijkheidsverzekering &gt; BA UITBATING &amp; BA NA LEVERING BA uitbating wordt wel eens aanzien als de \u2018familiale\u2019 verzekering voor de bedrijfswereld. Deze polis dekt immers alle schade aan derden die binnen of buiten het [...]","protected":false},"author":1,"featured_media":0,"parent":0,"menu_order":0,"comment_status":"closed","ping_status":"closed","template":"","meta":{"footnotes":""},"class_list":["post-2999","page","type-page","status-publish","hentry"],"_links":{"self":[{"href":"https:\/\/www.dhondt-insurance.com\/de\/wp-json\/wp\/v2\/pages\/2999","targetHints":{"allow":["GET"]}}],"collection":[{"href":"https:\/\/www.dhondt-insurance.com\/de\/wp-json\/wp\/v2\/pages"}],"about":[{"href":"https:\/\/www.dhondt-insurance.com\/de\/wp-json\/wp\/v2\/types\/page"}],"author":[{"embeddable":true,"href":"https:\/\/www.dhondt-insurance.com\/de\/wp-json\/wp\/v2\/users\/1"}],"replies":[{"embeddable":true,"href":"https:\/\/www.dhondt-insurance.com\/de\/wp-json\/wp\/v2\/comments?post=2999"}],"version-history":[{"count":0,"href":"https:\/\/www.dhondt-insurance.com\/de\/wp-json\/wp\/v2\/pages\/2999\/revisions"}],"wp:attachment":[{"href":"https:\/\/www.dhondt-insurance.com\/de\/wp-json\/wp\/v2\/media?parent=2999"}],"curies":[{"name":"wp","href":"https:\/\/api.w.org\/{rel}","templated":true}]}}