{"id":2445,"date":"2019-10-10T10:44:50","date_gmt":"2019-10-10T10:44:50","guid":{"rendered":"http:\/\/www.nicdarkthemes.com\/themes\/construction\/wp\/demo\/construction\/?page_id=1126"},"modified":"2021-12-13T11:04:44","modified_gmt":"2021-12-13T11:04:44","slug":"schadepreventie","status":"publish","type":"page","link":"https:\/\/www.dhondt-insurance.com\/de\/schadepreventie\/","title":{"rendered":"Schadensvermeidung"},"content":{"rendered":"<div class=\"wpb-content-wrapper\"><div class=\"vc_row wpb_row vc_row-fluid\"><div class=\"wpb_column vc_column_container vc_col-sm-12 vc_hidden-xs\"><div class=\"vc_column-inner\"><div class=\"wpb_wrapper\"><div style=\"background-color:;height: 50px\" class=\"nicdark_section\"><\/div> <h3 style=\"color:#00599e;padding:px;text-align:;font-size:px;line-height:px;letter-spacing: 4px;font-weight:bold\" class=\"nd_options_second_font\">&gt; SCHADENVERMEIDUNG<\/h3> <div style=\"background-color:;height: 50px\" class=\"nicdark_section\"><\/div><\/div><\/div><\/div><\/div><div class=\"vc_row wpb_row vc_row-fluid\"><div class=\"wpb_column vc_column_container vc_col-sm-12 vc_hidden-lg vc_hidden-md vc_hidden-sm\"><div class=\"vc_column-inner\"><div class=\"wpb_wrapper\"><div style=\"background-color:;height: 50px\" class=\"nicdark_section\"><\/div> <h3 style=\"color:#00599e;padding:px;text-align:;font-size:18px;line-height:px;letter-spacing: 4px;font-weight:bold\" class=\"nd_options_second_font\">&gt; SCHADENVERMEIDUNG<\/h3> <div style=\"background-color:;height: 50px\" class=\"nicdark_section\"><\/div><\/div><\/div><\/div><\/div><div class=\"vc_row wpb_row vc_row-fluid wpb_animate_when_almost_visible wpb_fadeIn fadeIn\"><div class=\"wpb_column vc_column_container vc_col-sm-6\"><div class=\"vc_column-inner\"><div class=\"wpb_wrapper\"><div style=\"background-color:;height: 50px\" class=\"nicdark_section\"><\/div>\n\t<div  class=\"wpb_single_image wpb_content_element vc_align_left wpb_content_element\">\n\t\t\n\t\t<figure class=\"wpb_wrapper vc_figure\">\n\t\t\t<div class=\"vc_single_image-wrapper   vc_box_border_grey\"><img loading=\"lazy\" decoding=\"async\" width=\"2560\" height=\"1821\" src=\"https:\/\/www.dhondt-insurance.com\/wp-content\/uploads\/2020\/11\/AdobeStock_270133102-scaled.jpeg\" class=\"vc_single_image-img attachment-full\" alt=\"\" title=\"truck driver walking around semi truck his inspecting safety of the truck.\" srcset=\"https:\/\/www.dhondt-insurance.com\/wp-content\/uploads\/2020\/11\/AdobeStock_270133102-scaled.jpeg 2560w, https:\/\/www.dhondt-insurance.com\/wp-content\/uploads\/2020\/11\/AdobeStock_270133102-300x213.jpeg 300w, https:\/\/www.dhondt-insurance.com\/wp-content\/uploads\/2020\/11\/AdobeStock_270133102-1024x728.jpeg 1024w, https:\/\/www.dhondt-insurance.com\/wp-content\/uploads\/2020\/11\/AdobeStock_270133102-768x546.jpeg 768w, https:\/\/www.dhondt-insurance.com\/wp-content\/uploads\/2020\/11\/AdobeStock_270133102-1536x1093.jpeg 1536w, https:\/\/www.dhondt-insurance.com\/wp-content\/uploads\/2020\/11\/AdobeStock_270133102-2048x1457.jpeg 2048w, https:\/\/www.dhondt-insurance.com\/wp-content\/uploads\/2020\/11\/AdobeStock_270133102-16x12.jpeg 16w\" sizes=\"auto, (max-width: 2560px) 100vw, 2560px\" \/><\/div>\n\t\t<\/figure>\n\t<\/div>\n<\/div><\/div><\/div><div class=\"wpb_column vc_column_container vc_col-sm-6\"><div class=\"vc_column-inner\"><div class=\"wpb_wrapper\"><div style=\"background-color:;height: 50px\" class=\"nicdark_section\"><\/div> <h2 style=\"color:#2d2d2d;padding:px;text-align:;font-size:25px;line-height:40px;letter-spacing: px;font-weight:bold\" class=\"nd_options_second_font\">Vermeiden ist das neue Versichern<\/h2> <div style=\"background-color:;height: 50px\" class=\"nicdark_section\"><\/div>\n\t<div class=\"wpb_text_column wpb_content_element\" >\n\t\t<div class=\"wpb_wrapper\">\n\t\t\t<p><em>Vorsicht ist \u2013 und bleibt \u2013 besser als Nachsicht. In Branchen wie der Bus- und Transportbranche ist die Zahl der Versicherer \u00fcberschaubar. Gute Schadenszahlen und die anhaltende Entwicklung hin zu weniger Schadensf\u00e4llen sind wesentlich, um wettbewerbsf\u00e4hig versichert zu bleiben. <\/em><em>Deshalb haben wir in Zusammenarbeit mit iMob (ein Spin-off der Universit\u00e4t Hasselt) das Pr\u00e4ventionstool Safe.T f\u00fcr Unternehmen mit einer Flotte ab 20 Fahrzeugen entwickelt.<\/em><\/p>\n\n\t\t<\/div>\n\t<\/div>\n<div style=\"background-color:;height: 25px\" class=\"nicdark_section\"><\/div><\/div><\/div><\/div><\/div><div class=\"vc_row wpb_row vc_row-fluid wpb_animate_when_almost_visible wpb_fadeIn fadeIn\"><div class=\"wpb_column vc_column_container vc_col-sm-12\"><div class=\"vc_column-inner\"><div class=\"wpb_wrapper\"><div style=\"background-color:;height: 50px\" class=\"nicdark_section\"><\/div> <h2 style=\"color:#2d2d2d;padding:px;text-align:;font-size:25px;line-height:px;letter-spacing: px;font-weight:bold\" class=\"nd_options_second_font\">Safe.T<\/h2> <div style=\"background-color:;height: 25px\" class=\"nicdark_section\"><\/div>\n\t<div class=\"wpb_text_column wpb_content_element\" >\n\t\t<div class=\"wpb_wrapper\">\n\t\t\t<p>Gibt Ihnen als (Speditions-)Unternehmen Einblick in drei wesentliche Aspekte Ihres<\/p>\n\n\t\t<\/div>\n\t<\/div>\n<div style=\"background-color:;height: 25px\" class=\"nicdark_section\"><\/div><\/div><\/div><\/div><\/div><div data-vc-full-width=\"true\" data-vc-full-width-init=\"false\" class=\"vc_row wpb_row vc_row-fluid wpb_animate_when_almost_visible wpb_fadeIn fadeIn vc_custom_1604398229160 vc_row-has-fill\"><div class=\"wpb_column vc_column_container vc_col-sm-12\"><div class=\"vc_column-inner\"><div class=\"wpb_wrapper\"><div class=\"vc_row wpb_row vc_inner vc_row-fluid vc_row-o-equal-height vc_row-flex\"><div class=\"wpb_column vc_column_container vc_col-sm-6\"><div class=\"vc_column-inner\"><div class=\"wpb_wrapper\"><div style=\"background-color:;height: 50px\" class=\"nicdark_section\"><\/div>\n\n  <!--START FOCUS NUMBER-->\n  <div class=\"nd_options_section nd_options_focus_number_2_vertical_line nd_options_position_relative nd_options_box_sizing_border_box\">\n    \n    <p style=\"background-color:#0066bf\" class=\"nd_options_first_font nd_options_z_index_99 nd_options_border_radius_20 nd_options_padding_5_10 nd_options_box_sizing_border_box nd_options_color_white nd_options_text_align_center nd_options_width_80 nd_options_position_absolute nd_options_top_15 nd_options_left_20 nd_options_font_size_17\">\n      1\n    <\/p>\n\n    <div class=\"nd_options_section nd_options_padding_left_120 nd_options_box_sizing_border_box\">\n        <h3 class=\"nd_options_margin_top_20\">Schadensf\u00e4lle<\/h3>                        \n        <div class=\"nd_options_section nd_options_height_20\"><\/div>\n        <p class=\"nd_options_margin_bottom_10\">Wo, wann und wie geht es schief? Was sind die Hauptursachen? Wer sind die gr\u00f6\u00dften Zerst\u00f6rer?<\/p>\n    <\/div>\n\n  <\/div>\n  <!--END FOCUS NUMBER-->\n\n   <div style=\"background-color:;height: 25px\" class=\"nicdark_section\"><\/div><\/div><\/div><\/div><div class=\"wpb_column vc_column_container vc_col-sm-6 vc_hidden-xs\"><div class=\"vc_column-inner\"><div class=\"wpb_wrapper\"><div style=\"background-color:#fcfcfc;height: 50px\" class=\"nicdark_section\"><\/div>\n    <div style=\"text-align:center\" class=\"nd_options_section\">\n      <img decoding=\"async\" alt=\"\" style=\"width:30%\" class=\"nd_options_margin_0 nd_options_padding_0\" src=\"https:\/\/www.dhondt-insurance.com\/wp-content\/uploads\/2020\/11\/fot2.png\">\n    <\/div>\n   <div style=\"background-color:#fcfcfc;height: 25px\" class=\"nicdark_section\"><\/div><\/div><\/div><\/div><\/div><\/div><\/div><\/div><\/div><div class=\"vc_row-full-width vc_clearfix\"><\/div><div data-vc-full-width=\"true\" data-vc-full-width-init=\"false\" class=\"vc_row wpb_row vc_row-fluid wpb_animate_when_almost_visible wpb_fadeIn fadeIn\"><div class=\"wpb_column vc_column_container vc_col-sm-12\"><div class=\"vc_column-inner\"><div class=\"wpb_wrapper\"><div class=\"vc_row wpb_row vc_inner vc_row-fluid\"><div class=\"wpb_column vc_column_container vc_col-sm-6 vc_col-has-fill\"><div class=\"vc_column-inner vc_custom_1604311270533\"><div class=\"wpb_wrapper\"><div style=\"background-color:;height: 25px\" class=\"nicdark_section\"><\/div>\n    <div style=\"text-align:center\" class=\"nd_options_section\">\n      <img decoding=\"async\" alt=\"\" style=\"width:30%\" class=\"nd_options_margin_0 nd_options_padding_0\" src=\"https:\/\/www.dhondt-insurance.com\/wp-content\/uploads\/2020\/11\/2..png\">\n    <\/div>\n   <div style=\"background-color:;height: 25px\" class=\"nicdark_section\"><\/div><\/div><\/div><\/div><div class=\"wpb_column vc_column_container vc_col-sm-6\"><div class=\"vc_column-inner\"><div class=\"wpb_wrapper\"><div style=\"background-color:;height: 50px\" class=\"nicdark_section\"><\/div>\n\n  <!--START FOCUS NUMBER-->\n  <div class=\"nd_options_section nd_options_focus_number_2_vertical_line nd_options_position_relative nd_options_box_sizing_border_box\">\n    \n    <p style=\"background-color:#4c89bf\" class=\"nd_options_first_font nd_options_z_index_99 nd_options_border_radius_20 nd_options_padding_5_10 nd_options_box_sizing_border_box nd_options_color_white nd_options_text_align_center nd_options_width_80 nd_options_position_absolute nd_options_top_15 nd_options_left_20 nd_options_font_size_17\">\n      2.\n    <\/p>\n\n    <div class=\"nd_options_section nd_options_padding_left_120 nd_options_box_sizing_border_box\">\n        <h3 class=\"nd_options_margin_top_20\">Ereignisse<\/h3>                        \n        <div class=\"nd_options_section nd_options_height_20\"><\/div>\n        <p class=\"nd_options_margin_bottom_10\">Auch die Einstellung Ihrer Fahrer sagt viel \u00fcber deren berufliche Seriosit\u00e4t aus. Hier skizzieren wir verschiedene Themen: von Bu\u00dfgeldern \u00fcber das korrekte Ausf\u00fcllen eines CMR bis hin zur Sauberkeit einer Kabine\/des Fahrzeugs.<\/p>\n    <\/div>\n\n  <\/div>\n  <!--END FOCUS NUMBER-->\n\n   <div style=\"background-color:;height: 25px\" class=\"nicdark_section\"><\/div><\/div><\/div><\/div><\/div><\/div><\/div><\/div><\/div><div class=\"vc_row-full-width vc_clearfix\"><\/div><div data-vc-full-width=\"true\" data-vc-full-width-init=\"false\" data-vc-parallax=\"1.5\" class=\"vc_row wpb_row vc_row-fluid wpb_animate_when_almost_visible wpb_fadeIn fadeIn vc_custom_1604329061766 vc_row-has-fill vc_general vc_parallax vc_parallax-content-moving\"><div class=\"wpb_column vc_column_container vc_col-sm-12\"><div class=\"vc_column-inner\"><div class=\"wpb_wrapper\"><div class=\"vc_row wpb_row vc_inner vc_row-fluid vc_row-o-equal-height vc_row-flex\"><div class=\"wpb_column vc_column_container vc_col-sm-6 vc_hidden-lg vc_hidden-md vc_hidden-sm vc_hidden-xs\"><div class=\"vc_column-inner\"><div class=\"wpb_wrapper\"><div style=\"background-color:;height: 50px\" class=\"nicdark_section\"><\/div>\n\n  <!--START FOCUS NUMBER-->\n  <div class=\"nd_options_section nd_options_focus_number_2_vertical_line nd_options_position_relative nd_options_box_sizing_border_box\">\n    \n    <p style=\"background-color:#0066bf\" class=\"nd_options_first_font nd_options_z_index_99 nd_options_border_radius_20 nd_options_padding_5_10 nd_options_box_sizing_border_box nd_options_color_white nd_options_text_align_center nd_options_width_80 nd_options_position_absolute nd_options_top_15 nd_options_left_20 nd_options_font_size_17\">\n      1\n    <\/p>\n\n    <div class=\"nd_options_section nd_options_padding_left_120 nd_options_box_sizing_border_box\">\n        <h3 class=\"nd_options_margin_top_20\">Schadensf\u00e4lle<\/h3>                        \n        <div class=\"nd_options_section nd_options_height_20\"><\/div>\n        <p class=\"nd_options_margin_bottom_10\">Wo, wann und wie geht es schief? Was sind die Hauptursachen? Wer sind die gr\u00f6\u00dften Zerst\u00f6rer?<\/p>\n    <\/div>\n\n  <\/div>\n  <!--END FOCUS NUMBER-->\n\n   <div style=\"background-color:;height: 25px\" class=\"nicdark_section\"><\/div><\/div><\/div><\/div><div class=\"wpb_column vc_column_container vc_col-sm-6 vc_hidden-lg vc_hidden-md vc_hidden-sm\"><div class=\"vc_column-inner\"><div class=\"wpb_wrapper\"><div style=\"background-color:#fcfcfc;height: 50px\" class=\"nicdark_section\"><\/div>\n    <div style=\"text-align:center\" class=\"nd_options_section\">\n      <img decoding=\"async\" alt=\"\" style=\"width:30%\" class=\"nd_options_margin_0 nd_options_padding_0\" src=\"https:\/\/www.dhondt-insurance.com\/wp-content\/uploads\/2020\/11\/fot2.png\">\n    <\/div>\n   <div style=\"background-color:#fcfcfc;height: 25px\" class=\"nicdark_section\"><\/div><\/div><\/div><\/div><\/div><div class=\"vc_row wpb_row vc_inner vc_row-fluid\"><div class=\"wpb_column vc_column_container vc_col-sm-6\"><div class=\"vc_column-inner\"><div class=\"wpb_wrapper\"><div style=\"background-color:;height: 25px\" class=\"nicdark_section\"><\/div>\n\n  <!--START FOCUS NUMBER-->\n  <div class=\"nd_options_section nd_options_focus_number_2_vertical_line nd_options_position_relative nd_options_box_sizing_border_box\">\n    \n    <p style=\"background-color:#879fbf\" class=\"nd_options_first_font nd_options_z_index_99 nd_options_border_radius_20 nd_options_padding_5_10 nd_options_box_sizing_border_box nd_options_color_white nd_options_text_align_center nd_options_width_80 nd_options_position_absolute nd_options_top_15 nd_options_left_20 nd_options_font_size_17\">\n      3.\n    <\/p>\n\n    <div class=\"nd_options_section nd_options_padding_left_120 nd_options_box_sizing_border_box\">\n        <h3 class=\"nd_options_margin_top_20\">\u00d6kologisches Fahren<\/h3>                        \n        <div class=\"nd_options_section nd_options_height_20\"><\/div>\n        <p class=\"nd_options_margin_bottom_10\">Den Durchschnittsverbrauch unter Kontrolle halten, wenige Notbremsungen usw. Verschiedene Aspekte des Fahrstils des Fahrers k\u00f6nnen viele Informationen liefern. Der Fahrer wiederum wird durch einen kontinuierlichen Lernprozess motiviert.<\/p>\n    <\/div>\n\n  <\/div>\n  <!--END FOCUS NUMBER-->\n\n   <div style=\"background-color:;height: 50px\" class=\"nicdark_section\"><\/div><\/div><\/div><\/div><div class=\"wpb_column vc_column_container vc_col-sm-6 vc_col-has-fill\"><div class=\"vc_column-inner vc_custom_1604324982550\"><div class=\"wpb_wrapper\"><div style=\"background-color:;height: 25px\" class=\"nicdark_section\"><\/div>\n    <div style=\"text-align:center\" class=\"nd_options_section\">\n      <img decoding=\"async\" alt=\"\" style=\"width:30%\" class=\"nd_options_margin_0 nd_options_padding_0\" src=\"https:\/\/www.dhondt-insurance.com\/wp-content\/uploads\/2020\/11\/eco-1.png\">\n    <\/div>\n   <div style=\"background-color:;height: 50px\" class=\"nicdark_section\"><\/div><\/div><\/div><\/div><\/div><\/div><\/div><\/div><\/div><div class=\"vc_row-full-width vc_clearfix\"><\/div><div data-vc-full-width=\"true\" data-vc-full-width-init=\"false\" data-vc-parallax=\"1\" data-vc-parallax-image=\"https:\/\/www.dhondt-insurance.com\/wp-content\/uploads\/2020\/11\/AdobeStock_285576598-scaled.jpeg\" class=\"vc_row wpb_row vc_row-fluid wpb_animate_when_almost_visible wpb_fadeIn fadeIn vc_row-has-fill vc_general vc_parallax vc_parallax-content-moving\"><div class=\"wpb_column vc_column_container vc_col-sm-12\"><div class=\"vc_column-inner\"><div class=\"wpb_wrapper\"><div class=\"vc_row wpb_row vc_inner vc_row-fluid\"><div class=\"wpb_column vc_column_container vc_col-sm-6\"><div class=\"vc_column-inner\"><div class=\"wpb_wrapper\"><div style=\"background-color:;height: 100px\" class=\"nicdark_section\"><\/div> <h2 style=\"color:#ffffff;padding:px;text-align:;font-size:25px;line-height:px;letter-spacing: px;font-weight:bold\" class=\"nd_options_second_font\">F\u00fcr wen ist Safe.T gedacht?<\/h2> <div style=\"background-color:;height: 25px\" class=\"nicdark_section\"><\/div>\n\t<div class=\"wpb_text_column wpb_content_element\" >\n\t\t<div class=\"wpb_wrapper\">\n\t\t\t<p><span style=\"color: #ffffff;\">Der Einsatz von Safe.T wird f\u00fcr Unternehmen mit 20 oder mehr Fahrzeugen interessant. Dabei kann es sich um Sattelzugmaschinen und (leichte) Lastwagen handeln, aber auch um eine Flotte von Personenkraftwagen oder auch Bussen.<\/span><\/p>\n\n\t\t<\/div>\n\t<\/div>\n<div style=\"background-color:;height: 100px\" class=\"nicdark_section\"><\/div><\/div><\/div><\/div><div class=\"wpb_column vc_column_container vc_col-sm-6\"><div class=\"vc_column-inner\"><div class=\"wpb_wrapper\"><div style=\"background-color:;height: 100px\" class=\"nicdark_section\"><\/div>\n\t<div  class=\"wpb_single_image wpb_content_element vc_align_center wpb_content_element\">\n\t\t\n\t\t<figure class=\"wpb_wrapper vc_figure\">\n\t\t\t<div class=\"vc_single_image-wrapper   vc_box_border_grey\"><img loading=\"lazy\" decoding=\"async\" width=\"300\" height=\"152\" src=\"https:\/\/www.dhondt-insurance.com\/wp-content\/uploads\/2020\/11\/pil-300x152.png\" class=\"vc_single_image-img attachment-medium\" alt=\"\" title=\"pil\" srcset=\"https:\/\/www.dhondt-insurance.com\/wp-content\/uploads\/2020\/11\/pil-300x152.png 300w, https:\/\/www.dhondt-insurance.com\/wp-content\/uploads\/2020\/11\/pil-1024x517.png 1024w, https:\/\/www.dhondt-insurance.com\/wp-content\/uploads\/2020\/11\/pil-768x388.png 768w, https:\/\/www.dhondt-insurance.com\/wp-content\/uploads\/2020\/11\/pil-16x8.png 16w, https:\/\/www.dhondt-insurance.com\/wp-content\/uploads\/2020\/11\/pil.png 1184w\" sizes=\"auto, (max-width: 300px) 100vw, 300px\" \/><\/div>\n\t\t<\/figure>\n\t<\/div>\n<div style=\"background-color:;height: 100px\" class=\"nicdark_section\"><\/div><\/div><\/div><\/div><\/div><\/div><\/div><\/div><\/div><div class=\"vc_row-full-width vc_clearfix\"><\/div><div data-vc-full-width=\"true\" data-vc-full-width-init=\"false\" class=\"vc_row wpb_row vc_row-fluid wpb_animate_when_almost_visible wpb_fadeIn fadeIn vc_custom_1604329132748 vc_row-has-fill\"><div class=\"wpb_column vc_column_container vc_col-sm-12\"><div class=\"vc_column-inner\"><div class=\"wpb_wrapper\"><div class=\"vc_row wpb_row vc_inner vc_row-fluid\"><div class=\"wpb_column vc_column_container vc_col-sm-6\"><div class=\"vc_column-inner\"><div class=\"wpb_wrapper\"><div style=\"background-color:;height: 50px\" class=\"nicdark_section\"><\/div>\n\t<div  class=\"wpb_single_image wpb_content_element vc_align_left wpb_content_element\">\n\t\t\n\t\t<figure class=\"wpb_wrapper vc_figure\">\n\t\t\t<div class=\"vc_single_image-wrapper   vc_box_border_grey\"><img loading=\"lazy\" decoding=\"async\" width=\"300\" height=\"172\" src=\"https:\/\/www.dhondt-insurance.com\/wp-content\/uploads\/2020\/11\/pc-300x172.png\" class=\"vc_single_image-img attachment-medium\" alt=\"\" title=\"pc\" srcset=\"https:\/\/www.dhondt-insurance.com\/wp-content\/uploads\/2020\/11\/pc-300x172.png 300w, https:\/\/www.dhondt-insurance.com\/wp-content\/uploads\/2020\/11\/pc-16x9.png 16w, https:\/\/www.dhondt-insurance.com\/wp-content\/uploads\/2020\/11\/pc.png 385w\" sizes=\"auto, (max-width: 300px) 100vw, 300px\" \/><\/div>\n\t\t<\/figure>\n\t<\/div>\n<div style=\"background-color:;height: 50px\" class=\"nicdark_section\"><\/div><\/div><\/div><\/div><div class=\"wpb_column vc_column_container vc_col-sm-6\"><div class=\"vc_column-inner\"><div class=\"wpb_wrapper\"><div style=\"background-color:;height: 25px\" class=\"nicdark_section\"><\/div> <h2 style=\"color:#2d2d2d;padding:px;text-align:;font-size:25px;line-height:px;letter-spacing: px;font-weight:bold\" class=\"nd_options_second_font\">Warum Safe.T?<\/h2> <div style=\"background-color:;height: 50px\" class=\"nicdark_section\"><\/div>\n\t<div class=\"wpb_text_column wpb_content_element\" >\n\t\t<div class=\"wpb_wrapper\">\n\t\t\t<p>Als HR-Instrument ist Safe.T die perfekte Erg\u00e4nzung zu unserem Flottenmanagementsystem Mobility. In Mobility werden alle Versicherungen und Schadensf\u00e4lle geb\u00fcndelt. Anhand der Berichte kann in Safe.T ein konkreter Pr\u00e4ventionsplan entwickelt werden, der auf die Schadensursache, das Fahrverhalten des Fahrers usw. reagiert. Der Fahrer sieht in der App seine pers\u00f6nlichen Herausforderungen und wird anhand von Gamification-Prinzipien st\u00e4ndig gecoacht.<\/p>\n\n\t\t<\/div>\n\t<\/div>\n<div style=\"background-color:;height: 50px\" class=\"nicdark_section\"><\/div><\/div><\/div><\/div><\/div><\/div><\/div><\/div><\/div><div class=\"vc_row-full-width vc_clearfix\"><\/div><div data-vc-full-width=\"true\" data-vc-full-width-init=\"false\" data-vc-parallax=\"1.5\" class=\"vc_row wpb_row vc_row-fluid wpb_animate_when_almost_visible wpb_fadeIn fadeIn vc_custom_1604329160729 vc_row-has-fill vc_general vc_parallax vc_parallax-content-moving\"><div class=\"wpb_column vc_column_container vc_col-sm-2\"><div class=\"vc_column-inner\"><div class=\"wpb_wrapper\"><\/div><\/div><\/div><div class=\"wpb_column vc_column_container vc_col-sm-8\"><div class=\"vc_column-inner\"><div class=\"wpb_wrapper\">\n\t<div class=\"wpb_text_column wpb_content_element\" >\n\t\t<div class=\"wpb_wrapper\">\n\t\t\t<h2 style=\"text-align: center;\"><span style=\"color: #ffffff;\">Haben Sie Interesse an diesem Pr\u00e4ventionsinstrument? <\/span><\/h2>\n\n\t\t<\/div>\n\t<\/div>\n<div style=\"background-color:;height: 12px\" class=\"nicdark_section\"><\/div>\n\t<div class=\"nd_options_section nd_options_text_align_center\">\n\t<a style=\"border: px solid;border-radius:px;letter-spacing:px;line-height:px;font-size:px;background-color:#ffffff;padding:5px 10px;margin:;color:#00599e\" rel=\"noopener\" href=\"https:\/\/safe-t-prevention.eu\/\" class=\"nicdark_display_inline_block\" target=\"_blank\">&gt; Over Safe.T<\/a>\n\t<\/div>\n<div style=\"background-color:;height: 25px\" class=\"nicdark_section\"><\/div><\/div><\/div><\/div><div class=\"wpb_column vc_column_container vc_col-sm-2\"><div class=\"vc_column-inner\"><div class=\"wpb_wrapper\"><\/div><\/div><\/div><\/div><div class=\"vc_row-full-width vc_clearfix\"><\/div>\n<\/div>","protected":false},"excerpt":{"rendered":"&gt; SCHADEPREVENTIE &gt; SCHADEPREVENTIE Krijg inzicht in het rijgedrag van uw chauffeurs Voorkomen is \u2013 en blijft \u2013 beter dan genezen. In sectoren zoals de bus- en transportsector is het aantal verzekeraars heel beperkt. Goede schadecijfers en het steeds verder evolueren naar minder schadegevallen is essentieel om concurrentieel verzekerd te blijven. Daarom ontwikkelden wij i.s.m. [...]","protected":false},"author":1,"featured_media":0,"parent":0,"menu_order":0,"comment_status":"closed","ping_status":"closed","template":"","meta":{"footnotes":""},"class_list":["post-2445","page","type-page","status-publish","hentry"],"_links":{"self":[{"href":"https:\/\/www.dhondt-insurance.com\/de\/wp-json\/wp\/v2\/pages\/2445","targetHints":{"allow":["GET"]}}],"collection":[{"href":"https:\/\/www.dhondt-insurance.com\/de\/wp-json\/wp\/v2\/pages"}],"about":[{"href":"https:\/\/www.dhondt-insurance.com\/de\/wp-json\/wp\/v2\/types\/page"}],"author":[{"embeddable":true,"href":"https:\/\/www.dhondt-insurance.com\/de\/wp-json\/wp\/v2\/users\/1"}],"replies":[{"embeddable":true,"href":"https:\/\/www.dhondt-insurance.com\/de\/wp-json\/wp\/v2\/comments?post=2445"}],"version-history":[{"count":0,"href":"https:\/\/www.dhondt-insurance.com\/de\/wp-json\/wp\/v2\/pages\/2445\/revisions"}],"wp:attachment":[{"href":"https:\/\/www.dhondt-insurance.com\/de\/wp-json\/wp\/v2\/media?parent=2445"}],"curies":[{"name":"wp","href":"https:\/\/api.w.org\/{rel}","templated":true}]}}