{"id":2440,"date":"2019-10-07T10:55:58","date_gmt":"2019-10-07T10:55:58","guid":{"rendered":"http:\/\/www.nicdarkthemes.com\/themes\/construction\/wp\/demo\/construction\/?page_id=859"},"modified":"2023-06-21T11:42:59","modified_gmt":"2023-06-21T11:42:59","slug":"over-ons","status":"publish","type":"page","link":"https:\/\/www.dhondt-insurance.com\/de\/over-ons\/","title":{"rendered":"\u00dcber uns"},"content":{"rendered":"<div class=\"wpb-content-wrapper\"><div class=\"vc_row wpb_row vc_row-fluid wpb_animate_when_almost_visible wpb_fadeIn fadeIn\"><div class=\"wpb_column vc_column_container vc_col-sm-12\"><div class=\"vc_column-inner\"><div class=\"wpb_wrapper\"><div style=\"background-color:;height: 50px\" class=\"nicdark_section\"><\/div><div class=\"vc_row wpb_row vc_inner vc_row-fluid vc_custom_1569482474546\"><div class=\"wpb_column vc_column_container vc_col-sm-12\"><div class=\"vc_column-inner\"><div class=\"wpb_wrapper\"> <h3 style=\"color:#00599e;padding:px;text-align:;font-size:px;line-height:px;letter-spacing: 4px;font-weight:bold\" class=\"nd_options_second_font\">&gt; \u00dcBER UNS<\/h3> <div style=\"background-color:;height: 50px\" class=\"nicdark_section\"><\/div><\/div><\/div><\/div><\/div><div class=\"vc_row wpb_row vc_inner vc_row-fluid vc_custom_1569482474546\"><div class=\"wpb_column vc_column_container vc_col-sm-6\"><div class=\"vc_column-inner\"><div class=\"wpb_wrapper\"><div style=\"background-color:;height: 50px\" class=\"nicdark_section\"><\/div>\n\t<div  class=\"wpb_single_image wpb_content_element vc_align_left wpb_content_element\">\n\t\t\n\t\t<figure class=\"wpb_wrapper vc_figure\">\n\t\t\t<div class=\"vc_single_image-wrapper   vc_box_border_grey\"><img loading=\"lazy\" decoding=\"async\" width=\"2560\" height=\"1978\" src=\"https:\/\/www.dhondt-insurance.com\/wp-content\/uploads\/2020\/01\/Foto-gebouw-scaled.jpg\" class=\"vc_single_image-img attachment-full\" alt=\"\" title=\"Foto gebouw\" srcset=\"https:\/\/www.dhondt-insurance.com\/wp-content\/uploads\/2020\/01\/Foto-gebouw-scaled.jpg 2560w, https:\/\/www.dhondt-insurance.com\/wp-content\/uploads\/2020\/01\/Foto-gebouw-300x232.jpg 300w, https:\/\/www.dhondt-insurance.com\/wp-content\/uploads\/2020\/01\/Foto-gebouw-1024x791.jpg 1024w, https:\/\/www.dhondt-insurance.com\/wp-content\/uploads\/2020\/01\/Foto-gebouw-768x594.jpg 768w, https:\/\/www.dhondt-insurance.com\/wp-content\/uploads\/2020\/01\/Foto-gebouw-1536x1187.jpg 1536w, https:\/\/www.dhondt-insurance.com\/wp-content\/uploads\/2020\/01\/Foto-gebouw-2048x1583.jpg 2048w, https:\/\/www.dhondt-insurance.com\/wp-content\/uploads\/2020\/01\/Foto-gebouw-680x526.jpg 680w\" sizes=\"auto, (max-width: 2560px) 100vw, 2560px\" \/><\/div>\n\t\t<\/figure>\n\t<\/div>\n<div style=\"background-color:;height: 50px\" class=\"nicdark_section\"><\/div><\/div><\/div><\/div><div class=\"wpb_column vc_column_container vc_col-sm-6\"><div class=\"vc_column-inner\"><div class=\"wpb_wrapper\"><div style=\"background-color:;height: 35px\" class=\"nicdark_section\"><\/div> <h2 style=\"color:#2d2d2d;padding:px;text-align:;font-size:25px;line-height:40px;letter-spacing: px;font-weight:bold\" class=\"nd_options_second_font\">Versicherer f\u00fcr alle KMU<\/h2> <div style=\"background-color:;height: 25px\" class=\"nicdark_section\"><\/div><div style=\"background-color:;height: 50px\" class=\"nicdark_section\"><\/div>\n\t<div class=\"wpb_text_column wpb_content_element\" >\n\t\t<div class=\"wpb_wrapper\">\n\t\t\t<p><em>Unser Ansatz l\u00e4sst sich am besten als \u201eallumfassend\u201c beschreiben. 45 Mitarbeiter, die in 11 europ\u00e4ischen L\u00e4ndern t\u00e4tig sind, widmen sich t\u00e4glich dem Versicherungsportfolio gro\u00dfer und kleiner KMU. Spediteur, Bauunternehmen oder Profisportler? Wir sprechen \u2013 im w\u00f6rtlichen und \u00fcbertragenen Sinn \u2013 Ihre Sprache! Bei uns gibt es keine zwischengeschalteten Vermittler oder komplizierte Konstruktionen, sondern immer eine auf den Punkt gebrachte und transparente Beratung.<\/em><\/p>\n\n\t\t<\/div>\n\t<\/div>\n<\/div><\/div><\/div><\/div><\/div><\/div><\/div><\/div><div class=\"vc_row wpb_row vc_row-fluid wpb_animate_when_almost_visible wpb_fadeIn fadeIn vc_custom_1604331966976\"><div class=\"wpb_column vc_column_container vc_col-sm-8\"><div class=\"vc_column-inner\"><div class=\"wpb_wrapper\"><div class=\"vc_row wpb_row vc_inner vc_row-fluid\"><div class=\"wpb_column vc_column_container vc_col-sm-12\"><div class=\"vc_column-inner\"><div class=\"wpb_wrapper\"><div style=\"background-color:;height: 40px\" class=\"nicdark_section\"><\/div> <h2 style=\"color:#2d2d2d;padding:px;text-align:;font-size:25px;line-height:40px;letter-spacing: px;font-weight:bold\" class=\"nd_options_second_font\">Digitalisierungsvorteil<\/h2> <div style=\"background-color:;height: 50px\" class=\"nicdark_section\"><\/div>\n\t<div class=\"wpb_text_column wpb_content_element\" >\n\t\t<div class=\"wpb_wrapper\">\n\t\t\t<p>Wir gehen viel weiter als klassische Versicherungsmakler. Infolge unserer umfassenden Spezialisierung auf die Transportbranche haben wir eine Reihe immer wiederkehrender Schwachpunkte in dieser Branche festgestellt. Auf Grundlage dieser Bed\u00fcrfnisse und mit unserem Fachwissen haben wir verschiedene Online-Tools entwickelt, die das Flottenmanagement l\u00e4nder\u00fcbergreifend erleichtern. Denken Sie dabei an das Online-System <a href=\"https:\/\/mobility.dkpv.be\" target=\"_blank\" rel=\"noopener\">Mobility,<\/a> und das Pr\u00e4ventionstool <a href=\"https:\/\/www.dhondt-insurance.com\/de\/schadepreventie\/\">Safe-T.<\/a>Auch in anderen Branchen setzen wir auf Digitalisierung. Zum Beispiel mit dem Tool mybroker.be, mit dem unsere Kunden ihre Versicherungen digital verwalten k\u00f6nnen.<\/p>\n\n\t\t<\/div>\n\t<\/div>\n<\/div><\/div><\/div><\/div><div class=\"vc_row wpb_row vc_inner vc_row-fluid\"><div class=\"wpb_column vc_column_container vc_col-sm-12\"><div class=\"vc_column-inner\"><div class=\"wpb_wrapper\"><div style=\"background-color:;height: 40px\" class=\"nicdark_section\"><\/div> <h2 style=\"color:#2d2d2d;padding:px;text-align:;font-size:25px;line-height:40px;letter-spacing: px;font-weight:bold\" class=\"nd_options_second_font\">Internationale Geschichte<\/h2> <div style=\"background-color:;height: 50px\" class=\"nicdark_section\"><\/div>\n\t<div class=\"wpb_text_column wpb_content_element\" >\n\t\t<div class=\"wpb_wrapper\">\n\t\t\t<p>Vor \u00fcber 20 Jahren folgten wir einem unserer Kunden nach Polen. Das internationale Gesch\u00e4ft hat sich in den letzten f\u00fcnf Jahren immer weiterentwickelt. Wir legen gro\u00dfen Wert darauf, Ihrem Unternehmen im Ausland den gleichen Service wie in Belgien zu garantieren. Wir arbeiten immer direkt mit ausl\u00e4ndischen Versicherern zusammen. Unsere Mitarbeiter, unser Service! Kein \u00c4rger mit Netzwerken und lokalen Versicherungsmaklern.<\/p>\n<p>&nbsp;<\/p>\n<p>Wir haben eigene B\u00fcros in unseren strategisch wichtigsten L\u00e4ndern (Polen, Deutschland). In Spanien und Frankreich arbeiten wir derzeit daran, eigene B\u00fcros aufzubauen. Diese kontinuierliche Internationalisierung sorgt daf\u00fcr, dass wir bei D'hondt Insurance \u00fcber 13 verschiedene Sprachen sprechen.<\/p>\n\n\t\t<\/div>\n\t<\/div>\n<\/div><\/div><\/div><\/div><div class=\"vc_row wpb_row vc_inner vc_row-fluid\"><div class=\"wpb_column vc_column_container vc_col-sm-12\"><div class=\"vc_column-inner\"><div class=\"wpb_wrapper\"><div style=\"background-color:;height: 40px\" class=\"nicdark_section\"><\/div> <h2 style=\"color:#2d2d2d;padding:px;text-align:;font-size:25px;line-height:40px;letter-spacing: px;font-weight:bold\" class=\"nd_options_second_font\">Etablierte Gr\u00f6\u00dfe<\/h2> <div style=\"background-color:;height: 50px\" class=\"nicdark_section\"><\/div>\n\t<div class=\"wpb_text_column wpb_content_element\" >\n\t\t<div class=\"wpb_wrapper\">\n\t\t\t<p>D'hondt Insurance kann auf \u00fcber 25 Jahre Erfahrung zur\u00fcckblicken. Seit 1993 hat Kurt D'hondt die Unternehmensleitung mit Spezialisierungen im Transport- und Bauwesen. 2017 wurde das Privatkundengesch\u00e4ft verkauft und seitdem konzentrieren wir uns zu 100 % auf das Firmenkundengesch\u00e4ft. Heute sind wir Ansprechpartner f\u00fcr jedes KMU, das ein umfassendes Versicherungspaket w\u00fcnscht, pers\u00f6nlicher Service inklusive!<\/p>\n\n\t\t<\/div>\n\t<\/div>\n<\/div><\/div><\/div><\/div><div class=\"vc_row wpb_row vc_inner vc_row-fluid\"><div class=\"wpb_column vc_column_container vc_col-sm-12\"><div class=\"vc_column-inner\"><div class=\"wpb_wrapper\"><div style=\"background-color:;height: 40px\" class=\"nicdark_section\"><\/div> <h2 style=\"color:#2d2d2d;padding:px;text-align:;font-size:25px;line-height:40px;letter-spacing: px;font-weight:bold\" class=\"nd_options_second_font\">Sport als Verbindungselement<\/h2> <div style=\"background-color:;height: 50px\" class=\"nicdark_section\"><\/div>\n\t<div class=\"wpb_text_column wpb_content_element\" >\n\t\t<div class=\"wpb_wrapper\">\n\t\t\t<p>Wir bestehen darauf, eine pers\u00f6nliche Beziehung zu unserer Kundschaft aufzubauen. Sport spielt dabei eine wichtige Rolle. Die D'hondt Versicherung ist seit vielen Jahren Hausmakler f\u00fcr eine Reihe von Fu\u00dfballvereinen. So stellen wir sicher, dass wir bei jedem Heimspiel ein paar Kunden zu einem unserer tollen Business-Formeln einladen k\u00f6nnen.<\/p>\n<p>&nbsp;<\/p>\n<p>Dar\u00fcber hinaus unterst\u00fctzen wir eine Reihe lokaler Initiativen und sind auch in der Automobilwelt aktiv.<\/p>\n\n\t\t<\/div>\n\t<\/div>\n<\/div><\/div><\/div><\/div><\/div><\/div><\/div><div class=\"wpb_column vc_column_container vc_col-sm-4 vc_hidden-xs\"><div class=\"vc_column-inner vc_custom_1604582153928\"><div class=\"wpb_wrapper\"><div style=\"background-color:;height: 30px\" class=\"nicdark_section\"><\/div><div class=\"vc_row wpb_row vc_inner vc_row-fluid\"><div class=\"wpb_column vc_column_container vc_col-sm-12 vc_col-has-fill\"><div class=\"vc_column-inner vc_custom_1598348723774\"><div class=\"wpb_wrapper\">\n\n    <div class=\"nd_options_section nd_options_position_relative\">\n\n        \n\n        <div style=\"padding-left:50px\" class=\"nd_options_section nd_options_box_sizing_border_box\">\n            \n            <h3 class=\"nd_options_second_font nd_options_letter_spacing_2 nd_options_font_weight_lighter\" style=\"margin:0px 0px 3px 0px;color:#ffffff;font-size:13px;line-height:13px\">D'HONDT INSURANCE<\/h3> \n             \n            <a class=\"nd_options_first_font nd_options_display_inline_block\" style=\"font-size:12px;line-height:12px;border-radius:0px;border:0px solid;background-color:;padding:5px 10px;color:#ffffff\" rel=\"\" href=\"https:\/\/www.dhondt-insurance.com\/de\/contact\/\">&gt; KANTOREN<\/a>\n\n        <\/div>\n\n    <\/div>\n\n  <div style=\"background-color:;height: 30px\" class=\"nicdark_section\"><\/div>\n\n    <div class=\"nd_options_section nd_options_position_relative\">\n\n        \n\n        <div style=\"padding-left:50px\" class=\"nd_options_section nd_options_box_sizing_border_box\">\n            \n            <h3 class=\"nd_options_second_font nd_options_letter_spacing_2 nd_options_font_weight_lighter\" style=\"margin:0px 0px 3px 0px;color:#ffffff;font-size:13px;line-height:13px\">RUFEN SIE UNS AN:<\/h3> \n             \n            <a class=\"nd_options_display_inline_block\" style=\"font-size:12px;line-height:12px;border-radius:0px;border:0px solid;background-color:;padding:;color:#ffffff\" rel=\"\" href=\"\">+32 50 46 10 46<\/a>\n\n        <\/div>\n\n    <\/div>\n\n  <div style=\"background-color:;height: 30px\" class=\"nicdark_section\"><\/div>\n\n    <div class=\"nd_options_section nd_options_position_relative\">\n\n        \n\n        <div style=\"padding-left:50px\" class=\"nd_options_section nd_options_box_sizing_border_box\">\n            \n            <h3 class=\"nd_options_second_font nd_options_letter_spacing_2 nd_options_font_weight_lighter\" style=\"margin:0px 0px 3px 0px;color:#ffffff;font-size:13px;line-height:13px\">EMAIL:<\/h3> \n             \n            <a class=\"nd_options_first_font nd_options_display_inline_block\" style=\"font-size:12px;line-height:12px;border-radius:0px;border:0px solid;background-color:;padding:5px 10px;color:#ffffff\" rel=\"\" href=\"mailto:Info@dhondt-insurance.com\">Info@dhondt-insurance.com<\/a>\n\n        <\/div>\n\n    <\/div>\n\n  <\/div><\/div><\/div><\/div><div style=\"background-color:#ffffff;height: 30px\" class=\"nicdark_section\"><\/div><div class=\"vc_row wpb_row vc_inner vc_row-fluid\"><div class=\"wpb_column vc_column_container vc_col-sm-12 vc_col-has-fill\"><div class=\"vc_column-inner vc_custom_1598367170546\"><div class=\"wpb_wrapper\"> <h2 style=\"color:#ffffff;padding:px;text-align:center;font-size:12px;line-height:px;letter-spacing: 2px;font-weight:normal\" class=\"nd_options_first_font\">KONTAKTIEREN SIE UNS<\/h2> <div style=\"background-color:;height: 10px\" class=\"nicdark_section\"><\/div> <h1 style=\"color:#ffffff;padding:px;text-align:center;font-size:30px;line-height:px;letter-spacing: 1px;font-weight:normal\" class=\"nd_options_first_font\">INDVIDUELL ANGEPASSTE VERSICHERUNG<\/h1> <div style=\"background-color:;height: 35px\" class=\"nicdark_section\"><\/div>\n\t<div class=\"nd_options_section nd_options_text_align_center\">\n\t<a style=\"border: px solid;border-radius:px;letter-spacing:px;line-height:px;font-size:px;background-color:#ffffff;padding:5px 10px;margin:;color:#212d60\" rel=\"\" href=\"https:\/\/www.dhondt-insurance.com\/de\/contact\/\" class=\"nicdark_display_inline_block\">&gt; Contacteer ons<\/a>\n\t<\/div>\n<div style=\"background-color:;height: 10px\" class=\"nicdark_section\"><\/div><\/div><\/div><\/div><\/div><div style=\"background-color:;height: 10px\" class=\"nicdark_section\"><\/div><\/div><\/div><\/div><\/div><div class=\"vc_row wpb_row vc_row-fluid wpb_animate_when_almost_visible wpb_fadeIn fadeIn vc_custom_1645203497985 vc_row-o-content-top vc_row-flex\"><div class=\"wpb_column vc_column_container vc_col-sm-2\"><div class=\"vc_column-inner\"><div class=\"wpb_wrapper\"><div style=\"background-color:;height: 20px\" class=\"nicdark_section\"><\/div>\n\t<div  class=\"wpb_single_image wpb_content_element vc_align_left wpb_content_element vc_custom_1660632925544\">\n\t\t\n\t\t<figure class=\"wpb_wrapper vc_figure\">\n\t\t\t<div class=\"vc_single_image-wrapper   vc_box_border_grey\"><img loading=\"lazy\" decoding=\"async\" width=\"230\" height=\"300\" src=\"https:\/\/www.dhondt-insurance.com\/wp-content\/uploads\/2022\/01\/1200px-Club_Brugge_KV_logo.svg.png\" class=\"vc_single_image-img attachment-medium\" alt=\"\" title=\"1200px-Club_Brugge_KV_logo.svg\" srcset=\"https:\/\/www.dhondt-insurance.com\/wp-content\/uploads\/2022\/01\/1200px-Club_Brugge_KV_logo.svg.png 230w, https:\/\/www.dhondt-insurance.com\/wp-content\/uploads\/2022\/01\/1200px-Club_Brugge_KV_logo.svg.png 785w, https:\/\/www.dhondt-insurance.com\/wp-content\/uploads\/2022\/01\/1200px-Club_Brugge_KV_logo.svg.png 768w, https:\/\/www.dhondt-insurance.com\/wp-content\/uploads\/2022\/01\/1200px-Club_Brugge_KV_logo.svg.png 1177w, https:\/\/www.dhondt-insurance.com\/wp-content\/uploads\/2022\/01\/1200px-Club_Brugge_KV_logo.svg.png 9w, https:\/\/www.dhondt-insurance.com\/wp-content\/uploads\/2022\/01\/1200px-Club_Brugge_KV_logo.svg.png 1200w\" sizes=\"auto, (max-width: 230px) 100vw, 230px\" \/><\/div>\n\t\t<\/figure>\n\t<\/div>\n<div style=\"background-color:;height: 20px\" class=\"nicdark_section\"><\/div><\/div><\/div><\/div><div class=\"wpb_column vc_column_container vc_col-sm-2\"><div class=\"vc_column-inner\"><div class=\"wpb_wrapper\"><div style=\"background-color:;height: 20px\" class=\"nicdark_section\"><\/div>\n\t<div  class=\"wpb_single_image wpb_content_element vc_align_left wpb_content_element vc_custom_1660632934448\">\n\t\t\n\t\t<figure class=\"wpb_wrapper vc_figure\">\n\t\t\t<div class=\"vc_single_image-wrapper   vc_box_border_grey\"><img loading=\"lazy\" decoding=\"async\" width=\"263\" height=\"300\" src=\"https:\/\/www.dhondt-insurance.com\/wp-content\/uploads\/2022\/01\/Logo_RUSG.Brussels.png\" class=\"vc_single_image-img attachment-medium\" alt=\"\" title=\"Logo_RUSG.Brussels\" srcset=\"https:\/\/www.dhondt-insurance.com\/wp-content\/uploads\/2022\/01\/Logo_RUSG.Brussels.png 263w, https:\/\/www.dhondt-insurance.com\/wp-content\/uploads\/2022\/01\/Logo_RUSG.Brussels.png 11w, https:\/\/www.dhondt-insurance.com\/wp-content\/uploads\/2022\/01\/Logo_RUSG.Brussels.png 595w\" sizes=\"auto, (max-width: 263px) 100vw, 263px\" \/><\/div>\n\t\t<\/figure>\n\t<\/div>\n<div style=\"background-color:;height: 20px\" class=\"nicdark_section\"><\/div><\/div><\/div><\/div><div class=\"wpb_column vc_column_container vc_col-sm-2\"><div class=\"vc_column-inner\"><div class=\"wpb_wrapper\"><\/div><\/div><\/div><div class=\"wpb_column vc_column_container vc_col-sm-2\"><div class=\"vc_column-inner\"><div class=\"wpb_wrapper\"><\/div><\/div><\/div><div class=\"wpb_column vc_column_container vc_col-sm-2\"><div class=\"vc_column-inner\"><div class=\"wpb_wrapper\"><\/div><\/div><\/div><div class=\"wpb_column vc_column_container vc_col-sm-2\"><div class=\"vc_column-inner\"><div class=\"wpb_wrapper\"><\/div><\/div><\/div><\/div><div class=\"vc_row wpb_row vc_row-fluid\"><div class=\"wpb_column vc_column_container vc_col-sm-12\"><div class=\"vc_column-inner\"><div class=\"wpb_wrapper\"><div style=\"background-color:;height: 40px\" class=\"nicdark_section\"><\/div><\/div><\/div><\/div><\/div><div data-vc-full-width=\"true\" data-vc-full-width-init=\"false\" class=\"vc_row wpb_row vc_row-fluid wpb_animate_when_almost_visible wpb_fadeIn fadeIn vc_custom_1687347776408 vc_row-has-fill\"><div class=\"wpb_column vc_column_container vc_col-sm-12\"><div class=\"vc_column-inner\"><div class=\"wpb_wrapper\">\n\t<div class=\"wpb_text_column wpb_content_element\" >\n\t\t<div class=\"wpb_wrapper\">\n\t\t\t<h2 class=\"nd_options_line_height_40_important_all_iphone nd_options_font_size_40_important_all_iphone nd_options_first_font\" style=\"text-align: center;\"><span style=\"color: #ffffff;\">M\u00f6chten Sie erfahren, was wir f\u00fcr Sie tun k\u00f6nnen?<\/span><\/h2>\n\n\t\t<\/div>\n\t<\/div>\n<div style=\"background-color:;height: 40px\" class=\"nicdark_section\"><\/div>\n\t<div class=\"nd_options_section nd_options_text_align_center\">\n\t<a style=\"border: px solid;border-radius:px;letter-spacing:px;line-height:px;font-size:px;background-color:#ffffff;padding:5px 10px;margin:;color:#37719e\" rel=\"\" href=\"https:\/\/www.dhondt-insurance.com\/de\/producten\/\" class=\"nicdark_display_inline_block\">&gt; Bekijk onze producten<\/a>\n\t<\/div>\n<\/div><\/div><\/div><\/div><div class=\"vc_row-full-width vc_clearfix\"><\/div>\n<\/div>","protected":false},"excerpt":{"rendered":"&gt; OVER ONS Verzekeraar van elke kmo Onze aanpak valt het best te beschrijven als \u2018allesomvattend\u2019. 35 medewerkers actief in 11 Europese landen zetten zich dagelijks in voor de verzekeringsportefeuille van grote \u00e9n kleine kmo\u2019s. Transporteur, bouwbedrijf of professionele sporter? Wij spreken \u2013 letterlijk en figuurlijk \u2013 uw taal! Bij ons geen tussenschakels of moeilijke [...]","protected":false},"author":1,"featured_media":0,"parent":0,"menu_order":0,"comment_status":"closed","ping_status":"closed","template":"","meta":{"footnotes":""},"class_list":["post-2440","page","type-page","status-publish","hentry"],"_links":{"self":[{"href":"https:\/\/www.dhondt-insurance.com\/de\/wp-json\/wp\/v2\/pages\/2440","targetHints":{"allow":["GET"]}}],"collection":[{"href":"https:\/\/www.dhondt-insurance.com\/de\/wp-json\/wp\/v2\/pages"}],"about":[{"href":"https:\/\/www.dhondt-insurance.com\/de\/wp-json\/wp\/v2\/types\/page"}],"author":[{"embeddable":true,"href":"https:\/\/www.dhondt-insurance.com\/de\/wp-json\/wp\/v2\/users\/1"}],"replies":[{"embeddable":true,"href":"https:\/\/www.dhondt-insurance.com\/de\/wp-json\/wp\/v2\/comments?post=2440"}],"version-history":[{"count":7,"href":"https:\/\/www.dhondt-insurance.com\/de\/wp-json\/wp\/v2\/pages\/2440\/revisions"}],"predecessor-version":[{"id":8293,"href":"https:\/\/www.dhondt-insurance.com\/de\/wp-json\/wp\/v2\/pages\/2440\/revisions\/8293"}],"wp:attachment":[{"href":"https:\/\/www.dhondt-insurance.com\/de\/wp-json\/wp\/v2\/media?parent=2440"}],"curies":[{"name":"wp","href":"https:\/\/api.w.org\/{rel}","templated":true}]}}