{"id":2431,"date":"2019-09-26T10:09:03","date_gmt":"2019-09-26T10:09:03","guid":{"rendered":"http:\/\/www.nicdarkthemes.com\/themes\/construction\/wp\/demo\/construction\/?page_id=275"},"modified":"2023-01-19T09:08:15","modified_gmt":"2023-01-19T09:08:15","slug":"pakketten","status":"publish","type":"page","link":"https:\/\/www.dhondt-insurance.com\/de\/pakketten\/","title":{"rendered":"Pakete"},"content":{"rendered":"<div class=\"wpb-content-wrapper\"><div class=\"vc_row wpb_row vc_row-fluid wpb_animate_when_almost_visible wpb_fadeIn fadeIn\"><div class=\"wpb_column vc_column_container vc_col-sm-12\"><div class=\"vc_column-inner\"><div class=\"wpb_wrapper\"><div style=\"background-color:;height: 50px\" class=\"nicdark_section\"><\/div><div class=\"vc_row wpb_row vc_inner vc_row-fluid vc_custom_1569482474546\"><div class=\"wpb_column vc_column_container vc_col-sm-12\"><div class=\"vc_column-inner\"><div class=\"wpb_wrapper\"> <h3 style=\"color:#00599e;padding:px;text-align:;font-size:px;line-height:px;letter-spacing: 4px;font-weight:bold\" class=\"nd_options_second_font\">&gt; PAKETE<\/h3> <\/div><\/div><\/div><\/div><\/div><\/div><\/div><\/div><div class=\"vc_row wpb_row vc_row-fluid wpb_animate_when_almost_visible wpb_fadeIn fadeIn vc_row-o-equal-height vc_row-o-content-middle vc_row-flex\"><div class=\"wpb_column vc_column_container vc_col-sm-6 vc_hidden-sm vc_col-has-fill\"><div class=\"vc_column-inner vc_custom_1604606283448\"><div class=\"wpb_wrapper\"><div style=\"background-color:;height: 50px\" class=\"nicdark_section\"><\/div>\n\t<div  class=\"wpb_single_image wpb_content_element vc_align_left wpb_content_element\">\n\t\t\n\t\t<figure class=\"wpb_wrapper vc_figure\">\n\t\t\t<div class=\"vc_single_image-wrapper   vc_box_border_grey\"><img loading=\"lazy\" decoding=\"async\" width=\"2560\" height=\"1709\" src=\"https:\/\/www.dhondt-insurance.com\/wp-content\/uploads\/2020\/08\/AdobeStock_3119071943-scaled.jpg\" class=\"vc_single_image-img attachment-full\" alt=\"\" title=\"commercial VANs parked in row on dealership parking\" srcset=\"https:\/\/www.dhondt-insurance.com\/wp-content\/uploads\/2020\/08\/AdobeStock_3119071943-scaled.jpg 2560w, https:\/\/www.dhondt-insurance.com\/wp-content\/uploads\/2020\/08\/AdobeStock_3119071943-300x200.jpg 300w, https:\/\/www.dhondt-insurance.com\/wp-content\/uploads\/2020\/08\/AdobeStock_3119071943-1024x684.jpg 1024w, https:\/\/www.dhondt-insurance.com\/wp-content\/uploads\/2020\/08\/AdobeStock_3119071943-768x513.jpg 768w, https:\/\/www.dhondt-insurance.com\/wp-content\/uploads\/2020\/08\/AdobeStock_3119071943-1536x1025.jpg 1536w, https:\/\/www.dhondt-insurance.com\/wp-content\/uploads\/2020\/08\/AdobeStock_3119071943-2048x1367.jpg 2048w, https:\/\/www.dhondt-insurance.com\/wp-content\/uploads\/2020\/08\/AdobeStock_3119071943-600x401.jpg 600w\" sizes=\"auto, (max-width: 2560px) 100vw, 2560px\" \/><\/div>\n\t\t<\/figure>\n\t<\/div>\n<div style=\"background-color:;height: 50px\" class=\"nicdark_section\"><\/div><\/div><\/div><\/div><div class=\"wpb_column vc_column_container vc_col-sm-6 vc_hidden-sm\"><div class=\"vc_column-inner\"><div class=\"wpb_wrapper\"> <h2 style=\"color:#2d2d2d;padding:px;text-align:;font-size:25px;line-height:40px;letter-spacing: px;font-weight:bold\" class=\"nd_options_second_font\">Spedition oder Kurierdienst?<br \/>\nWir machen es Ihnen leicht!<\/h2> <div style=\"background-color:;height: 25px\" class=\"nicdark_section\"><\/div><div style=\"background-color:;height: 50px\" class=\"nicdark_section\"><\/div>\n\t<div class=\"wpb_text_column wpb_content_element\" >\n\t\t<div class=\"wpb_wrapper\">\n\t\t\t<p><em>Wir erstellen ein komplettes, auf Ihre Gesch\u00e4ftst\u00e4tigkeit abgestimmtes Versicherungspaket, damit Sie Ihre Fahrer beruhigt auf die Stra\u00dfe schicken k\u00f6nnen. \nDabei ist es selbstverst\u00e4ndlich, dass wir die Fahrzeuge vorschriftsgem\u00e4\u00df versichern. Aber wussten Sie, dass u. a. auch Arbeitsunf\u00e4lle und Sch\u00e4den Dritter in die Versicherung aufgenommen werden k\u00f6nnen? Mit Safe-T, unserem Paradebeispiel zur Schadensvermeidung, bieten wir Ihnen verschiedene Pr\u00e4ventionswerkzeuge an, mit denen Sie von wettbewerbsf\u00e4higen Versicherungspr\u00e4mien profitieren k\u00f6nnen!<\/em><\/p>\n\n\t\t<\/div>\n\t<\/div>\n<\/div><\/div><\/div><\/div><div class=\"vc_row wpb_row vc_row-fluid wpb_animate_when_almost_visible wpb_fadeIn fadeIn vc_custom_1674119284348 vc_row-o-equal-height vc_row-o-content-middle vc_row-flex\"><div class=\"wpb_column vc_column_container vc_col-sm-6 vc_hidden-lg vc_hidden-md vc_hidden-xs vc_col-has-fill\"><div class=\"vc_column-inner vc_custom_1604607345453\"><div class=\"wpb_wrapper\">\n\t<div  class=\"wpb_single_image wpb_content_element vc_align_left wpb_content_element\">\n\t\t\n\t\t<figure class=\"wpb_wrapper vc_figure\">\n\t\t\t<div class=\"vc_single_image-wrapper   vc_box_border_grey\"><img loading=\"lazy\" decoding=\"async\" width=\"2560\" height=\"1709\" src=\"https:\/\/www.dhondt-insurance.com\/wp-content\/uploads\/2020\/08\/AdobeStock_3119071943-scaled.jpg\" class=\"vc_single_image-img attachment-full\" alt=\"\" title=\"commercial VANs parked in row on dealership parking\" srcset=\"https:\/\/www.dhondt-insurance.com\/wp-content\/uploads\/2020\/08\/AdobeStock_3119071943-scaled.jpg 2560w, https:\/\/www.dhondt-insurance.com\/wp-content\/uploads\/2020\/08\/AdobeStock_3119071943-300x200.jpg 300w, https:\/\/www.dhondt-insurance.com\/wp-content\/uploads\/2020\/08\/AdobeStock_3119071943-1024x684.jpg 1024w, https:\/\/www.dhondt-insurance.com\/wp-content\/uploads\/2020\/08\/AdobeStock_3119071943-768x513.jpg 768w, https:\/\/www.dhondt-insurance.com\/wp-content\/uploads\/2020\/08\/AdobeStock_3119071943-1536x1025.jpg 1536w, https:\/\/www.dhondt-insurance.com\/wp-content\/uploads\/2020\/08\/AdobeStock_3119071943-2048x1367.jpg 2048w, https:\/\/www.dhondt-insurance.com\/wp-content\/uploads\/2020\/08\/AdobeStock_3119071943-600x401.jpg 600w\" sizes=\"auto, (max-width: 2560px) 100vw, 2560px\" \/><\/div>\n\t\t<\/figure>\n\t<\/div>\n<div style=\"background-color:;height: 50px\" class=\"nicdark_section\"><\/div><\/div><\/div><\/div><div class=\"wpb_column vc_column_container vc_col-sm-6 vc_hidden-lg vc_hidden-md vc_hidden-xs\"><div class=\"vc_column-inner vc_custom_1604607350612\"><div class=\"wpb_wrapper\"> <h2 style=\"color:#2d2d2d;padding:px;text-align:;font-size:25px;line-height:40px;letter-spacing: px;font-weight:bold\" class=\"nd_options_second_font\">Spedition oder Kurierdienst?<br \/>\nWir machen es Ihnen leicht!<\/h2> <div style=\"background-color:;height: 25px\" class=\"nicdark_section\"><\/div><div style=\"background-color:;height: 50px\" class=\"nicdark_section\"><\/div>\n\t<div class=\"wpb_text_column wpb_content_element\" >\n\t\t<div class=\"wpb_wrapper\">\n\t\t\t<p><em>Wir erstellen ein komplettes, auf Ihre Gesch\u00e4ftst\u00e4tigkeit abgestimmtes Versicherungspaket, damit Sie Ihre Fahrer beruhigt auf die Stra\u00dfe schicken k\u00f6nnen. \nDabei ist es selbstverst\u00e4ndlich, dass wir die Fahrzeuge vorschriftsgem\u00e4\u00df versichern. Aber wussten Sie, dass u. a. auch Arbeitsunf\u00e4lle und Sch\u00e4den Dritter in die Versicherung aufgenommen werden k\u00f6nnen? Mit Safe-T, unserem Paradebeispiel zur Schadensvermeidung, bieten wir Ihnen verschiedene Pr\u00e4ventionswerkzeuge an, mit denen Sie von wettbewerbsf\u00e4higen Versicherungspr\u00e4mien profitieren k\u00f6nnen!<\/em><\/p>\n\n\t\t<\/div>\n\t<\/div>\n<\/div><\/div><\/div><\/div><div class=\"vc_row wpb_row vc_row-fluid wpb_animate_when_almost_visible wpb_fadeIn fadeIn\"><div class=\"wpb_column vc_column_container vc_col-sm-12\"><div class=\"vc_column-inner vc_custom_1604607469424\"><div class=\"wpb_wrapper\"><div style=\"background-color:;height: 50px\" class=\"nicdark_section\"><\/div> <h2 style=\"color:#2d2d2d;padding:px;text-align:;font-size:25px;line-height:40px;letter-spacing: px;font-weight:bold\" class=\"nd_options_second_font\">Alles umfassende Versicherungspakete<\/h2> <div style=\"background-color:;height: 25px\" class=\"nicdark_section\"><\/div>\n\t<div class=\"wpb_text_column wpb_content_element\" >\n\t\t<div class=\"wpb_wrapper\">\n\t\t\t<p>Schau sie dir hier an:<\/p>\n\n\t\t<\/div>\n\t<\/div>\n<div style=\"background-color:;height: 25px\" class=\"nicdark_section\"><\/div><\/div><\/div><\/div><\/div><div data-vc-full-width=\"true\" data-vc-full-width-init=\"false\" class=\"vc_row wpb_row vc_row-fluid wpb_animate_when_almost_visible wpb_fadeIn fadeIn vc_custom_1674119232362 vc_row-has-fill vc_row-o-equal-height vc_row-o-content-middle vc_row-flex\"><div class=\"wpb_column vc_column_container vc_col-sm-6 vc_hidden-lg vc_hidden-md vc_hidden-sm vc_hidden-xs vc_col-has-fill\"><div class=\"vc_column-inner vc_custom_1647951257565\"><div class=\"wpb_wrapper\"><div style=\"background-color:;height: 50px\" class=\"nicdark_section\"><\/div><div style=\"background-color:;height: 35px\" class=\"nicdark_section\"><\/div> <h3 style=\"color:#df3629;padding:px;text-align:center;font-size:20px;line-height:20px;letter-spacing: 2px;font-weight:bold\" class=\"nd_options_first_font\">KURIERVERSICHERUNG<\/h3> <div style=\"background-color:;height: 40px\" class=\"nicdark_section\"><\/div> <h5 style=\"color:#000000;padding:px;text-align:center;font-size:30px;line-height:px;letter-spacing: px;font-weight:normal\" class=\"nd_options_third_font\">Kurierversicherung<\/h5> <div style=\"background-color:;height: 40px\" class=\"nicdark_section\"><\/div>\n\t<div class=\"wpb_text_column wpb_content_element\" >\n\t\t<div class=\"wpb_wrapper\">\n\t\t\t<p style=\"text-align: center;\">M\u00f6chten Sie sowohl Ihren Fuhrpark als auch die transportierten Waren versichern?<\/p>\n<p style=\"text-align: center;\">Die Kurierkomplettversicherung macht es m\u00f6glich!<span style=\"color: #ffffff;\">!<\/span><\/p>\n\n\t\t<\/div>\n\t<\/div>\n<div style=\"background-color:;height: 60px\" class=\"nicdark_section\"><\/div>\n\t<div class=\"nd_options_section nd_options_text_align_center\">\n\t<a style=\"border: px solid;border-radius:px;letter-spacing:px;line-height:18px;font-size:18px;background-color:;padding:10px 20px;margin:5px;color:#df3629\" rel=\"noopener\" href=\"https:\/\/www.koerierverzekering.com\/nl\/\" class=\"nicdark_display_inline_block  nd_options_font_weight_normal nd_options_second_font banner_button\" target=\"_blank\">&gt; Go &amp; Deliver<\/a>\n\t<\/div>\n<div style=\"background-color:;height: 50px\" class=\"nicdark_section\"><\/div><\/div><\/div><\/div><div class=\"wpb_column vc_column_container vc_col-sm-6 vc_hidden-lg vc_hidden-md vc_hidden-sm vc_hidden-xs vc_col-has-fill\"><div class=\"vc_column-inner vc_custom_1647951250286\"><div class=\"wpb_wrapper\"><div class=\"vc_row wpb_row vc_inner vc_row-fluid\"><div class=\"wpb_column vc_column_container vc_col-sm-12\"><div class=\"vc_column-inner\"><div class=\"wpb_wrapper\"><div style=\"background-color:;height: 250px\" class=\"nicdark_section\"><\/div><\/div><\/div><\/div><\/div><\/div><\/div><\/div><\/div><div class=\"vc_row-full-width vc_clearfix\"><\/div><div data-vc-full-width=\"true\" data-vc-full-width-init=\"false\" class=\"vc_row wpb_row vc_row-fluid wpb_animate_when_almost_visible wpb_fadeIn fadeIn vc_custom_1674119238689 vc_row-has-fill vc_row-o-equal-height vc_row-o-content-middle vc_row-flex\"><div class=\"wpb_column vc_column_container vc_col-sm-6 vc_hidden-xs vc_col-has-fill\"><div class=\"vc_column-inner vc_custom_1604579740117\"><div class=\"wpb_wrapper\"><div class=\"vc_row wpb_row vc_inner vc_row-fluid\"><div class=\"wpb_column vc_column_container vc_col-sm-12 vc_hidden-xs\"><div class=\"vc_column-inner\"><div class=\"wpb_wrapper\"><div style=\"background-color:;height: 250px\" class=\"nicdark_section\"><\/div><\/div><\/div><\/div><\/div><\/div><\/div><\/div><div class=\"wpb_column vc_column_container vc_col-sm-6 vc_hidden-xs vc_col-has-fill\"><div class=\"vc_column-inner vc_custom_1604580290303\"><div class=\"wpb_wrapper\"><div style=\"background-color:;height: 50px\" class=\"nicdark_section\"><\/div><div style=\"background-color:;height: 35px\" class=\"nicdark_section\"><\/div> <h3 style=\"color:#f4ba08;padding:px;text-align:center;font-size:20px;line-height:20px;letter-spacing: 2px;font-weight:bold\" class=\"nd_options_first_font\">TIP<\/h3> <div style=\"background-color:;height: 40px\" class=\"nicdark_section\"><\/div> <h5 style=\"color:#000000;padding:px;text-align:center;font-size:30px;line-height:px;letter-spacing: px;font-weight:normal\" class=\"nd_options_third_font\">Transportversicherung<\/h5> <div style=\"background-color:;height: 40px\" class=\"nicdark_section\"><\/div>\n\t<div class=\"wpb_text_column wpb_content_element\" >\n\t\t<div class=\"wpb_wrapper\">\n\t\t\t<p style=\"text-align: center;\">Von der Versicherung Ihrer Lkw-Flotte bis zum Rechtsschutz bei Streitigkeiten? Wir k\u00fcmmern uns darum!<\/p>\n\n\t\t<\/div>\n\t<\/div>\n<div style=\"background-color:;height: 60px\" class=\"nicdark_section\"><\/div>\n\t<div class=\"nd_options_section nd_options_text_align_center\">\n\t<a style=\"border: px solid;border-radius:px;letter-spacing:px;line-height:18px;font-size:18px;background-color:;padding:10px 20px;margin:5px;color:#f4ba08\" rel=\"noopener\" href=\"https:\/\/www.transport-insurances.com\/\" class=\"nicdark_display_inline_block  nd_options_font_weight_normal nd_options_second_font banner_button\" target=\"_blank\">&gt; Transport Insurance<\/a>\n\t<\/div>\n<div style=\"background-color:;height: 50px\" class=\"nicdark_section\"><\/div><\/div><\/div><\/div><\/div><div class=\"vc_row-full-width vc_clearfix\"><\/div><div data-vc-full-width=\"true\" data-vc-full-width-init=\"false\" class=\"vc_row wpb_row vc_row-fluid wpb_animate_when_almost_visible wpb_fadeIn fadeIn vc_custom_1674119244623 vc_row-has-fill vc_row-o-equal-height vc_row-o-content-middle vc_row-flex\"><div class=\"wpb_column vc_column_container vc_col-sm-6 vc_hidden-lg vc_hidden-md vc_hidden-sm vc_hidden-xs vc_col-has-fill\"><div class=\"vc_column-inner vc_custom_1647951272188\"><div class=\"wpb_wrapper\"> <h3 style=\"color:#df3629;padding:px;text-align:center;font-size:20px;line-height:20px;letter-spacing: 2px;font-weight:bold\" class=\"nd_options_first_font\">KURIERVERSICHERUNG<\/h3> <div style=\"background-color:;height: 40px\" class=\"nicdark_section\"><\/div> <h5 style=\"color:#000000;padding:px;text-align:center;font-size:25px;line-height:px;letter-spacing: px;font-weight:normal\" class=\"nd_options_third_font\">Kurierversicherung<\/h5> <div style=\"background-color:;height: 40px\" class=\"nicdark_section\"><\/div>\n\t<div class=\"wpb_text_column wpb_content_element\" >\n\t\t<div class=\"wpb_wrapper\">\n\t\t\t<p style=\"text-align: center;\">M\u00f6chten Sie sowohl Ihren Fuhrpark als auch die transportierten Waren versichern?<\/p>\n<p style=\"text-align: center;\">Die Kurierkomplettversicherung macht es m\u00f6glich!<span style=\"color: #ffffff;\">!<\/span><\/p>\n\n\t\t<\/div>\n\t<\/div>\n<div style=\"background-color:;height: 25px\" class=\"nicdark_section\"><\/div>\n\t<div class=\"nd_options_section nd_options_text_align_center\">\n\t<a style=\"border: px solid;border-radius:px;letter-spacing:px;line-height:18px;font-size:18px;background-color:;padding:10px 20px;margin:5px;color:#df3629\" rel=\"noopener\" href=\"https:\/\/www.koerierverzekering.com\/nl\/\" class=\"nicdark_display_inline_block  nd_options_font_weight_normal nd_options_second_font banner_button\" target=\"_blank\">&gt; Go &amp; Deliver<\/a>\n\t<\/div>\n<div style=\"background-color:;height: 50px\" class=\"nicdark_section\"><\/div><\/div><\/div><\/div><div class=\"wpb_column vc_column_container vc_col-sm-6 vc_hidden-lg vc_hidden-md vc_hidden-sm vc_hidden-xs vc_col-has-fill\"><div class=\"vc_column-inner vc_custom_1647951266784\"><div class=\"wpb_wrapper\"><div class=\"vc_row wpb_row vc_inner vc_row-fluid\"><div class=\"wpb_column vc_column_container vc_col-sm-12\"><div class=\"vc_column-inner\"><div class=\"wpb_wrapper\"><div style=\"background-color:;height: 150px\" class=\"nicdark_section\"><\/div><\/div><\/div><\/div><\/div><\/div><\/div><\/div><\/div><div class=\"vc_row-full-width vc_clearfix\"><\/div><div data-vc-full-width=\"true\" data-vc-full-width-init=\"false\" class=\"vc_row wpb_row vc_row-fluid wpb_animate_when_almost_visible wpb_fadeIn fadeIn vc_custom_1674119250147 vc_row-has-fill vc_row-o-equal-height vc_row-o-content-middle vc_row-flex\"><div class=\"wpb_column vc_column_container vc_col-sm-6 vc_hidden-lg vc_hidden-md vc_hidden-sm vc_col-has-fill\"><div class=\"vc_column-inner vc_custom_1604580031765\"><div class=\"wpb_wrapper\"> <h3 style=\"color:#f4ba08;padding:px;text-align:center;font-size:20px;line-height:20px;letter-spacing: 2px;font-weight:bold\" class=\"nd_options_first_font\">TIP<\/h3> <div style=\"background-color:;height: 40px\" class=\"nicdark_section\"><\/div> <h5 style=\"color:#000000;padding:px;text-align:;font-size:25px;line-height:px;letter-spacing: px;font-weight:normal\" class=\"nd_options_third_font\">Transportversicherung<\/h5> <div style=\"background-color:;height: 40px\" class=\"nicdark_section\"><\/div>\n\t<div class=\"wpb_text_column wpb_content_element\" >\n\t\t<div class=\"wpb_wrapper\">\n\t\t\t<p style=\"text-align: center;\">Von der Versicherung Ihrer Lkw-Flotte bis zum Rechtsschutz bei Streitigkeiten? Wir k\u00fcmmern uns darum!<\/p>\n\n\t\t<\/div>\n\t<\/div>\n<div style=\"background-color:;height: 25px\" class=\"nicdark_section\"><\/div>\n\t<div class=\"nd_options_section nd_options_text_align_center\">\n\t<a style=\"border: px solid;border-radius:px;letter-spacing:px;line-height:18px;font-size:18px;background-color:;padding:10px 20px;margin:5px;color:#f4ba08\" rel=\"noopener\" href=\"https:\/\/www.transport-insurance.be\/\" class=\"nicdark_display_inline_block  nd_options_font_weight_normal nd_options_second_font banner_button\" target=\"_blank\">&gt; Transport Insurance<\/a>\n\t<\/div>\n<div style=\"background-color:;height: 50px\" class=\"nicdark_section\"><\/div><\/div><\/div><\/div><div class=\"wpb_column vc_column_container vc_col-sm-6 vc_hidden-lg vc_hidden-md vc_hidden-sm vc_col-has-fill\"><div class=\"vc_column-inner vc_custom_1604581199819\"><div class=\"wpb_wrapper\"><div class=\"vc_row wpb_row vc_inner vc_row-fluid\"><div class=\"wpb_column vc_column_container vc_col-sm-12\"><div class=\"vc_column-inner\"><div class=\"wpb_wrapper\"><div style=\"background-color:;height: 150px\" class=\"nicdark_section\"><\/div><\/div><\/div><\/div><\/div><\/div><\/div><\/div><\/div><div class=\"vc_row-full-width vc_clearfix\"><\/div><div class=\"vc_row wpb_row vc_row-fluid\"><div class=\"wpb_column vc_column_container vc_col-sm-12\"><div class=\"vc_column-inner\"><div class=\"wpb_wrapper\"><div style=\"background-color:;height: 25px\" class=\"nicdark_section\"><\/div><\/div><\/div><\/div><\/div><div data-vc-full-width=\"true\" data-vc-full-width-init=\"false\" class=\"vc_row wpb_row vc_row-fluid wpb_animate_when_almost_visible wpb_fadeIn fadeIn vc_custom_1644942651858 vc_row-has-fill\"><div class=\"wpb_column vc_column_container vc_col-sm-2 vc_hidden-xs\"><div class=\"vc_column-inner\"><div class=\"wpb_wrapper\">\n\t<div class=\"wpb_text_column wpb_content_element\" >\n\t\t<div class=\"wpb_wrapper\">\n\t\t\t<p><span style=\"color: #ffffff;\"><a style=\"color: #ffffff;\" href=\"https:\/\/www.dhondt-insurance.com\/de\/producten\/\">&lt; Produkte anzeigen<\/a><\/span><\/p>\n\n\t\t<\/div>\n\t<\/div>\n<\/div><\/div><\/div><div class=\"wpb_column vc_column_container vc_col-sm-8 vc_hidden-xs\"><div class=\"vc_column-inner\"><div class=\"wpb_wrapper\"><div style=\"background-color:;height: 50px\" class=\"nicdark_section\"><\/div><\/div><\/div><\/div><div class=\"wpb_column vc_column_container vc_col-sm-2 vc_hidden-xs\"><div class=\"vc_column-inner\"><div class=\"wpb_wrapper\">\n\t<div class=\"wpb_text_column wpb_content_element\" >\n\t\t<div class=\"wpb_wrapper\">\n\t\t\t<p><a href=\"https:\/\/www.dhondt-insurance.com\/de\/contact\/\"><span style=\"color: #ffffff;\">Kontaktieren Sie uns &gt;<\/span><\/a><\/p>\n\n\t\t<\/div>\n\t<\/div>\n<\/div><\/div><\/div><\/div><div class=\"vc_row-full-width vc_clearfix\"><\/div>\n<\/div>","protected":false},"excerpt":{"rendered":"&gt; PAKKETTEN Transporteur of koerierbedrijf? Wij maken het u gemakkelijk! We werken een compleet verzekeringspakket uit op maat van uw bedrijfsactiviteiten zodat u de chauffeurs met een gerust hart de baan op kunt sturen. Dat we de voertuigen correct verzekeren, spreekt voor zich. Maar wist u dat ook o.a. arbeidsongevallen en schade aan derden in [...]","protected":false},"author":1,"featured_media":0,"parent":0,"menu_order":0,"comment_status":"closed","ping_status":"closed","template":"","meta":{"footnotes":""},"class_list":["post-2431","page","type-page","status-publish","hentry"],"_links":{"self":[{"href":"https:\/\/www.dhondt-insurance.com\/de\/wp-json\/wp\/v2\/pages\/2431","targetHints":{"allow":["GET"]}}],"collection":[{"href":"https:\/\/www.dhondt-insurance.com\/de\/wp-json\/wp\/v2\/pages"}],"about":[{"href":"https:\/\/www.dhondt-insurance.com\/de\/wp-json\/wp\/v2\/types\/page"}],"author":[{"embeddable":true,"href":"https:\/\/www.dhondt-insurance.com\/de\/wp-json\/wp\/v2\/users\/1"}],"replies":[{"embeddable":true,"href":"https:\/\/www.dhondt-insurance.com\/de\/wp-json\/wp\/v2\/comments?post=2431"}],"version-history":[{"count":6,"href":"https:\/\/www.dhondt-insurance.com\/de\/wp-json\/wp\/v2\/pages\/2431\/revisions"}],"predecessor-version":[{"id":8051,"href":"https:\/\/www.dhondt-insurance.com\/de\/wp-json\/wp\/v2\/pages\/2431\/revisions\/8051"}],"wp:attachment":[{"href":"https:\/\/www.dhondt-insurance.com\/de\/wp-json\/wp\/v2\/media?parent=2431"}],"curies":[{"name":"wp","href":"https:\/\/api.w.org\/{rel}","templated":true}]}}